{"id":1213,"date":"2020-12-04T21:25:28","date_gmt":"2020-12-04T21:25:28","guid":{"rendered":"https:\/\/healthyskinsecrets.ch\/?page_id=1213"},"modified":"2022-12-06T14:59:43","modified_gmt":"2022-12-06T14:59:43","slug":"payment-methods-shipping","status":"publish","type":"page","link":"https:\/\/healthyskinsecrets.ch\/fr\/payment-methods-shipping\/","title":{"rendered":"Payment methods & Shipping"},"content":{"rendered":"\t\t<div data-elementor-type=\"wp-page\" data-elementor-id=\"1213\" class=\"elementor elementor-1213\">\n\t\t\t\t\t\t<section class=\"elementor-section elementor-top-section elementor-element elementor-element-1feccf9 elementor-section-boxed elementor-section-height-default elementor-section-height-default\" data-id=\"1feccf9\" data-element_type=\"section\" data-e-type=\"section\">\n\t\t\t\t\t\t<div class=\"elementor-container elementor-column-gap-default\">\n\t\t\t\t\t<div class=\"elementor-column elementor-col-100 elementor-top-column elementor-element elementor-element-3f16abd\" data-id=\"3f16abd\" data-element_type=\"column\" data-e-type=\"column\">\n\t\t\t<div class=\"elementor-widget-wrap elementor-element-populated\">\n\t\t\t\t\t\t<div class=\"elementor-element elementor-element-f8aba9b elementor-widget elementor-widget-heading\" data-id=\"f8aba9b\" data-element_type=\"widget\" data-e-type=\"widget\" data-widget_type=\"heading.default\">\n\t\t\t\t<div class=\"elementor-widget-container\">\n\t\t\t\t\t<h2 class=\"elementor-heading-title elementor-size-default\">Zahlungsmethoden, Versand und R\u00fccksendungen<\/h2>\t\t\t\t<\/div>\n\t\t\t\t<\/div>\n\t\t\t\t\t<\/div>\n\t\t<\/div>\n\t\t\t\t\t<\/div>\n\t\t<\/section>\n\t\t\t\t<section class=\"elementor-section elementor-top-section elementor-element elementor-element-82f62c8 elementor-section-boxed elementor-section-height-default elementor-section-height-default\" data-id=\"82f62c8\" data-element_type=\"section\" data-e-type=\"section\">\n\t\t\t\t\t\t<div class=\"elementor-container elementor-column-gap-default\">\n\t\t\t\t\t<div class=\"elementor-column elementor-col-100 elementor-top-column elementor-element elementor-element-6554203\" data-id=\"6554203\" data-element_type=\"column\" data-e-type=\"column\">\n\t\t\t<div class=\"elementor-widget-wrap elementor-element-populated\">\n\t\t\t\t\t\t<div class=\"elementor-element elementor-element-4239314 elementor-widget elementor-widget-text-editor\" data-id=\"4239314\" data-element_type=\"widget\" data-e-type=\"widget\" data-widget_type=\"text-editor.default\">\n\t\t\t\t<div class=\"elementor-widget-container\">\n\t\t\t\t\t\t\t\t\t<p><strong>Modes de paiement:<\/strong> Nous acceptons le virement bancaire comme mode de paiement.<\/p>\t\t\t\t\t\t\t\t<\/div>\n\t\t\t\t<\/div>\n\t\t\t\t<div class=\"elementor-element elementor-element-56af4e1 elementor-widget elementor-widget-text-editor\" data-id=\"56af4e1\" data-element_type=\"widget\" data-e-type=\"widget\" data-widget_type=\"text-editor.default\">\n\t\t\t\t<div class=\"elementor-widget-container\">\n\t\t\t\t\t\t\t\t\t<p>Nous ferons de notre mieux pour vous exp\u00e9dier la commande dans les plus brefs d\u00e9lais. Les commandes pass\u00e9es les jours ouvrables avant 20h00 seront trait\u00e9es le jour m\u00eame. Cependant, cela ne fonctionne pas toujours pour nous de maintenir cela, parfois les produits ne sont pas en stock ou le volume de commande est trop important pour le traitement, votre commande peut prendre un peu plus de temps pour \u00eatre exp\u00e9di\u00e9e.<\/p><p>Nous travaillons avec\u00a0<strong>DHL<\/strong>.<\/p><p>Pour plus d&rsquo;informations, veuillez consulter le site Web de DHL.<\/p><p><strong>Remarque\u00a0!<\/strong>\u00a0Nous ne sommes\u00a0<strong>pas<\/strong>\u00a0responsables de la livraison de votre colis ni des dommages caus\u00e9s par le coursier. Le terme d&rsquo;exp\u00e9dition est EXW, ce qui signifie qu&rsquo;une fois que les marchandises ont quitt\u00e9 notre entrep\u00f4t, ce sont vos marchandises et votre responsabilit\u00e9. Les produits seront emball\u00e9s aussi bien que possible afin qu&rsquo;ils arrivent en toute s\u00e9curit\u00e9. Organiser le ramassage vous-m\u00eame est toujours fortement recommand\u00e9.<\/p>\t\t\t\t\t\t\t\t<\/div>\n\t\t\t\t<\/div>\n\t\t\t\t<div class=\"elementor-element elementor-element-c2ca764 elementor-widget elementor-widget-text-editor\" data-id=\"c2ca764\" data-element_type=\"widget\" data-e-type=\"widget\" data-widget_type=\"text-editor.default\">\n\t\t\t\t<div class=\"elementor-widget-container\">\n\t\t\t\t\t\t\t\t\t<p>Veuillez noter que les frais d&rsquo;exp\u00e9dition sont excl. TVA et est calcul\u00e9 par 1 carton d&rsquo;un poids maximum de 30 kg et d&rsquo;une dimension maximum de 120x60x50cm \u00e0 une adresse r\u00e9guli\u00e8re. Les adresses de zones \u00e9loign\u00e9es seront factur\u00e9es en sus.<\/p>\t\t\t\t\t\t\t\t<\/div>\n\t\t\t\t<\/div>\n\t\t\t\t<div class=\"elementor-element elementor-element-2e41f2c elementor-widget elementor-widget-text-editor\" data-id=\"2e41f2c\" data-element_type=\"widget\" data-e-type=\"widget\" data-widget_type=\"text-editor.default\">\n\t\t\t\t<div class=\"elementor-widget-container\">\n\t\t\t\t\t\t\t\t\t<table width=\"768\"><tbody><tr><td width=\"193\"><p><strong>Country<\/strong><\/p><\/td><td width=\"312\"><p><strong>Home \/ office address<\/strong><\/p><\/td><td width=\"263\"><p><strong>Est. Shipping time<\/strong><\/p><\/td><\/tr><tr><td width=\"193\"><p>Austria<\/p><\/td><td width=\"312\"><p>\u20ac25,50<\/p><\/td><td width=\"263\"><p>4 &#8211; 7 days<\/p><\/td><\/tr><tr><td width=\"193\"><p>Belgium<\/p><\/td><td width=\"312\"><p>\u20ac25,50<\/p><\/td><td width=\"263\"><p>4 &#8211; 7 days<\/p><\/td><\/tr><tr><td width=\"193\"><p>Bulgaria<\/p><\/td><td width=\"312\"><p>\u20ac25,50<\/p><\/td><td width=\"263\"><p>4 &#8211; 7 days<\/p><\/td><\/tr><tr><td width=\"193\"><p>Czech Republic<\/p><\/td><td width=\"312\"><p>\u20ac25,50<\/p><\/td><td width=\"263\"><p>4 &#8211; 7 days<\/p><\/td><\/tr><tr><td width=\"193\"><p>Croatia\u00a0\u00a0\u00a0\u00a0\u00a0\u00a0\u00a0\u00a0\u00a0\u00a0\u00a0\u00a0\u00a0\u00a0\u00a0\u00a0\u00a0\u00a0\u00a0\u00a0\u00a0\u00a0\u00a0\u00a0\u00a0\u00a0\u00a0\u00a0\u00a0\u00a0\u00a0\u00a0\u00a0\u00a0\u00a0<\/p><\/td><td width=\"312\"><p>\u20ac25,50<\/p><\/td><td width=\"263\"><p>4 &#8211; 7 days<\/p><\/td><\/tr><tr><td width=\"193\"><p>Cyprus\u00a0\u00a0\u00a0\u00a0\u00a0\u00a0\u00a0\u00a0\u00a0\u00a0\u00a0\u00a0\u00a0\u00a0\u00a0\u00a0\u00a0\u00a0\u00a0\u00a0\u00a0\u00a0\u00a0\u00a0\u00a0\u00a0\u00a0\u00a0\u00a0\u00a0\u00a0\u00a0\u00a0\u00a0\u00a0<\/p><\/td><td width=\"312\"><p>\u20ac25,50<\/p><\/td><td width=\"263\"><p>4 &#8211; 7 days<\/p><\/td><\/tr><tr><td width=\"193\"><p>Estonia<\/p><\/td><td width=\"312\"><p>\u20ac25,50<\/p><\/td><td width=\"263\"><p>4 &#8211; 7 days<\/p><\/td><\/tr><tr><td width=\"193\"><p>Finland<\/p><\/td><td width=\"312\"><p>\u20ac25,50<\/p><\/td><td width=\"263\"><p>4 &#8211; 7 days<\/p><\/td><\/tr><tr><td width=\"193\"><p>France<\/p><\/td><td width=\"312\"><p>\u20ac25,50<\/p><\/td><td width=\"263\"><p>4 &#8211; 7 days<\/p><\/td><\/tr><tr><td width=\"193\"><p>Germany<\/p><\/td><td width=\"312\"><p>\u20ac25,50<\/p><\/td><td width=\"263\"><p>4 &#8211; 7 days<\/p><\/td><\/tr><tr><td width=\"193\"><p>Greece<\/p><\/td><td width=\"312\"><p>\u20ac9,90<\/p><\/td><td width=\"263\"><p>2 &#8211; 3 days<\/p><\/td><\/tr><tr><td width=\"193\"><p>Hungary<\/p><\/td><td width=\"312\"><p>\u20ac25,50<\/p><\/td><td width=\"263\"><p>4 &#8211; 7 days<\/p><\/td><\/tr><tr><td width=\"193\"><p>Ireland<\/p><\/td><td width=\"312\"><p>\u20ac25,50<\/p><\/td><td width=\"263\"><p>4 &#8211; 7 days<\/p><\/td><\/tr><tr><td width=\"193\"><p>Italy<\/p><\/td><td width=\"312\"><p>\u20ac25,50<\/p><\/td><td width=\"263\"><p>4 &#8211; 7 days<\/p><\/td><\/tr><tr><td width=\"193\"><p>Latvia<\/p><\/td><td width=\"312\"><p>\u20ac25,50<\/p><\/td><td width=\"263\"><p>4 &#8211; 7 days<\/p><\/td><\/tr><tr><td width=\"193\"><p>Lithuania<\/p><\/td><td width=\"312\"><p>\u20ac25,50<\/p><\/td><td width=\"263\"><p>4 &#8211; 7 days<\/p><\/td><\/tr><tr><td width=\"193\"><p>Luxembourg<\/p><\/td><td width=\"312\"><p>\u20ac25,50<\/p><\/td><td width=\"263\"><p>4 &#8211; 7 days<\/p><\/td><\/tr><tr><td width=\"193\"><p>Poland<\/p><\/td><td width=\"312\"><p>\u20ac25,50<\/p><\/td><td width=\"263\"><p>4 &#8211; 7 days<\/p><\/td><\/tr><tr><td width=\"193\"><p>Portugal<\/p><\/td><td width=\"312\"><p>\u20ac25,50<\/p><\/td><td width=\"263\"><p>4 &#8211; 7 days<\/p><\/td><\/tr><tr><td width=\"193\"><p>Romania<\/p><\/td><td width=\"312\"><p>\u20ac25,50<\/p><\/td><td width=\"263\"><p>4 &#8211; 7 days<\/p><\/td><\/tr><tr><td width=\"193\"><p>Slovenia<\/p><\/td><td width=\"312\"><p>\u20ac25,50<\/p><\/td><td width=\"263\"><p>4 &#8211; 7 days<\/p><\/td><\/tr><tr><td width=\"193\"><p>Slovakia<\/p><\/td><td width=\"312\"><p>\u20ac25,50<\/p><\/td><td width=\"263\"><p>4 &#8211; 7 days<\/p><\/td><\/tr><tr><td width=\"193\"><p>Spain<\/p><\/td><td width=\"312\"><p>\u20ac25,50<\/p><\/td><td width=\"263\"><p>4 &#8211; 7 days<\/p><\/td><\/tr><tr><td width=\"193\"><p>Sweden<\/p><\/td><td width=\"312\"><p>\u20ac25,50<\/p><\/td><td width=\"263\"><p>4 &#8211; 7 days<\/p><\/td><\/tr><tr><td width=\"193\"><p>The Netherlands<\/p><\/td><td width=\"312\"><p>\u20ac25,50<\/p><\/td><td width=\"263\"><p>4 &#8211; 7 days<\/p><\/td><\/tr><\/tbody><\/table>\t\t\t\t\t\t\t\t<\/div>\n\t\t\t\t<\/div>\n\t\t\t\t<div class=\"elementor-element elementor-element-1dc0a74 elementor-widget elementor-widget-text-editor\" data-id=\"1dc0a74\" data-element_type=\"widget\" data-e-type=\"widget\" data-widget_type=\"text-editor.default\">\n\t\t\t\t<div class=\"elementor-widget-container\">\n\t\t\t\t\t\t\t\t\t<h4>Processus d&rsquo;exp\u00e9dition<\/h4><p>Le processus d&rsquo;exp\u00e9dition de Healthyskinsecrets.ch se fait par les \u00e9tapes suivantes :<\/p><p>1 Votre commande est collect\u00e9e ensemble dans notre entrep\u00f4t<br \/>2 Votre commande est bien rang\u00e9e et bien emball\u00e9e<br \/>3 Votre commande sera r\u00e9cup\u00e9r\u00e9e par notre coursier<br \/>4a Votre commande sera livr\u00e9e \u00e0 l&rsquo;adresse de livraison indiqu\u00e9e<br \/>4b Votre commande sera livr\u00e9e \u00e0 votre point de service, attention ! Vous devez vous l\u00e9gitimer.<\/p><p>V\u00e9rifiez imm\u00e9diatement apr\u00e8s r\u00e9ception de la commande si elle est intacte et compl\u00e8te. Si ce n&rsquo;est pas le cas, nous vous prions de bien vouloir nous contacter au plus vite pour nous le signaler.<\/p>\t\t\t\t\t\t\t\t<\/div>\n\t\t\t\t<\/div>\n\t\t\t\t<div class=\"elementor-element elementor-element-be4f6f1 elementor-widget elementor-widget-text-editor\" data-id=\"be4f6f1\" data-element_type=\"widget\" data-e-type=\"widget\" data-widget_type=\"text-editor.default\">\n\t\t\t\t<div class=\"elementor-widget-container\">\n\t\t\t\t\t\t\t\t\t<h3>Je n&rsquo;ai pas re\u00e7u de re\u00e7u d&rsquo;exp\u00e9dition<\/h3><p>Il est possible que votre filtre anti-spam soit actif et filtre notre re\u00e7u d&rsquo;exp\u00e9dition. Nous vous recommandons de v\u00e9rifier les param\u00e8tres de votre filtre anti-spam et, si n\u00e9cessaire, de les ajuster.<\/p>\t\t\t\t\t\t\t\t<\/div>\n\t\t\t\t<\/div>\n\t\t\t\t<div class=\"elementor-element elementor-element-b056e42 elementor-widget elementor-widget-text-editor\" data-id=\"b056e42\" data-element_type=\"widget\" data-e-type=\"widget\" data-widget_type=\"text-editor.default\">\n\t\t\t\t<div class=\"elementor-widget-container\">\n\t\t\t\t\t\t\t\t\t<h4>\u00c9l\u00e9ments manquants<\/h4><p>Dans le cas o\u00f9 vous avez command\u00e9 un ou plusieurs articles, mais que vous n&rsquo;avez pas re\u00e7u ces articles, veuillez nous contacter, nous serons heureux de vous aider.<\/p>\t\t\t\t\t\t\t\t<\/div>\n\t\t\t\t<\/div>\n\t\t\t\t<div class=\"elementor-element elementor-element-cf60378 elementor-widget elementor-widget-text-editor\" data-id=\"cf60378\" data-element_type=\"widget\" data-e-type=\"widget\" data-widget_type=\"text-editor.default\">\n\t\t\t\t<div class=\"elementor-widget-container\">\n\t\t\t\t\t\t\t\t\t<h4>Mauvais article re\u00e7u<\/h4><p>Si vous avez re\u00e7u un ou plusieurs articles que vous n&rsquo;avez pas command\u00e9s, veuillez nous contacter et nous serons heureux de vous aider.<\/p>\t\t\t\t\t\t\t\t<\/div>\n\t\t\t\t<\/div>\n\t\t\t\t<div class=\"elementor-element elementor-element-1f99c2d elementor-widget elementor-widget-text-editor\" data-id=\"1f99c2d\" data-element_type=\"widget\" data-e-type=\"widget\" data-widget_type=\"text-editor.default\">\n\t\t\t\t<div class=\"elementor-widget-container\">\n\t\t\t\t\t\t\t\t\t<h4>Mauvaise adresse renseign\u00e9e<\/h4><p>Une mauvaise adresse renseign\u00e9e ? Veuillez nous contacter d\u00e8s que possible, la plupart du temps nous pouvons encore changer cela. Si le colis est d\u00e9j\u00e0 en cours avec la livraison, nous ne pouvons malheureusement plus rien faire. Merci de nous tenir inform\u00e9s, nous ferons tout notre possible pour que le colis soit livr\u00e9.<\/p><p>Si le colis nous est retourn\u00e9, il est possible de renvoyer le colis. Les frais de port pour le renvoi seront factur\u00e9s. Lors de l&rsquo;annulation d&rsquo;un envoi retourn\u00e9 en raison d&rsquo;une adresse incorrecte, nous vous rembourserons le montant hors frais d&rsquo;exp\u00e9dition.<\/p>\t\t\t\t\t\t\t\t<\/div>\n\t\t\t\t<\/div>\n\t\t\t\t<div class=\"elementor-element elementor-element-3c4fa93 elementor-widget elementor-widget-text-editor\" data-id=\"3c4fa93\" data-element_type=\"widget\" data-e-type=\"widget\" data-widget_type=\"text-editor.default\">\n\t\t\t\t<div class=\"elementor-widget-container\">\n\t\t\t\t\t\t\t\t\t<h4>Retour<\/h4><p>Vous avez le droit d&rsquo;annuler votre commande jusqu&rsquo;\u00e0 14 jours apr\u00e8s r\u00e9ception sans pr\u00e9avis, \u00e0 condition que le sceau ne soit pas bris\u00e9. Si le sceau est bris\u00e9, votre commande est d\u00e9finitive et ne peut \u00eatre retourn\u00e9e. Si vous utilisez votre droit de r\u00e9tractation, vous disposerez de 14 jours pour annuler votre produit apr\u00e8s annulation. Vous serez alors cr\u00e9dit\u00e9 du montant total de la commande, y compris les frais d&rsquo;exp\u00e9dition. <strong>Seuls les frais de retour de votre adresse \u00e0 nous sont \u00e0 votre charge.<\/strong>\u00a0Si vous utilisez votre droit de r\u00e9tractation, le produit sera retourn\u00e9 au vendeur dans son \u00e9tat et son emballage d&rsquo;origine avec tous les accessoires et &#8211; si raisonnablement possible. Pour exercer ce droit, vous pouvez nous contacter \u00e0\u00a0<a href=\"mailto:%20info@healthyskinsecrets.ch\">info@healthyskinsecrets.ch<\/a>. Nous vous rembourserons alors le montant de la commande d\u00fb dans les 14 jours suivant l&rsquo;enregistrement de votre retour, sous r\u00e9serve que le produit ait d\u00e9j\u00e0 \u00e9t\u00e9 retourn\u00e9 en bon \u00e9tat.<\/p>\t\t\t\t\t\t\t\t<\/div>\n\t\t\t\t<\/div>\n\t\t\t\t\t<\/div>\n\t\t<\/div>\n\t\t\t\t\t<\/div>\n\t\t<\/section>\n\t\t\t\t<\/div>\n\t\t","protected":false},"excerpt":{"rendered":"<p>Zahlungsmethoden, Versand und R\u00fccksendungen Zahlungsmethoden: Wir akzeptieren Bank\u00fcberweisung als Zahlungsmethode. Wir werden unser Bestes tun, um die Bestellung so schnell wie m\u00f6glich an Sie zu versenden. Bestellungen, die werktags vor 20:00 Uhr aufgegeben werden, werden noch am selben Tag bearbeitet. Es funktioniert jedoch nicht immer f\u00fcr uns, dies aufrechtzuerhalten. Manchmal sind Produkte nicht auf Lager [&hellip;]<\/p>\n","protected":false},"author":1,"featured_media":0,"parent":0,"menu_order":0,"comment_status":"closed","ping_status":"closed","template":"","meta":{"content-type":"","site-sidebar-layout":"no-sidebar","site-content-layout":"page-builder","ast-site-content-layout":"default","site-content-style":"default","site-sidebar-style":"default","ast-global-header-display":"","ast-banner-title-visibility":"","ast-main-header-display":"","ast-hfb-above-header-display":"","ast-hfb-below-header-display":"","ast-hfb-mobile-header-display":"","site-post-title":"disabled","ast-breadcrumbs-content":"","ast-featured-img":"disabled","footer-sml-layout":"","ast-disable-related-posts":"","theme-transparent-header-meta":"default","adv-header-id-meta":"","stick-header-meta":"","header-above-stick-meta":"","header-main-stick-meta":"","header-below-stick-meta":"","astra-migrate-meta-layouts":"default","ast-page-background-enabled":"default","ast-page-background-meta":{"desktop":{"background-color":"","background-image":"","background-repeat":"repeat","background-position":"center center","background-size":"auto","background-attachment":"scroll","background-type":"","background-media":"","overlay-type":"","overlay-color":"","overlay-opacity":"","overlay-gradient":""},"tablet":{"background-color":"","background-image":"","background-repeat":"repeat","background-position":"center center","background-size":"auto","background-attachment":"scroll","background-type":"","background-media":"","overlay-type":"","overlay-color":"","overlay-opacity":"","overlay-gradient":""},"mobile":{"background-color":"","background-image":"","background-repeat":"repeat","background-position":"center center","background-size":"auto","background-attachment":"scroll","background-type":"","background-media":"","overlay-type":"","overlay-color":"","overlay-opacity":"","overlay-gradient":""}},"ast-content-background-meta":{"desktop":{"background-color":"var(--ast-global-color-5)","background-image":"","background-repeat":"repeat","background-position":"center center","background-size":"auto","background-attachment":"scroll","background-type":"","background-media":"","overlay-type":"","overlay-color":"","overlay-opacity":"","overlay-gradient":""},"tablet":{"background-color":"var(--ast-global-color-5)","background-image":"","background-repeat":"repeat","background-position":"center center","background-size":"auto","background-attachment":"scroll","background-type":"","background-media":"","overlay-type":"","overlay-color":"","overlay-opacity":"","overlay-gradient":""},"mobile":{"background-color":"var(--ast-global-color-5)","background-image":"","background-repeat":"repeat","background-position":"center center","background-size":"auto","background-attachment":"scroll","background-type":"","background-media":"","overlay-type":"","overlay-color":"","overlay-opacity":"","overlay-gradient":""}},"footnotes":""},"class_list":["post-1213","page","type-page","status-publish","hentry"],"_links":{"self":[{"href":"https:\/\/healthyskinsecrets.ch\/fr\/wp-json\/wp\/v2\/pages\/1213","targetHints":{"allow":["GET"]}}],"collection":[{"href":"https:\/\/healthyskinsecrets.ch\/fr\/wp-json\/wp\/v2\/pages"}],"about":[{"href":"https:\/\/healthyskinsecrets.ch\/fr\/wp-json\/wp\/v2\/types\/page"}],"author":[{"embeddable":true,"href":"https:\/\/healthyskinsecrets.ch\/fr\/wp-json\/wp\/v2\/users\/1"}],"replies":[{"embeddable":true,"href":"https:\/\/healthyskinsecrets.ch\/fr\/wp-json\/wp\/v2\/comments?post=1213"}],"version-history":[{"count":26,"href":"https:\/\/healthyskinsecrets.ch\/fr\/wp-json\/wp\/v2\/pages\/1213\/revisions"}],"predecessor-version":[{"id":11303,"href":"https:\/\/healthyskinsecrets.ch\/fr\/wp-json\/wp\/v2\/pages\/1213\/revisions\/11303"}],"wp:attachment":[{"href":"https:\/\/healthyskinsecrets.ch\/fr\/wp-json\/wp\/v2\/media?parent=1213"}],"curies":[{"name":"wp","href":"https:\/\/api.w.org\/{rel}","templated":true}]}}