{"id":1138,"date":"2020-12-02T08:46:35","date_gmt":"2020-12-02T08:46:35","guid":{"rendered":"https:\/\/healthyskinsecrets.ch\/?page_id=1138"},"modified":"2022-07-17T18:23:37","modified_gmt":"2022-07-17T18:23:37","slug":"k-secrets","status":"publish","type":"page","link":"https:\/\/healthyskinsecrets.ch\/fr\/k-secrets\/","title":{"rendered":"K-Secrets"},"content":{"rendered":"\t\t<div data-elementor-type=\"wp-page\" data-elementor-id=\"1138\" class=\"elementor elementor-1138\">\n\t\t\t\t\t\t<section class=\"elementor-section elementor-top-section elementor-element elementor-element-a0d4324 elementor-section-boxed elementor-section-height-default elementor-section-height-default\" data-id=\"a0d4324\" data-element_type=\"section\" data-e-type=\"section\">\n\t\t\t\t\t\t<div class=\"elementor-container elementor-column-gap-default\">\n\t\t\t\t\t<div class=\"elementor-column elementor-col-100 elementor-top-column elementor-element elementor-element-b428dfa\" data-id=\"b428dfa\" data-element_type=\"column\" data-e-type=\"column\">\n\t\t\t<div class=\"elementor-widget-wrap elementor-element-populated\">\n\t\t\t\t\t\t<div class=\"elementor-element elementor-element-c6a37ba elementor-widget elementor-widget-heading\" data-id=\"c6a37ba\" data-element_type=\"widget\" data-e-type=\"widget\" data-widget_type=\"heading.default\">\n\t\t\t\t<div class=\"elementor-widget-container\">\n\t\t\t\t\t<h2 class=\"elementor-heading-title elementor-size-default\">K-Secrets<\/h2>\t\t\t\t<\/div>\n\t\t\t\t<\/div>\n\t\t\t\t<div class=\"elementor-element elementor-element-29839d7 elementor-widget elementor-widget-text-editor\" data-id=\"29839d7\" data-element_type=\"widget\" data-e-type=\"widget\" data-widget_type=\"text-editor.default\">\n\t\t\t\t<div class=\"elementor-widget-container\">\n\t\t\t\t\t\t\t\t\t<p><strong>Tr\u00e4umen Sie von einer gesunden, sauberen Haut? Wir haben die L\u00f6sung f\u00fcr Sie:<\/strong><\/p><p>Koreaner lieben bekanntlich gesunde und saubere Haut. Deshalb folgen sie einem Prozess von 10 Schritten, die in Kombination mit jahrelanger Erfahrung und technologischer Entwicklung ein modernes Ph\u00e4nomen darstellen.<\/p><p>Verwenden Sie die <strong>richtigen Produkte<\/strong> in der <strong>richtigen Reihefolge<\/strong> und unterstreichen Sie die Sch\u00f6nheit Ihrer eigenen gesunden Haut.<\/p>\t\t\t\t\t\t\t\t<\/div>\n\t\t\t\t<\/div>\n\t\t\t\t\t<\/div>\n\t\t<\/div>\n\t\t\t\t\t<\/div>\n\t\t<\/section>\n\t\t\t\t<section class=\"elementor-section elementor-top-section elementor-element elementor-element-5dd6320 elementor-section-boxed elementor-section-height-default elementor-section-height-default\" data-id=\"5dd6320\" data-element_type=\"section\" data-e-type=\"section\">\n\t\t\t\t\t\t<div class=\"elementor-container elementor-column-gap-default\">\n\t\t\t\t\t<div class=\"elementor-column elementor-col-20 elementor-top-column elementor-element elementor-element-08268f4\" data-id=\"08268f4\" data-element_type=\"column\" data-e-type=\"column\">\n\t\t\t<div class=\"elementor-widget-wrap elementor-element-populated\">\n\t\t\t\t\t\t<div class=\"elementor-element elementor-element-557e0c4 elementor-widget elementor-widget-image\" data-id=\"557e0c4\" data-element_type=\"widget\" data-e-type=\"widget\" data-widget_type=\"image.default\">\n\t\t\t\t<div class=\"elementor-widget-container\">\n\t\t\t\t\t\t\t\t\t\t\t\t\t\t\t<img fetchpriority=\"high\" decoding=\"async\" width=\"980\" height=\"350\" src=\"https:\/\/healthyskinsecrets.ch\/wp-content\/uploads\/2022\/07\/Cleanser-Wholesale.jpg\" class=\"attachment-large size-large wp-image-10668\" alt=\"\" srcset=\"https:\/\/healthyskinsecrets.ch\/wp-content\/uploads\/2022\/07\/Cleanser-Wholesale.jpg 980w, https:\/\/healthyskinsecrets.ch\/wp-content\/uploads\/2022\/07\/Cleanser-Wholesale-300x107.jpg 300w, https:\/\/healthyskinsecrets.ch\/wp-content\/uploads\/2022\/07\/Cleanser-Wholesale-768x274.jpg 768w, https:\/\/healthyskinsecrets.ch\/wp-content\/uploads\/2022\/07\/Cleanser-Wholesale-600x214.jpg 600w\" sizes=\"(max-width: 980px) 100vw, 980px\" \/>\t\t\t\t\t\t\t\t\t\t\t\t\t\t\t<\/div>\n\t\t\t\t<\/div>\n\t\t\t\t<div class=\"elementor-element elementor-element-c0a875b elementor-widget elementor-widget-heading\" data-id=\"c0a875b\" data-element_type=\"widget\" data-e-type=\"widget\" data-widget_type=\"heading.default\">\n\t\t\t\t<div class=\"elementor-widget-container\">\n\t\t\t\t\t<h5 class=\"elementor-heading-title elementor-size-default\"><a href=\"https:\/\/healthyskinsecrets.ch\/product_tag\/reinigung\/\">1. Reinigung<\/a><\/h5>\t\t\t\t<\/div>\n\t\t\t\t<\/div>\n\t\t\t\t\t<\/div>\n\t\t<\/div>\n\t\t\t\t<div class=\"elementor-column elementor-col-20 elementor-top-column elementor-element elementor-element-cb53c53\" data-id=\"cb53c53\" data-element_type=\"column\" data-e-type=\"column\">\n\t\t\t<div class=\"elementor-widget-wrap elementor-element-populated\">\n\t\t\t\t\t\t<div class=\"elementor-element elementor-element-f7e9bf7 elementor-widget elementor-widget-image\" data-id=\"f7e9bf7\" data-element_type=\"widget\" data-e-type=\"widget\" data-widget_type=\"image.default\">\n\t\t\t\t<div class=\"elementor-widget-container\">\n\t\t\t\t\t\t\t\t\t\t\t\t\t\t\t<img decoding=\"async\" width=\"1024\" height=\"569\" src=\"https:\/\/healthyskinsecrets.ch\/wp-content\/uploads\/2022\/07\/Chemical-Skin-Peel-09-1024x569.jpg\" class=\"attachment-large size-large wp-image-10670\" alt=\"\" srcset=\"https:\/\/healthyskinsecrets.ch\/wp-content\/uploads\/2022\/07\/Chemical-Skin-Peel-09-1024x569.jpg 1024w, https:\/\/healthyskinsecrets.ch\/wp-content\/uploads\/2022\/07\/Chemical-Skin-Peel-09-300x167.jpg 300w, https:\/\/healthyskinsecrets.ch\/wp-content\/uploads\/2022\/07\/Chemical-Skin-Peel-09-768x427.jpg 768w, https:\/\/healthyskinsecrets.ch\/wp-content\/uploads\/2022\/07\/Chemical-Skin-Peel-09-600x334.jpg 600w, https:\/\/healthyskinsecrets.ch\/wp-content\/uploads\/2022\/07\/Chemical-Skin-Peel-09.jpg 1200w\" sizes=\"(max-width: 1024px) 100vw, 1024px\" \/>\t\t\t\t\t\t\t\t\t\t\t\t\t\t\t<\/div>\n\t\t\t\t<\/div>\n\t\t\t\t<div class=\"elementor-element elementor-element-7e5e140 elementor-widget elementor-widget-heading\" data-id=\"7e5e140\" data-element_type=\"widget\" data-e-type=\"widget\" data-widget_type=\"heading.default\">\n\t\t\t\t<div class=\"elementor-widget-container\">\n\t\t\t\t\t<h5 class=\"elementor-heading-title elementor-size-default\"><a href=\"https:\/\/healthyskinsecrets.ch\/product_tag\/peeling\/\">2. Peeling<\/a><\/h5>\t\t\t\t<\/div>\n\t\t\t\t<\/div>\n\t\t\t\t\t<\/div>\n\t\t<\/div>\n\t\t\t\t<div class=\"elementor-column elementor-col-20 elementor-top-column elementor-element elementor-element-2fede1d\" data-id=\"2fede1d\" data-element_type=\"column\" data-e-type=\"column\">\n\t\t\t<div class=\"elementor-widget-wrap elementor-element-populated\">\n\t\t\t\t\t\t<div class=\"elementor-element elementor-element-fb97a2d elementor-widget elementor-widget-image\" data-id=\"fb97a2d\" data-element_type=\"widget\" data-e-type=\"widget\" data-widget_type=\"image.default\">\n\t\t\t\t<div class=\"elementor-widget-container\">\n\t\t\t\t\t\t\t\t\t\t\t\t\t\t\t<img decoding=\"async\" width=\"599\" height=\"278\" src=\"https:\/\/healthyskinsecrets.ch\/wp-content\/uploads\/2022\/07\/5-1.jpg\" class=\"attachment-large size-large wp-image-10673\" alt=\"\" srcset=\"https:\/\/healthyskinsecrets.ch\/wp-content\/uploads\/2022\/07\/5-1.jpg 599w, https:\/\/healthyskinsecrets.ch\/wp-content\/uploads\/2022\/07\/5-1-300x139.jpg 300w\" sizes=\"(max-width: 599px) 100vw, 599px\" \/>\t\t\t\t\t\t\t\t\t\t\t\t\t\t\t<\/div>\n\t\t\t\t<\/div>\n\t\t\t\t<div class=\"elementor-element elementor-element-626fcdb elementor-widget elementor-widget-heading\" data-id=\"626fcdb\" data-element_type=\"widget\" data-e-type=\"widget\" data-widget_type=\"heading.default\">\n\t\t\t\t<div class=\"elementor-widget-container\">\n\t\t\t\t\t<h5 class=\"elementor-heading-title elementor-size-default\"><a href=\"https:\/\/healthyskinsecrets.ch\/product_tag\/toner-mist\/\">3. Toner \/ Mist<\/a><\/h5>\t\t\t\t<\/div>\n\t\t\t\t<\/div>\n\t\t\t\t\t<\/div>\n\t\t<\/div>\n\t\t\t\t<div class=\"elementor-column elementor-col-20 elementor-top-column elementor-element elementor-element-e111de0\" data-id=\"e111de0\" data-element_type=\"column\" data-e-type=\"column\">\n\t\t\t<div class=\"elementor-widget-wrap elementor-element-populated\">\n\t\t\t\t\t\t<div class=\"elementor-element elementor-element-bcbcdbb elementor-widget elementor-widget-image\" data-id=\"bcbcdbb\" data-element_type=\"widget\" data-e-type=\"widget\" data-widget_type=\"image.default\">\n\t\t\t\t<div class=\"elementor-widget-container\">\n\t\t\t\t\t\t\t\t\t\t\t\t\t\t\t<img loading=\"lazy\" decoding=\"async\" width=\"798\" height=\"449\" src=\"https:\/\/healthyskinsecrets.ch\/wp-content\/uploads\/2022\/07\/original.jpg\" class=\"attachment-large size-large wp-image-10674\" alt=\"\" srcset=\"https:\/\/healthyskinsecrets.ch\/wp-content\/uploads\/2022\/07\/original.jpg 798w, https:\/\/healthyskinsecrets.ch\/wp-content\/uploads\/2022\/07\/original-300x169.jpg 300w, https:\/\/healthyskinsecrets.ch\/wp-content\/uploads\/2022\/07\/original-768x432.jpg 768w, https:\/\/healthyskinsecrets.ch\/wp-content\/uploads\/2022\/07\/original-600x338.jpg 600w\" sizes=\"(max-width: 798px) 100vw, 798px\" \/>\t\t\t\t\t\t\t\t\t\t\t\t\t\t\t<\/div>\n\t\t\t\t<\/div>\n\t\t\t\t<div class=\"elementor-element elementor-element-1e98840 elementor-widget elementor-widget-heading\" data-id=\"1e98840\" data-element_type=\"widget\" data-e-type=\"widget\" data-widget_type=\"heading.default\">\n\t\t\t\t<div class=\"elementor-widget-container\">\n\t\t\t\t\t<h5 class=\"elementor-heading-title elementor-size-default\"><a href=\"https:\/\/healthyskinsecrets.ch\/product_tag\/maske\/\">4. Gesichtsmaske<\/a><\/h5>\t\t\t\t<\/div>\n\t\t\t\t<\/div>\n\t\t\t\t\t<\/div>\n\t\t<\/div>\n\t\t\t\t<div class=\"elementor-column elementor-col-20 elementor-top-column elementor-element elementor-element-aa9804c\" data-id=\"aa9804c\" data-element_type=\"column\" data-e-type=\"column\">\n\t\t\t<div class=\"elementor-widget-wrap elementor-element-populated\">\n\t\t\t\t\t\t<div class=\"elementor-element elementor-element-1960600 elementor-widget elementor-widget-image\" data-id=\"1960600\" data-element_type=\"widget\" data-e-type=\"widget\" data-widget_type=\"image.default\">\n\t\t\t\t<div class=\"elementor-widget-container\">\n\t\t\t\t\t\t\t\t\t\t\t\t\t\t\t<img loading=\"lazy\" decoding=\"async\" width=\"1024\" height=\"683\" src=\"https:\/\/healthyskinsecrets.ch\/wp-content\/uploads\/2020\/12\/close-up-hands-holding-eye-patches-1024x683.jpg\" class=\"attachment-large size-large wp-image-1235\" alt=\"\" srcset=\"https:\/\/healthyskinsecrets.ch\/wp-content\/uploads\/2020\/12\/close-up-hands-holding-eye-patches-1024x683.jpg 1024w, https:\/\/healthyskinsecrets.ch\/wp-content\/uploads\/2020\/12\/close-up-hands-holding-eye-patches-scaled-600x400.jpg 600w, https:\/\/healthyskinsecrets.ch\/wp-content\/uploads\/2020\/12\/close-up-hands-holding-eye-patches-300x200.jpg 300w, https:\/\/healthyskinsecrets.ch\/wp-content\/uploads\/2020\/12\/close-up-hands-holding-eye-patches-768x512.jpg 768w, https:\/\/healthyskinsecrets.ch\/wp-content\/uploads\/2020\/12\/close-up-hands-holding-eye-patches-1536x1024.jpg 1536w\" sizes=\"(max-width: 1024px) 100vw, 1024px\" \/>\t\t\t\t\t\t\t\t\t\t\t\t\t\t\t<\/div>\n\t\t\t\t<\/div>\n\t\t\t\t<div class=\"elementor-element elementor-element-de53a9d elementor-widget elementor-widget-heading\" data-id=\"de53a9d\" data-element_type=\"widget\" data-e-type=\"widget\" data-widget_type=\"heading.default\">\n\t\t\t\t<div class=\"elementor-widget-container\">\n\t\t\t\t\t<h5 class=\"elementor-heading-title elementor-size-default\"><a href=\"https:\/\/healthyskinsecrets.ch\/product_tag\/essence-serum-oil\/\">5. Essence\/Serum\/\u00d6l<\/a><\/h5>\t\t\t\t<\/div>\n\t\t\t\t<\/div>\n\t\t\t\t\t<\/div>\n\t\t<\/div>\n\t\t\t\t\t<\/div>\n\t\t<\/section>\n\t\t\t\t<section class=\"elementor-section elementor-top-section elementor-element elementor-element-191737b elementor-section-boxed elementor-section-height-default elementor-section-height-default\" data-id=\"191737b\" data-element_type=\"section\" data-e-type=\"section\">\n\t\t\t\t\t\t<div class=\"elementor-container elementor-column-gap-default\">\n\t\t\t\t\t<div class=\"elementor-column elementor-col-20 elementor-top-column elementor-element elementor-element-d9ab361\" data-id=\"d9ab361\" data-element_type=\"column\" data-e-type=\"column\">\n\t\t\t<div class=\"elementor-widget-wrap elementor-element-populated\">\n\t\t\t\t\t\t<div class=\"elementor-element elementor-element-db0fd63 elementor-widget elementor-widget-image\" data-id=\"db0fd63\" data-element_type=\"widget\" data-e-type=\"widget\" data-widget_type=\"image.default\">\n\t\t\t\t<div class=\"elementor-widget-container\">\n\t\t\t\t\t\t\t\t\t\t\t\t\t\t\t<img loading=\"lazy\" decoding=\"async\" width=\"1024\" height=\"576\" src=\"https:\/\/healthyskinsecrets.ch\/wp-content\/uploads\/2020\/12\/green-hygiene-clean-gel-texture-copy-space-1024x576.jpg\" class=\"attachment-large size-large wp-image-1229\" alt=\"\" srcset=\"https:\/\/healthyskinsecrets.ch\/wp-content\/uploads\/2020\/12\/green-hygiene-clean-gel-texture-copy-space-1024x576.jpg 1024w, https:\/\/healthyskinsecrets.ch\/wp-content\/uploads\/2020\/12\/green-hygiene-clean-gel-texture-copy-space-scaled-600x338.jpg 600w, https:\/\/healthyskinsecrets.ch\/wp-content\/uploads\/2020\/12\/green-hygiene-clean-gel-texture-copy-space-300x169.jpg 300w, https:\/\/healthyskinsecrets.ch\/wp-content\/uploads\/2020\/12\/green-hygiene-clean-gel-texture-copy-space-768x432.jpg 768w, https:\/\/healthyskinsecrets.ch\/wp-content\/uploads\/2020\/12\/green-hygiene-clean-gel-texture-copy-space-1536x864.jpg 1536w, https:\/\/healthyskinsecrets.ch\/wp-content\/uploads\/2020\/12\/green-hygiene-clean-gel-texture-copy-space-2048x1152.jpg 2048w\" sizes=\"(max-width: 1024px) 100vw, 1024px\" \/>\t\t\t\t\t\t\t\t\t\t\t\t\t\t\t<\/div>\n\t\t\t\t<\/div>\n\t\t\t\t<div class=\"elementor-element elementor-element-b995eb7 elementor-widget elementor-widget-heading\" data-id=\"b995eb7\" data-element_type=\"widget\" data-e-type=\"widget\" data-widget_type=\"heading.default\">\n\t\t\t\t<div class=\"elementor-widget-container\">\n\t\t\t\t\t<h5 class=\"elementor-heading-title elementor-size-default\"><a href=\"https:\/\/healthyskinsecrets.ch\/product_tag\/augenpflege\/\">6. Augenpflege<\/a><\/h5>\t\t\t\t<\/div>\n\t\t\t\t<\/div>\n\t\t\t\t\t<\/div>\n\t\t<\/div>\n\t\t\t\t<div class=\"elementor-column elementor-col-20 elementor-top-column elementor-element elementor-element-699d841\" data-id=\"699d841\" data-element_type=\"column\" data-e-type=\"column\">\n\t\t\t<div class=\"elementor-widget-wrap elementor-element-populated\">\n\t\t\t\t\t\t<div class=\"elementor-element elementor-element-e9202a7 elementor-widget elementor-widget-image\" data-id=\"e9202a7\" data-element_type=\"widget\" data-e-type=\"widget\" data-widget_type=\"image.default\">\n\t\t\t\t<div class=\"elementor-widget-container\">\n\t\t\t\t\t\t\t\t\t\t\t\t\t\t\t<img loading=\"lazy\" decoding=\"async\" width=\"1024\" height=\"683\" src=\"https:\/\/healthyskinsecrets.ch\/wp-content\/uploads\/2020\/12\/closeup-of-young-woman-with-towel-on-head-and-pimples-on-face-1024x683.jpg\" class=\"attachment-large size-large wp-image-1237\" alt=\"\" srcset=\"https:\/\/healthyskinsecrets.ch\/wp-content\/uploads\/2020\/12\/closeup-of-young-woman-with-towel-on-head-and-pimples-on-face-1024x683.jpg 1024w, https:\/\/healthyskinsecrets.ch\/wp-content\/uploads\/2020\/12\/closeup-of-young-woman-with-towel-on-head-and-pimples-on-face-scaled-600x400.jpg 600w, https:\/\/healthyskinsecrets.ch\/wp-content\/uploads\/2020\/12\/closeup-of-young-woman-with-towel-on-head-and-pimples-on-face-300x200.jpg 300w, https:\/\/healthyskinsecrets.ch\/wp-content\/uploads\/2020\/12\/closeup-of-young-woman-with-towel-on-head-and-pimples-on-face-768x512.jpg 768w, https:\/\/healthyskinsecrets.ch\/wp-content\/uploads\/2020\/12\/closeup-of-young-woman-with-towel-on-head-and-pimples-on-face-1536x1024.jpg 1536w, https:\/\/healthyskinsecrets.ch\/wp-content\/uploads\/2020\/12\/closeup-of-young-woman-with-towel-on-head-and-pimples-on-face-2048x1365.jpg 2048w\" sizes=\"(max-width: 1024px) 100vw, 1024px\" \/>\t\t\t\t\t\t\t\t\t\t\t\t\t\t\t<\/div>\n\t\t\t\t<\/div>\n\t\t\t\t<div class=\"elementor-element elementor-element-a7f88e4 elementor-widget elementor-widget-heading\" data-id=\"a7f88e4\" data-element_type=\"widget\" data-e-type=\"widget\" data-widget_type=\"heading.default\">\n\t\t\t\t<div class=\"elementor-widget-container\">\n\t\t\t\t\t<h5 class=\"elementor-heading-title elementor-size-default\"><a href=\"https:\/\/healthyskinsecrets.ch\/product_tag\/spezialbehandlung\/\">7. Spezialbehandlung<\/a><\/h5>\t\t\t\t<\/div>\n\t\t\t\t<\/div>\n\t\t\t\t\t<\/div>\n\t\t<\/div>\n\t\t\t\t<div class=\"elementor-column elementor-col-20 elementor-top-column elementor-element elementor-element-9b3b81a\" data-id=\"9b3b81a\" data-element_type=\"column\" data-e-type=\"column\">\n\t\t\t<div class=\"elementor-widget-wrap elementor-element-populated\">\n\t\t\t\t\t\t<div class=\"elementor-element elementor-element-f8406b8 elementor-widget elementor-widget-image\" data-id=\"f8406b8\" data-element_type=\"widget\" data-e-type=\"widget\" data-widget_type=\"image.default\">\n\t\t\t\t<div class=\"elementor-widget-container\">\n\t\t\t\t\t\t\t\t\t\t\t\t\t\t\t<img loading=\"lazy\" decoding=\"async\" width=\"1024\" height=\"768\" src=\"https:\/\/healthyskinsecrets.ch\/wp-content\/uploads\/2020\/12\/608-1024x768.jpg\" class=\"attachment-large size-large wp-image-1238\" alt=\"\" srcset=\"https:\/\/healthyskinsecrets.ch\/wp-content\/uploads\/2020\/12\/608-1024x768.jpg 1024w, https:\/\/healthyskinsecrets.ch\/wp-content\/uploads\/2020\/12\/608-scaled-600x450.jpg 600w, https:\/\/healthyskinsecrets.ch\/wp-content\/uploads\/2020\/12\/608-300x225.jpg 300w, https:\/\/healthyskinsecrets.ch\/wp-content\/uploads\/2020\/12\/608-768x576.jpg 768w\" sizes=\"(max-width: 1024px) 100vw, 1024px\" \/>\t\t\t\t\t\t\t\t\t\t\t\t\t\t\t<\/div>\n\t\t\t\t<\/div>\n\t\t\t\t<div class=\"elementor-element elementor-element-5005c66 elementor-widget elementor-widget-heading\" data-id=\"5005c66\" data-element_type=\"widget\" data-e-type=\"widget\" data-widget_type=\"heading.default\">\n\t\t\t\t<div class=\"elementor-widget-container\">\n\t\t\t\t\t<h5 class=\"elementor-heading-title elementor-size-default\"><a href=\"https:\/\/healthyskinsecrets.ch\/product_tag\/moisturizer\/\">8. Moisturizer<\/a><\/h5>\t\t\t\t<\/div>\n\t\t\t\t<\/div>\n\t\t\t\t\t<\/div>\n\t\t<\/div>\n\t\t\t\t<div class=\"elementor-column elementor-col-20 elementor-top-column elementor-element elementor-element-f42550b\" data-id=\"f42550b\" data-element_type=\"column\" data-e-type=\"column\">\n\t\t\t<div class=\"elementor-widget-wrap elementor-element-populated\">\n\t\t\t\t\t\t<div class=\"elementor-element elementor-element-efcce69 elementor-widget elementor-widget-image\" data-id=\"efcce69\" data-element_type=\"widget\" data-e-type=\"widget\" data-widget_type=\"image.default\">\n\t\t\t\t<div class=\"elementor-widget-container\">\n\t\t\t\t\t\t\t\t\t\t\t\t\t\t\t<img loading=\"lazy\" decoding=\"async\" width=\"640\" height=\"637\" src=\"https:\/\/healthyskinsecrets.ch\/wp-content\/uploads\/2021\/03\/sleep-mask.jpg\" class=\"attachment-large size-large wp-image-3921\" alt=\"\" srcset=\"https:\/\/healthyskinsecrets.ch\/wp-content\/uploads\/2021\/03\/sleep-mask.jpg 640w, https:\/\/healthyskinsecrets.ch\/wp-content\/uploads\/2021\/03\/sleep-mask-300x300.jpg 300w, https:\/\/healthyskinsecrets.ch\/wp-content\/uploads\/2021\/03\/sleep-mask-100x100.jpg 100w, https:\/\/healthyskinsecrets.ch\/wp-content\/uploads\/2021\/03\/sleep-mask-600x597.jpg 600w, https:\/\/healthyskinsecrets.ch\/wp-content\/uploads\/2021\/03\/sleep-mask-150x150.jpg 150w\" sizes=\"(max-width: 640px) 100vw, 640px\" \/>\t\t\t\t\t\t\t\t\t\t\t\t\t\t\t<\/div>\n\t\t\t\t<\/div>\n\t\t\t\t<div class=\"elementor-element elementor-element-06d0143 elementor-widget elementor-widget-heading\" data-id=\"06d0143\" data-element_type=\"widget\" data-e-type=\"widget\" data-widget_type=\"heading.default\">\n\t\t\t\t<div class=\"elementor-widget-container\">\n\t\t\t\t\t<h5 class=\"elementor-heading-title elementor-size-default\"><a href=\"https:\/\/healthyskinsecrets.ch\/product_tag\/schlafmaske\/\">9. Schlafmaske<\/a><\/h5>\t\t\t\t<\/div>\n\t\t\t\t<\/div>\n\t\t\t\t\t<\/div>\n\t\t<\/div>\n\t\t\t\t<div class=\"elementor-column elementor-col-20 elementor-top-column elementor-element elementor-element-2f71018\" data-id=\"2f71018\" data-element_type=\"column\" data-e-type=\"column\">\n\t\t\t<div class=\"elementor-widget-wrap elementor-element-populated\">\n\t\t\t\t\t\t<div class=\"elementor-element elementor-element-0363d25 elementor-widget elementor-widget-image\" data-id=\"0363d25\" data-element_type=\"widget\" data-e-type=\"widget\" data-widget_type=\"image.default\">\n\t\t\t\t<div class=\"elementor-widget-container\">\n\t\t\t\t\t\t\t\t\t\t\t\t\t\t\t<img loading=\"lazy\" decoding=\"async\" width=\"275\" height=\"183\" src=\"https:\/\/healthyskinsecrets.ch\/wp-content\/uploads\/2021\/02\/suncreme.jpg\" class=\"attachment-large size-large wp-image-3844\" alt=\"\" \/>\t\t\t\t\t\t\t\t\t\t\t\t\t\t\t<\/div>\n\t\t\t\t<\/div>\n\t\t\t\t<div class=\"elementor-element elementor-element-b6d55f3 elementor-widget elementor-widget-heading\" data-id=\"b6d55f3\" data-element_type=\"widget\" data-e-type=\"widget\" data-widget_type=\"heading.default\">\n\t\t\t\t<div class=\"elementor-widget-container\">\n\t\t\t\t\t<h5 class=\"elementor-heading-title elementor-size-default\"><a href=\"https:\/\/healthyskinsecrets.ch\/product_tag\/sonnenschutz\/\">10. Sonnenschutz<\/a><\/h5>\t\t\t\t<\/div>\n\t\t\t\t<\/div>\n\t\t\t\t\t<\/div>\n\t\t<\/div>\n\t\t\t\t\t<\/div>\n\t\t<\/section>\n\t\t\t\t<\/div>\n\t\t","protected":false},"excerpt":{"rendered":"<p>K-Secrets Tr\u00e4umen Sie von einer gesunden, sauberen Haut? Wir haben die L\u00f6sung f\u00fcr Sie: Koreaner lieben bekanntlich gesunde und saubere Haut. Deshalb folgen sie einem Prozess von 10 Schritten, die in Kombination mit jahrelanger Erfahrung und technologischer Entwicklung ein modernes Ph\u00e4nomen darstellen. Verwenden Sie die richtigen Produkte in der richtigen Reihefolge und unterstreichen Sie die [&hellip;]<\/p>\n","protected":false},"author":1,"featured_media":0,"parent":0,"menu_order":0,"comment_status":"closed","ping_status":"closed","template":"","meta":{"content-type":"","site-sidebar-layout":"no-sidebar","site-content-layout":"page-builder","ast-site-content-layout":"default","site-content-style":"default","site-sidebar-style":"default","ast-global-header-display":"","ast-banner-title-visibility":"","ast-main-header-display":"","ast-hfb-above-header-display":"","ast-hfb-below-header-display":"","ast-hfb-mobile-header-display":"","site-post-title":"disabled","ast-breadcrumbs-content":"","ast-featured-img":"disabled","footer-sml-layout":"","ast-disable-related-posts":"","theme-transparent-header-meta":"default","adv-header-id-meta":"","stick-header-meta":"","header-above-stick-meta":"","header-main-stick-meta":"","header-below-stick-meta":"","astra-migrate-meta-layouts":"default","ast-page-background-enabled":"default","ast-page-background-meta":{"desktop":{"background-color":"","background-image":"","background-repeat":"repeat","background-position":"center center","background-size":"auto","background-attachment":"scroll","background-type":"","background-media":"","overlay-type":"","overlay-color":"","overlay-opacity":"","overlay-gradient":""},"tablet":{"background-color":"","background-image":"","background-repeat":"repeat","background-position":"center center","background-size":"auto","background-attachment":"scroll","background-type":"","background-media":"","overlay-type":"","overlay-color":"","overlay-opacity":"","overlay-gradient":""},"mobile":{"background-color":"","background-image":"","background-repeat":"repeat","background-position":"center center","background-size":"auto","background-attachment":"scroll","background-type":"","background-media":"","overlay-type":"","overlay-color":"","overlay-opacity":"","overlay-gradient":""}},"ast-content-background-meta":{"desktop":{"background-color":"var(--ast-global-color-5)","background-image":"","background-repeat":"repeat","background-position":"center center","background-size":"auto","background-attachment":"scroll","background-type":"","background-media":"","overlay-type":"","overlay-color":"","overlay-opacity":"","overlay-gradient":""},"tablet":{"background-color":"var(--ast-global-color-5)","background-image":"","background-repeat":"repeat","background-position":"center center","background-size":"auto","background-attachment":"scroll","background-type":"","background-media":"","overlay-type":"","overlay-color":"","overlay-opacity":"","overlay-gradient":""},"mobile":{"background-color":"var(--ast-global-color-5)","background-image":"","background-repeat":"repeat","background-position":"center center","background-size":"auto","background-attachment":"scroll","background-type":"","background-media":"","overlay-type":"","overlay-color":"","overlay-opacity":"","overlay-gradient":""}},"footnotes":""},"class_list":["post-1138","page","type-page","status-publish","hentry"],"_links":{"self":[{"href":"https:\/\/healthyskinsecrets.ch\/fr\/wp-json\/wp\/v2\/pages\/1138","targetHints":{"allow":["GET"]}}],"collection":[{"href":"https:\/\/healthyskinsecrets.ch\/fr\/wp-json\/wp\/v2\/pages"}],"about":[{"href":"https:\/\/healthyskinsecrets.ch\/fr\/wp-json\/wp\/v2\/types\/page"}],"author":[{"embeddable":true,"href":"https:\/\/healthyskinsecrets.ch\/fr\/wp-json\/wp\/v2\/users\/1"}],"replies":[{"embeddable":true,"href":"https:\/\/healthyskinsecrets.ch\/fr\/wp-json\/wp\/v2\/comments?post=1138"}],"version-history":[{"count":182,"href":"https:\/\/healthyskinsecrets.ch\/fr\/wp-json\/wp\/v2\/pages\/1138\/revisions"}],"predecessor-version":[{"id":10707,"href":"https:\/\/healthyskinsecrets.ch\/fr\/wp-json\/wp\/v2\/pages\/1138\/revisions\/10707"}],"wp:attachment":[{"href":"https:\/\/healthyskinsecrets.ch\/fr\/wp-json\/wp\/v2\/media?parent=1138"}],"curies":[{"name":"wp","href":"https:\/\/api.w.org\/{rel}","templated":true}]}}