{"id":9008,"date":"2022-03-28T10:42:14","date_gmt":"2022-03-28T10:42:14","guid":{"rendered":"https:\/\/healthyskinsecrets.ch\/product\/import-placeholder-for-10425\/"},"modified":"2023-07-26T09:08:44","modified_gmt":"2023-07-26T09:08:44","slug":"muldream-vegan-green-mild-tee-tree-pore-mask-10ea","status":"publish","type":"product","link":"https:\/\/healthyskinsecrets.ch\/en\/product\/muldream-vegan-green-mild-tee-tree-pore-mask-10ea\/","title":{"rendered":"Muldream Vegan Green Mild Tee Tree Pore Mask 10ea"},"content":{"rendered":"<h3>Anwendung<\/h3>\n<ol>\n<li>Bewahren Sie Ihre Tuchmasken vor der Verwendung 10 Minuten lang im K\u00fchlschrank kalt auf.<\/li>\n<li>F\u00fcr 15 bis 20 Minuten einwirken lassen, dann vorsichtig entfernen. Nicht abwaschen!<\/li>\n<li>Das zur\u00fcckgebliebene Serum in die Haut tupfen bis es v\u00f6llig eingezogen ist.<\/li>\n<li>Restliche Essenz auf dem ganzen K\u00f6rper verteilen und einmassieren.<\/li>\n<\/ol>\n<p><strong>Tipp:<\/strong> Verwenden Sie unsere AHA PHA-Ampulle oder CICA-Ampulle, bevor Sie die Maskenpackung auftragen<\/p>\n<h3>Inhaltsstoffe<\/h3>\n<p>&#8211;<\/p>\n<h3>Warnhinweise<\/h3>\n<ol>\n<li>Nur zur \u00e4u\u00dferlichen Anwendung geeignet.<\/li>\n<li>Nicht auf verletzte Haut oder auf Wunden auftragen.<\/li>\n<li>Sollten Nebenwirkungen wie Irritationen oder Ausschlag eintreten, Anwendung sofort beenden und unverz\u00fcglich an einen Arzt wenden.<\/li>\n<li>Kontakt mit den Augen vermeiden. Sollte das Produkt ins Auge gelangen, das Auge sofort gr\u00fcndlich mit klarem Wasser aussp\u00fclen.<\/li>\n<li>Au\u00dfer Reichweite von Kindern aufbewahren.<\/li>\n<li>Nicht schlucken. Bei Verschlucken Arzt oder Giftzentrale aufsuchen.<\/li>\n<\/ol>\n","protected":false},"excerpt":{"rendered":"<p>Perfekt f\u00fcr Menschen mit den folgenden Sorgen:<\/p>\n<ul>\n<li>gro\u00dfe oder offensichtliche Poren auf der Haut<\/li>\n<li>verstopfte Poren und Mitesserhaut<\/li>\n<li>Akne\/fettige\/Mischhaut<\/li>\n<\/ul>\n<p><strong>Hauptmerkmale<\/strong><\/p>\n<ul>\n<li>SOS PORE SOLUTION-Essenzmaske f\u00fcr vergr\u00f6\u00dferte Poren: Melaleuca Alternifolia (Teebaum)-Blatt\u00f6l, Houttuynia-Cordata-Extrakt, Centella-Asiatica-Extrakt enthalten<\/li>\n<li>K\u00fchlender\/beruhigender\/feuchtigkeitsspendender Effekt Maskenblatt<\/li>\n<li>Nat\u00fcrliches Premium-Nude-Blatt liefert am besten Essenz-N\u00e4hrstoffe an die Haut, erm\u00f6glichen eine schnelle Aufnahme der Essenz und minimieren Hautreizungen.<\/li>\n<li>Hochkondensierte geleeartige Essenz &#8211; K\u00fchles Erfrischungsgef\u00fchl und tiefe Feuchtigkeit<\/li>\n<li><strong>CRUELTY FREE, VEGAN, CLEAN COSMETICS<\/strong> &#8211; Parabenfrei, \u00f6lfrei, silikonfrei, ohne Farbstoffe, ohne Alkohol, ohne PEG, pflanzliche vegane Formulierung<\/li>\n<\/ul>\n","protected":false},"featured_media":9048,"comment_status":"open","ping_status":"closed","template":"","meta":{"content-type":"","site-sidebar-layout":"default","site-content-layout":"default","ast-site-content-layout":"default","site-content-style":"default","site-sidebar-style":"default","ast-global-header-display":"","ast-banner-title-visibility":"","ast-main-header-display":"","ast-hfb-above-header-display":"","ast-hfb-below-header-display":"","ast-hfb-mobile-header-display":"","site-post-title":"","ast-breadcrumbs-content":"","ast-featured-img":"","footer-sml-layout":"","ast-disable-related-posts":"","theme-transparent-header-meta":"default","adv-header-id-meta":"","stick-header-meta":"","header-above-stick-meta":"","header-main-stick-meta":"","header-below-stick-meta":"","astra-migrate-meta-layouts":"default","ast-page-background-enabled":"default","ast-page-background-meta":{"desktop":{"background-color":"","background-image":"","background-repeat":"repeat","background-position":"center center","background-size":"auto","background-attachment":"scroll","background-type":"","background-media":"","overlay-type":"","overlay-color":"","overlay-opacity":"","overlay-gradient":""},"tablet":{"background-color":"","background-image":"","background-repeat":"repeat","background-position":"center center","background-size":"auto","background-attachment":"scroll","background-type":"","background-media":"","overlay-type":"","overlay-color":"","overlay-opacity":"","overlay-gradient":""},"mobile":{"background-color":"","background-image":"","background-repeat":"repeat","background-position":"center center","background-size":"auto","background-attachment":"scroll","background-type":"","background-media":"","overlay-type":"","overlay-color":"","overlay-opacity":"","overlay-gradient":""}},"ast-content-background-meta":{"desktop":{"background-color":"var(--ast-global-color-5)","background-image":"","background-repeat":"repeat","background-position":"center center","background-size":"auto","background-attachment":"scroll","background-type":"","background-media":"","overlay-type":"","overlay-color":"","overlay-opacity":"","overlay-gradient":""},"tablet":{"background-color":"var(--ast-global-color-5)","background-image":"","background-repeat":"repeat","background-position":"center center","background-size":"auto","background-attachment":"scroll","background-type":"","background-media":"","overlay-type":"","overlay-color":"","overlay-opacity":"","overlay-gradient":""},"mobile":{"background-color":"var(--ast-global-color-5)","background-image":"","background-repeat":"repeat","background-position":"center center","background-size":"auto","background-attachment":"scroll","background-type":"","background-media":"","overlay-type":"","overlay-color":"","overlay-opacity":"","overlay-gradient":""}}},"product_brand":[],"product_cat":[504,424,294],"product_tag":[432],"class_list":{"0":"post-9008","1":"product","2":"type-product","3":"status-publish","4":"has-post-thumbnail","6":"product_cat-cpnp","7":"product_cat-facial-care","8":"product_cat-muldream","9":"product_tag-mask","10":"pa_beduerfnisse-acne","11":"pa_beduerfnisse-blackheads","12":"pa_beduerfnisse-pores","13":"pa_beduerfnisse-redness","14":"pa_hauttyp-all","15":"pa_hauttyp-oily","16":"pa_hauttyp-combination","17":"pa_hauttyp-normal","18":"desktop-align-left","19":"tablet-align-left","20":"mobile-align-left","22":"first","23":"instock","24":"taxable","25":"shipping-taxable","26":"purchasable","27":"product-type-variable"},"_links":{"self":[{"href":"https:\/\/healthyskinsecrets.ch\/en\/wp-json\/wp\/v2\/product\/9008","targetHints":{"allow":["GET"]}}],"collection":[{"href":"https:\/\/healthyskinsecrets.ch\/en\/wp-json\/wp\/v2\/product"}],"about":[{"href":"https:\/\/healthyskinsecrets.ch\/en\/wp-json\/wp\/v2\/types\/product"}],"replies":[{"embeddable":true,"href":"https:\/\/healthyskinsecrets.ch\/en\/wp-json\/wp\/v2\/comments?post=9008"}],"wp:featuredmedia":[{"embeddable":true,"href":"https:\/\/healthyskinsecrets.ch\/en\/wp-json\/wp\/v2\/media\/9048"}],"wp:attachment":[{"href":"https:\/\/healthyskinsecrets.ch\/en\/wp-json\/wp\/v2\/media?parent=9008"}],"wp:term":[{"taxonomy":"product_brand","embeddable":true,"href":"https:\/\/healthyskinsecrets.ch\/en\/wp-json\/wp\/v2\/product_brand?post=9008"},{"taxonomy":"product_cat","embeddable":true,"href":"https:\/\/healthyskinsecrets.ch\/en\/wp-json\/wp\/v2\/product_cat?post=9008"},{"taxonomy":"product_tag","embeddable":true,"href":"https:\/\/healthyskinsecrets.ch\/en\/wp-json\/wp\/v2\/product_tag?post=9008"}],"curies":[{"name":"wp","href":"https:\/\/api.w.org\/{rel}","templated":true}]}}