{"id":12167,"date":"2023-02-26T13:15:09","date_gmt":"2023-02-26T13:15:09","guid":{"rendered":"https:\/\/healthyskinsecrets.ch\/product\/jkosmec-royal-jelly-ultimate-hydrating-mask-pack\/"},"modified":"2025-04-09T12:56:52","modified_gmt":"2025-04-09T12:56:52","slug":"jkosmec-royal-jelly-ultimate-hydrating-mask-pack","status":"publish","type":"product","link":"https:\/\/healthyskinsecrets.ch\/en\/product\/jkosmec-royal-jelly-ultimate-hydrating-mask-pack\/","title":{"rendered":"JKosmec Royal Jelly Ultimate Hydrating Mask Pack"},"content":{"rendered":"<h3>Anwendung<\/h3>\n<ol>\n<li>Verwenden Sie nach der Reinigung einen Toner, um die Hautstruktur zu pflegen.<\/li>\n<li>Entfalten Sie die Maske und legen Sie sie auf Ihr Gesicht, wobei Sie die Augen- und Lippenpartie aussparen.<\/li>\n<li>Nehmen Sie die Maske nach 15-20 Minuten ab und tupfen Sie sie sanft auf die Haut, um die Essenzen vollst\u00e4ndig aufzunehmen.<\/li>\n<\/ol>\n<h3>Hauptinhaltsstoffe<\/h3>\n<p>Water, Propylene Glycol, Glycerin, Polysorbate 80, Royal Jelly Extract, Butylene Glycol, Lactobacillus\/Soybean Ferment Extract, Portulaca Oleracea Extract, Scutellaria Baicalensis Root Extract, Diospyros Kaki Leaf Extract, Ulmus Campestris (Elm) Bark Extract, Plantago Asiatica Extract, Laminaria Digitata Extract, Salix Alba (Willow) Bark Extract, Dipropylene Glycol, Sodium Hyaluronate, Hydroxyethylcellulose, Carbomer, Triethanolamine, Chlorphenesin, Phenoxyethanol, Disodium EDTA, Fragrance<\/p>\n<p>*Eine Ver\u00e4nderung der Inhaltsstoffe unterliegt dem Ermessen des Herstellers. Willst du vor dem Kauf ganz sicher gehen? Dann kontaktiere uns f\u00fcr ein Foto der aktuellen Produktverpackung.<\/p>\n<h3>Warnhinweise<\/h3>\n<ol>\n<li>Nur zur \u00e4u\u00dferlichen Anwendung geeignet.<\/li>\n<li>Nicht auf verletzte Haut oder auf Wunden auftragen.<\/li>\n<li>Sollten Nebenwirkungen wie Irritationen oder Ausschlag eintreten, Anwendung sofort beenden und unverz\u00fcglich an einen Arzt wenden.<\/li>\n<li>Kontakt mit den Augen vermeiden. Sollte das Produkt ins Auge gelangen, das Auge sofort gr\u00fcndlich mit klarem Wasser aussp\u00fclen.<\/li>\n<li>Au\u00dfer Reichweite von Kindern aufbewahren.<\/li>\n<li>Nicht schlucken. Bei Verschlucken Arzt oder Giftzentrale aufsuchen.<\/li>\n<\/ol>\n","protected":false},"excerpt":{"rendered":"<p>JKOSMEC ROYAL JELLY ULTIMATE HYDRATING ESSENCE MASK spendet effektiv Feuchtigkeit, hilft, die Elastizit\u00e4t zu erh\u00f6hen, macht Ihre Haut gesund und strahlend. Nat\u00fcrliche Bienenprodukte sind reich an Mineralien, Vitaminen und Aminos\u00e4uren, die Feuchtigkeit spenden, die Elastizit\u00e4t Ihrer Haut erh\u00f6hen und sie vor sch\u00e4dlichen Umwelteinfl\u00fcssen sch\u00fctzen. Gel\u00e9e Royale-Extrakt ist reich an Mineralien und proteinreichen Bestandteilen und hat daher hervorragende pflegende und antibakterielle Eigenschaften.<\/p>\n<p><strong>Wirkstoffe: Gel\u00e9e Royale<\/strong><\/p>\n<ul>\n<li>Reiche N\u00e4hrstoffquelle<\/li>\n<li>Antibakterielle Wirkung<\/li>\n<li>Feuchtigkeitsspendend<\/li>\n<\/ul>\n<p><strong>Hauptfunktion: <\/strong>Ern\u00e4hrung<\/p>\n","protected":false},"featured_media":12190,"comment_status":"open","ping_status":"closed","template":"","meta":{"content-type":"","site-sidebar-layout":"default","site-content-layout":"default","ast-site-content-layout":"default","site-content-style":"default","site-sidebar-style":"default","ast-global-header-display":"","ast-banner-title-visibility":"","ast-main-header-display":"","ast-hfb-above-header-display":"","ast-hfb-below-header-display":"","ast-hfb-mobile-header-display":"","site-post-title":"","ast-breadcrumbs-content":"","ast-featured-img":"","footer-sml-layout":"","ast-disable-related-posts":"","theme-transparent-header-meta":"default","adv-header-id-meta":"","stick-header-meta":"","header-above-stick-meta":"","header-main-stick-meta":"","header-below-stick-meta":"","astra-migrate-meta-layouts":"set","ast-page-background-enabled":"default","ast-page-background-meta":{"desktop":{"background-color":"","background-image":"","background-repeat":"repeat","background-position":"center center","background-size":"auto","background-attachment":"scroll","background-type":"","background-media":"","overlay-type":"","overlay-color":"","overlay-opacity":"","overlay-gradient":""},"tablet":{"background-color":"","background-image":"","background-repeat":"repeat","background-position":"center center","background-size":"auto","background-attachment":"scroll","background-type":"","background-media":"","overlay-type":"","overlay-color":"","overlay-opacity":"","overlay-gradient":""},"mobile":{"background-color":"","background-image":"","background-repeat":"repeat","background-position":"center center","background-size":"auto","background-attachment":"scroll","background-type":"","background-media":"","overlay-type":"","overlay-color":"","overlay-opacity":"","overlay-gradient":""}},"ast-content-background-meta":{"desktop":{"background-color":"var(--ast-global-color-5)","background-image":"","background-repeat":"repeat","background-position":"center center","background-size":"auto","background-attachment":"scroll","background-type":"","background-media":"","overlay-type":"","overlay-color":"","overlay-opacity":"","overlay-gradient":""},"tablet":{"background-color":"var(--ast-global-color-5)","background-image":"","background-repeat":"repeat","background-position":"center center","background-size":"auto","background-attachment":"scroll","background-type":"","background-media":"","overlay-type":"","overlay-color":"","overlay-opacity":"","overlay-gradient":""},"mobile":{"background-color":"var(--ast-global-color-5)","background-image":"","background-repeat":"repeat","background-position":"center center","background-size":"auto","background-attachment":"scroll","background-type":"","background-media":"","overlay-type":"","overlay-color":"","overlay-opacity":"","overlay-gradient":""}}},"product_brand":[],"product_cat":[524,503],"product_tag":[432],"class_list":{"0":"post-12167","1":"product","2":"type-product","3":"status-publish","4":"has-post-thumbnail","6":"product_cat-4-beautymasken","7":"product_cat-jkosmec","8":"product_tag-mask","9":"pa_beduerfnisse-tired-skin","10":"pa_beduerfnisse-dehydrated","11":"pa_hauttyp-all","12":"pa_hauttyp-oily","13":"pa_hauttyp-combination","14":"pa_hauttyp-normal","15":"pa_hauttyp-dry","16":"desktop-align-left","17":"tablet-align-left","18":"mobile-align-left","20":"first","21":"instock","22":"taxable","23":"shipping-taxable","24":"product-type-variable"},"_links":{"self":[{"href":"https:\/\/healthyskinsecrets.ch\/en\/wp-json\/wp\/v2\/product\/12167","targetHints":{"allow":["GET"]}}],"collection":[{"href":"https:\/\/healthyskinsecrets.ch\/en\/wp-json\/wp\/v2\/product"}],"about":[{"href":"https:\/\/healthyskinsecrets.ch\/en\/wp-json\/wp\/v2\/types\/product"}],"replies":[{"embeddable":true,"href":"https:\/\/healthyskinsecrets.ch\/en\/wp-json\/wp\/v2\/comments?post=12167"}],"wp:featuredmedia":[{"embeddable":true,"href":"https:\/\/healthyskinsecrets.ch\/en\/wp-json\/wp\/v2\/media\/12190"}],"wp:attachment":[{"href":"https:\/\/healthyskinsecrets.ch\/en\/wp-json\/wp\/v2\/media?parent=12167"}],"wp:term":[{"taxonomy":"product_brand","embeddable":true,"href":"https:\/\/healthyskinsecrets.ch\/en\/wp-json\/wp\/v2\/product_brand?post=12167"},{"taxonomy":"product_cat","embeddable":true,"href":"https:\/\/healthyskinsecrets.ch\/en\/wp-json\/wp\/v2\/product_cat?post=12167"},{"taxonomy":"product_tag","embeddable":true,"href":"https:\/\/healthyskinsecrets.ch\/en\/wp-json\/wp\/v2\/product_tag?post=12167"}],"curies":[{"name":"wp","href":"https:\/\/api.w.org\/{rel}","templated":true}]}}