{"id":12161,"date":"2023-02-26T13:15:06","date_gmt":"2023-02-26T13:15:06","guid":{"rendered":"https:\/\/healthyskinsecrets.ch\/product\/jkosmec-aloe-ultimate-hydrating-mask-pack\/"},"modified":"2025-04-09T12:53:34","modified_gmt":"2025-04-09T12:53:34","slug":"jkosmec-aloe-ultimate-hydrating-mask-pack","status":"publish","type":"product","link":"https:\/\/healthyskinsecrets.ch\/en\/product\/jkosmec-aloe-ultimate-hydrating-mask-pack\/","title":{"rendered":"JKosmec Aloe Ultimate Hydrating Mask Pack"},"content":{"rendered":"<h3>Anwendung<\/h3>\n<ol>\n<li>Verwenden Sie nach der Reinigung einen Toner, um die Hautstruktur zu pflegen.<\/li>\n<li>Entfalten Sie die Maske und legen Sie sie auf Ihr Gesicht, wobei Sie die Augen- und Lippenpartie aussparen.<\/li>\n<li>Nehmen Sie die Maske nach 15-20 Minuten ab und tupfen Sie sie sanft auf die Haut, um die Essenzen vollst\u00e4ndig aufzunehmen.<\/li>\n<\/ol>\n<h3>Hauptinhaltsstoffe<\/h3>\n<p>Water, Propylene Glycol, Glycerin, Polysorbate 80, Aloe Barbadensis Leaf Juice (250ppm), Butylene Glycol, Lactobacillus\/Soybean Ferment Extract, Portulaca Oleracea Extract, Scutellaria Baicalensis Root Extract, Diospyros Kaki Leaf Extract, Ulmus Campestris (Elm) Bark Extract, Plantago Asiatica Extract, Laminaria Digitata Extract, Salix Alba (Willow) Bark Extract, Dipropylene Glycol, Sodium Hyaluronate, Hydroxyethylcellulose, Carbomer, Triethanolamine, Chlorphenesin, Phenoxyethanol, Disodium EDTA, Fragrance<\/p>\n<p>*Eine Ver\u00e4nderung der Inhaltsstoffe unterliegt dem Ermessen des Herstellers. Willst du vor dem Kauf ganz sicher gehen? Dann kontaktiere uns f\u00fcr ein Foto der aktuellen Produktverpackung.<\/p>\n<h3>Warnhinweise<\/h3>\n<ol>\n<li>Nur zur \u00e4u\u00dferlichen Anwendung geeignet.<\/li>\n<li>Nicht auf verletzte Haut oder auf Wunden auftragen.<\/li>\n<li>Sollten Nebenwirkungen wie Irritationen oder Ausschlag eintreten, Anwendung sofort beenden und unverz\u00fcglich an einen Arzt wenden.<\/li>\n<li>Kontakt mit den Augen vermeiden. Sollte das Produkt ins Auge gelangen, das Auge sofort gr\u00fcndlich mit klarem Wasser aussp\u00fclen.<\/li>\n<li>Au\u00dfer Reichweite von Kindern aufbewahren.<\/li>\n<li>Nicht schlucken. Bei Verschlucken Arzt oder Giftzentrale aufsuchen.<\/li>\n<\/ol>\n","protected":false},"excerpt":{"rendered":"<p>JKOSMEC ALOE ULTIMATE HYDRATING ESSENCE MASK bildet die sch\u00fctzende Feuchtigkeitsbarriere f\u00fcr alle Hauttypen durch Aloe-Extrakt ist ein universeller feuchtigkeitsspendender Inhaltsstoff, der aufgrund seiner milden Wirkung f\u00fcr alle Hauttypen geeignet ist. Aloe Vera-Extrakt ist ber\u00fchmt f\u00fcr seine hervorragenden entz\u00fcndungshemmenden und beruhigenden Eigenschaften, die bei der Bew\u00e4ltigung verschiedener Hautprobleme helfen. Aloe ist eine einzigartige Feuchtigkeitsquelle f\u00fcr Ihre Haut, sie hilft, eine Schutzbarriere zu bilden, um die Feuchtigkeit im Inneren zu halten.<\/p>\n<p><strong>Wirkstoffe: Aloe<\/strong><\/p>\n<ul>\n<li>F\u00dcR ALLE HAUTTYPEN: Aloe ist ein universeller feuchtigkeitsspendender Inhaltsstoff, der aufgrund seiner milden Wirkung f\u00fcr alle Hauttypen geeignet ist.<\/li>\n<li>BERUHIGENDE WIRKUNG: Aloe-Vera-Extrakt ist ber\u00fchmt f\u00fcr seine hervorragenden entz\u00fcndungshemmenden und beruhigenden Eigenschaften, die helfen, kari\u00f6se Hautprobleme zu bew\u00e4ltigen.<\/li>\n<li>SCH\u00dcTZENDE FEUCHTIGKEITSBARRIERE: Aloe ist eine einzigartige Feuchtigkeitsquelle f\u00fcr Ihre Haut, sie hilft, eine Schutzbarriere zu bilden, um Feuchtigkeit im Inneren zu halten.<\/li>\n<\/ul>\n<p><strong>Hauptfunktion:<\/strong> Feuchtigkeitsspendend, regenerierend, beruhigend<\/p>\n","protected":false},"featured_media":12199,"comment_status":"open","ping_status":"closed","template":"","meta":{"content-type":"","site-sidebar-layout":"default","site-content-layout":"default","ast-site-content-layout":"default","site-content-style":"default","site-sidebar-style":"default","ast-global-header-display":"","ast-banner-title-visibility":"","ast-main-header-display":"","ast-hfb-above-header-display":"","ast-hfb-below-header-display":"","ast-hfb-mobile-header-display":"","site-post-title":"","ast-breadcrumbs-content":"","ast-featured-img":"","footer-sml-layout":"","ast-disable-related-posts":"","theme-transparent-header-meta":"default","adv-header-id-meta":"","stick-header-meta":"","header-above-stick-meta":"","header-main-stick-meta":"","header-below-stick-meta":"","astra-migrate-meta-layouts":"set","ast-page-background-enabled":"default","ast-page-background-meta":{"desktop":{"background-color":"","background-image":"","background-repeat":"repeat","background-position":"center center","background-size":"auto","background-attachment":"scroll","background-type":"","background-media":"","overlay-type":"","overlay-color":"","overlay-opacity":"","overlay-gradient":""},"tablet":{"background-color":"","background-image":"","background-repeat":"repeat","background-position":"center center","background-size":"auto","background-attachment":"scroll","background-type":"","background-media":"","overlay-type":"","overlay-color":"","overlay-opacity":"","overlay-gradient":""},"mobile":{"background-color":"","background-image":"","background-repeat":"repeat","background-position":"center center","background-size":"auto","background-attachment":"scroll","background-type":"","background-media":"","overlay-type":"","overlay-color":"","overlay-opacity":"","overlay-gradient":""}},"ast-content-background-meta":{"desktop":{"background-color":"var(--ast-global-color-5)","background-image":"","background-repeat":"repeat","background-position":"center center","background-size":"auto","background-attachment":"scroll","background-type":"","background-media":"","overlay-type":"","overlay-color":"","overlay-opacity":"","overlay-gradient":""},"tablet":{"background-color":"var(--ast-global-color-5)","background-image":"","background-repeat":"repeat","background-position":"center center","background-size":"auto","background-attachment":"scroll","background-type":"","background-media":"","overlay-type":"","overlay-color":"","overlay-opacity":"","overlay-gradient":""},"mobile":{"background-color":"var(--ast-global-color-5)","background-image":"","background-repeat":"repeat","background-position":"center center","background-size":"auto","background-attachment":"scroll","background-type":"","background-media":"","overlay-type":"","overlay-color":"","overlay-opacity":"","overlay-gradient":""}}},"product_brand":[],"product_cat":[524,503],"product_tag":[432],"class_list":{"0":"post-12161","1":"product","2":"type-product","3":"status-publish","4":"has-post-thumbnail","6":"product_cat-4-beautymasken","7":"product_cat-jkosmec","8":"product_tag-mask","9":"pa_beduerfnisse-tired-skin","10":"pa_beduerfnisse-dehydrated","11":"pa_hauttyp-all","12":"pa_hauttyp-oily","13":"pa_hauttyp-combination","14":"pa_hauttyp-normal","15":"pa_hauttyp-dry","16":"desktop-align-left","17":"tablet-align-left","18":"mobile-align-left","20":"first","21":"instock","22":"taxable","23":"shipping-taxable","24":"product-type-variable"},"_links":{"self":[{"href":"https:\/\/healthyskinsecrets.ch\/en\/wp-json\/wp\/v2\/product\/12161","targetHints":{"allow":["GET"]}}],"collection":[{"href":"https:\/\/healthyskinsecrets.ch\/en\/wp-json\/wp\/v2\/product"}],"about":[{"href":"https:\/\/healthyskinsecrets.ch\/en\/wp-json\/wp\/v2\/types\/product"}],"replies":[{"embeddable":true,"href":"https:\/\/healthyskinsecrets.ch\/en\/wp-json\/wp\/v2\/comments?post=12161"}],"wp:featuredmedia":[{"embeddable":true,"href":"https:\/\/healthyskinsecrets.ch\/en\/wp-json\/wp\/v2\/media\/12199"}],"wp:attachment":[{"href":"https:\/\/healthyskinsecrets.ch\/en\/wp-json\/wp\/v2\/media?parent=12161"}],"wp:term":[{"taxonomy":"product_brand","embeddable":true,"href":"https:\/\/healthyskinsecrets.ch\/en\/wp-json\/wp\/v2\/product_brand?post=12161"},{"taxonomy":"product_cat","embeddable":true,"href":"https:\/\/healthyskinsecrets.ch\/en\/wp-json\/wp\/v2\/product_cat?post=12161"},{"taxonomy":"product_tag","embeddable":true,"href":"https:\/\/healthyskinsecrets.ch\/en\/wp-json\/wp\/v2\/product_tag?post=12161"}],"curies":[{"name":"wp","href":"https:\/\/api.w.org\/{rel}","templated":true}]}}