{"id":12114,"date":"2023-02-26T13:14:54","date_gmt":"2023-02-26T13:14:54","guid":{"rendered":"https:\/\/healthyskinsecrets.ch\/product\/missha-time-revolution-night-repair-ampoule-5x-50ml\/"},"modified":"2024-10-16T18:00:37","modified_gmt":"2024-10-16T18:00:37","slug":"missha-time-revolution-night-repair-ampoule-5x-50ml","status":"publish","type":"product","link":"https:\/\/healthyskinsecrets.ch\/en\/product\/missha-time-revolution-night-repair-ampoule-5x-50ml\/","title":{"rendered":"Missha Time Revolution Night Repair Ampoule 5X 50ml"},"content":{"rendered":"<h3>Anwendung<\/h3>\n<ol>\n<li>2 bis 3 Tropfen auf die saubere Haut auftragen.<\/li>\n<li>Sanft in die Haut tupfen bis es v\u00f6llig eingezogen ist.<\/li>\n<li><a href=\"https:\/\/vanesis.ch\/product\/missha-time-revolution-night-repair-ampoule-cream\/\">Anschlie\u00dfend Time Revolution Night Repair Ampoule Cream 5x verwenden.<\/a><\/li>\n<\/ol>\n<h3>Inhaltsstoffe<\/h3>\n<div id=\"ingredlist-short\">\n<div id=\"showmore-section-ingredlist-short\" class=\"showmore-section ingredlist-short-like-section\" role=\"list\">\n<div class=\"\" role=\"group\"><span class=\"\" role=\"listitem\">Bifida Ferment Lysate,\u00a0<\/span><span class=\"\" role=\"listitem\">Butylene Glycol,\u00a0<\/span><span class=\"\" role=\"listitem\">Glycerin,\u00a0<\/span><span class=\"\" role=\"listitem\">Propanediol,\u00a0<\/span><span class=\"\" role=\"listitem\">Betaine,\u00a0<\/span><span class=\"\" role=\"listitem\">Water,\u00a0<\/span><span class=\"\" role=\"listitem\">Niacinamide,\u00a0<\/span><span class=\"\" role=\"listitem\">Pentylene Glycol,\u00a0<\/span><span class=\"\" role=\"listitem\">1,2-Hexanediol,\u00a0<\/span><span class=\"showmore-mobile\" role=\"listitem\">Diethoxyethyl Succinate,\u00a0<\/span><span class=\"showmore-mobile\" role=\"listitem\">Chondrus Crispus Extract,\u00a0<\/span><span class=\"showmore-mobile\" role=\"listitem\">Squalane,\u00a0<\/span><span class=\"showmore-mobile\" role=\"listitem\">Panthenol,\u00a0<\/span><span class=\"showmore-mobile\" role=\"listitem\">Polyglyceryl-10 Laurate,\u00a0<\/span><span class=\"showmore-mobile\" role=\"listitem\">Saccharum Officinarum (Sugarcane) Extract,\u00a0<\/span><span class=\"showmore-mobile\" role=\"listitem\">Hydrogenated Lecithin,\u00a0<\/span><span class=\"showmore-mobile\" role=\"listitem\">Carbomer,\u00a0<\/span><span class=\"showmore-mobile\" role=\"listitem\">Tromethamine,\u00a0<\/span><span class=\"showmore-mobile\" role=\"listitem\">Xanthan Gum,\u00a0<\/span><span class=\"showmore-mobile\" role=\"listitem\">Polyquaternium-51,\u00a0<\/span><span class=\"showmore-mobile\" role=\"listitem\">Ethylhexylglycerin,\u00a0<\/span><span class=\"showmore-mobile\" role=\"listitem\">Adenosine,\u00a0<\/span><span class=\"showmore-mobile\" role=\"listitem\">Dextrin,\u00a0<\/span><span class=\"showmore-mobile\" role=\"listitem\">Theobroma Cacao (Cocoa) Extract,\u00a0<\/span><span class=\"showmore-mobile\" role=\"listitem\">Citrus Aurantium Bergamia (Bergamot) Fruit Oil,\u00a0<\/span><span class=\"showmore-mobile\" role=\"listitem\">Disodium EDTA,\u00a0<\/span><span class=\"showmore-mobile\" role=\"listitem\">Sodium Hyaluronate,\u00a0<\/span><span class=\"showmore-mobile\" role=\"listitem\">Lactobacillus Ferment,\u00a0<\/span><span class=\"showmore-mobile\" role=\"listitem\">Lactobacillus Ferment Lysate,\u00a0<\/span><span class=\"showmore-mobile\" role=\"listitem\">Bifida Ferment Filtrate,\u00a0<\/span><span class=\"showmore-mobile\" role=\"listitem\">Lactobacillus\/\u200bAcerola Cherry Ferment,\u00a0<\/span><span class=\"showmore-mobile\" role=\"listitem\">Lactobacillus\/\u200bPunica Granatum Fruit Ferment Extract,\u00a0<\/span><span class=\"showmore-mobile\" role=\"listitem\">Lactobacillus\/\u200bSoybean Ferment Extract,\u00a0<\/span><span class=\"showmore-mobile\" role=\"listitem\">Lactococcus Ferment,\u00a0<\/span><span class=\"showmore-mobile\" role=\"listitem\">Lactococcus Ferment Lysate,\u00a0<\/span><span class=\"showmore-mobile\" role=\"listitem\">Leuconostoc\/\u200bRadish Root Ferment Filtrate,\u00a0<\/span><span class=\"showmore-mobile\" role=\"listitem\">Pelargonium Graveolens Flower Oil,\u00a0<\/span><span class=\"showmore-mobile\" role=\"listitem\">Beta Vulgaris (Beet) Root Extract,\u00a0<\/span><span class=\"showmore-mobile\" role=\"listitem\">Brassica Oleracea Capitata (Cabbage) Leaf Extract,\u00a0<\/span><span class=\"showmore-mobile\" role=\"listitem\">Daucus Carota Sativa (Carrot) Root Extract,\u00a0<\/span><span class=\"showmore-mobile\" role=\"listitem\">Solanum Melongena (Eggplant) Fruit Extract,\u00a0<\/span><span class=\"showmore-mobile\" role=\"listitem\">Vaccinium Angustifolium (Blueberry) Fruit Extract,\u00a0<\/span><span class=\"showmore-mobile\" role=\"listitem\">Helianthus Annuus (Sunflower) Seed Oil,\u00a0<\/span><span class=\"showmore-mobile\" role=\"listitem\">Citrus Aurantium Dulcis (Orange) Peel Oil,\u00a0<\/span><span class=\"showmore-mobile\" role=\"listitem\">Lavandula Angustifolia (Lavender) Oil,\u00a0<\/span><span class=\"showmore-mobile\" role=\"listitem\">Lupinus Albus Seed Extract,\u00a0<\/span><span class=\"showmore-mobile\" role=\"listitem\">Aspergillus Ferment,\u00a0<\/span><span class=\"showmore-mobile\" role=\"listitem\">Swiftlet Nest Extract,\u00a0<\/span><span class=\"showmore-mobile\" role=\"listitem\">Anthemis Nobilis Flower Oil,\u00a0<\/span><span class=\"showmore-mobile\" role=\"listitem\">Santalum Album (Sandalwood) Oil,\u00a0<\/span><span class=\"showmore-mobile\" role=\"listitem\">Tocopherol,\u00a0<\/span><span class=\"showmore-mobile\" role=\"listitem\">Ceramide NP,\u00a0<\/span><span class=\"showmore-mobile\" role=\"listitem\">Cholesterol<\/span><\/div>\n<\/div>\n<\/div>\n<div id=\"inci-warning\">\n<h3>Warnhinweise<\/h3>\n<ol>\n<li>Nur zur \u00e4u\u00dferlichen Anwendung geeignet.<\/li>\n<li>Nicht auf verletzte Haut oder auf Wunden auftragen.<\/li>\n<li>Sollten Nebenwirkungen wie Irritationen oder Ausschlag eintreten, Anwendung sofort beenden und unverz\u00fcglich an einen Arzt wenden.<\/li>\n<li>Kontakt mit den Augen vermeiden. Sollte das Produkt ins Auge gelangen, das Auge sofort gr\u00fcndlich mit klarem Wasser aussp\u00fclen.<\/li>\n<li>Au\u00dfer Reichweite von Kindern aufbewahren.<\/li>\n<li>Nicht schlucken. Bei Verschlucken Arzt oder Giftzentrale aufsuchen.<\/li>\n<\/ol>\n<\/div>\n","protected":false},"excerpt":{"rendered":"<p>Misshas Nachtreparaturampulle der 5. Generation, formuliert mit 77,2 % extremem Biom, das aus 10 verschiedenen hochkonzentrierten fermentierten Inhaltsstoffen f\u00fcr schnelle Wirkung besteht. Klinisch erwiesen, dass es m\u00fcde Haut nach nur 10 Stunden Anwendung verbessert. Verbessert die Elastizit\u00e4t, Ausstrahlung, Lifting, Feuchtigkeit und Helligkeit der Haut \u00fcber Nacht.<\/p>\n","protected":false},"featured_media":12221,"comment_status":"open","ping_status":"closed","template":"","meta":{"content-type":"","site-sidebar-layout":"default","site-content-layout":"default","ast-site-content-layout":"default","site-content-style":"default","site-sidebar-style":"default","ast-global-header-display":"","ast-banner-title-visibility":"","ast-main-header-display":"","ast-hfb-above-header-display":"","ast-hfb-below-header-display":"","ast-hfb-mobile-header-display":"","site-post-title":"","ast-breadcrumbs-content":"","ast-featured-img":"","footer-sml-layout":"","ast-disable-related-posts":"","theme-transparent-header-meta":"default","adv-header-id-meta":"","stick-header-meta":"","header-above-stick-meta":"","header-main-stick-meta":"","header-below-stick-meta":"","astra-migrate-meta-layouts":"set","ast-page-background-enabled":"default","ast-page-background-meta":{"desktop":{"background-color":"","background-image":"","background-repeat":"repeat","background-position":"center center","background-size":"auto","background-attachment":"scroll","background-type":"","background-media":"","overlay-type":"","overlay-color":"","overlay-opacity":"","overlay-gradient":""},"tablet":{"background-color":"","background-image":"","background-repeat":"repeat","background-position":"center center","background-size":"auto","background-attachment":"scroll","background-type":"","background-media":"","overlay-type":"","overlay-color":"","overlay-opacity":"","overlay-gradient":""},"mobile":{"background-color":"","background-image":"","background-repeat":"repeat","background-position":"center center","background-size":"auto","background-attachment":"scroll","background-type":"","background-media":"","overlay-type":"","overlay-color":"","overlay-opacity":"","overlay-gradient":""}},"ast-content-background-meta":{"desktop":{"background-color":"var(--ast-global-color-5)","background-image":"","background-repeat":"repeat","background-position":"center center","background-size":"auto","background-attachment":"scroll","background-type":"","background-media":"","overlay-type":"","overlay-color":"","overlay-opacity":"","overlay-gradient":""},"tablet":{"background-color":"var(--ast-global-color-5)","background-image":"","background-repeat":"repeat","background-position":"center center","background-size":"auto","background-attachment":"scroll","background-type":"","background-media":"","overlay-type":"","overlay-color":"","overlay-opacity":"","overlay-gradient":""},"mobile":{"background-color":"var(--ast-global-color-5)","background-image":"","background-repeat":"repeat","background-position":"center center","background-size":"auto","background-attachment":"scroll","background-type":"","background-media":"","overlay-type":"","overlay-color":"","overlay-opacity":"","overlay-gradient":""}}},"product_brand":[],"product_cat":[514,504,424,291],"product_tag":[425,522],"class_list":{"0":"post-12114","1":"product","2":"type-product","3":"status-publish","4":"has-post-thumbnail","6":"product_cat-5-essence","7":"product_cat-cpnp","8":"product_cat-facial-care","9":"product_cat-missha","10":"product_tag-essence-serum-oil","11":"product_tag-ampoule","12":"pa_beduerfnisse-tired-skin","13":"pa_hauttyp-all","14":"desktop-align-left","15":"tablet-align-left","16":"mobile-align-left","18":"first","19":"instock","20":"taxable","21":"shipping-taxable","22":"purchasable","23":"product-type-variable","24":"has-default-attributes"},"_links":{"self":[{"href":"https:\/\/healthyskinsecrets.ch\/en\/wp-json\/wp\/v2\/product\/12114","targetHints":{"allow":["GET"]}}],"collection":[{"href":"https:\/\/healthyskinsecrets.ch\/en\/wp-json\/wp\/v2\/product"}],"about":[{"href":"https:\/\/healthyskinsecrets.ch\/en\/wp-json\/wp\/v2\/types\/product"}],"replies":[{"embeddable":true,"href":"https:\/\/healthyskinsecrets.ch\/en\/wp-json\/wp\/v2\/comments?post=12114"}],"wp:featuredmedia":[{"embeddable":true,"href":"https:\/\/healthyskinsecrets.ch\/en\/wp-json\/wp\/v2\/media\/12221"}],"wp:attachment":[{"href":"https:\/\/healthyskinsecrets.ch\/en\/wp-json\/wp\/v2\/media?parent=12114"}],"wp:term":[{"taxonomy":"product_brand","embeddable":true,"href":"https:\/\/healthyskinsecrets.ch\/en\/wp-json\/wp\/v2\/product_brand?post=12114"},{"taxonomy":"product_cat","embeddable":true,"href":"https:\/\/healthyskinsecrets.ch\/en\/wp-json\/wp\/v2\/product_cat?post=12114"},{"taxonomy":"product_tag","embeddable":true,"href":"https:\/\/healthyskinsecrets.ch\/en\/wp-json\/wp\/v2\/product_tag?post=12114"}],"curies":[{"name":"wp","href":"https:\/\/api.w.org\/{rel}","templated":true}]}}