{"id":12109,"date":"2023-02-26T13:14:53","date_gmt":"2023-02-26T13:14:53","guid":{"rendered":"https:\/\/healthyskinsecrets.ch\/product\/missha-time-revolution-night-repair-ampoule-cream-5x-50ml\/"},"modified":"2024-10-16T14:59:39","modified_gmt":"2024-10-16T14:59:39","slug":"missha-time-revolution-night-repair-ampoule-cream-5x-50ml","status":"publish","type":"product","link":"https:\/\/healthyskinsecrets.ch\/en\/product\/missha-time-revolution-night-repair-ampoule-cream-5x-50ml\/","title":{"rendered":"Missha Time Revolution Night Repair Ampoule Cream 5x, 50ml"},"content":{"rendered":"<h3>Anwendung<\/h3>\n<ol>\n<li>Eine geeignete Menge auf die gereinigte und mit Toner behandelte Haut auftragen.<\/li>\n<li>Die Creme sanft in die Haut einarbeiten, bis sie vollst\u00e4ndig eingezogen ist.<\/li>\n<li>F\u00fcr ein perfektes Resultat mit dem <strong>Missha\u00a0<\/strong><a href=\"https:\/\/vanesis.ch\/product\/missha-time-revolution-night-repair-probio-ampoule\/\">Time Revolution Night Repair Probio Ampoule<\/a>.<\/li>\n<\/ol>\n<h3>Hauptinhaltsstoffe<\/h3>\n<p>Bifida Ferment Lysate, Butylene Glycol, Glycerin, Propanediol, Betaine, Water, Niacinamide, Pentylene Glycol, 1,2-Hexanediol, Diethoxyethyl Succinate, Chondrus Crispus Extract, Squalane, Panthenol, Polyglyceryl-10 Laurate, Saccharum Officinarum (Sugarcane) Extract, Hydrogenated Lecithin, Carbomer, Tromethamine, Xanthan Gum, Polyquaternium-51, Ethylhexylglycerin, Adenosine, Dextrin, Theobroma Cacao (Cocoa) Extract, Beta Vulgaris (Beet) Root Extract, Brassica Oleracea Capitata (Cabbage) Leaf Extract, Daucus Carota Sativa (Carrot) Root Extract, Solanum Melongena (Eggplant) Fruit Extract, Vaccinium Angustifolium (Blueberry) Fruit Extract, Citrus Aurantium Bergamia (Bergamot) Fruit Oil, Disodium EDTA, Sodium Hyaluronate, Lactobacillus\/Soybean Ferment Extract, Leuconostoc\/Radish Root Ferment Filtrate, Bifida Ferment Filtrate, Lactobacillus Ferment, Lactobacillus Ferment Lysate, Lactobacillus\/Acerola Cherry Ferment, Lactobacillus\/Punica Granatum Fruit Ferment Extract, Lactococcus Ferment, Lactococcus Ferment Lysate, Pelargonium Graveolens Flower Oil, Helianthus Annuus (Sunflower) Seed Oil, Citrus Aurantium Dulcis (Orange) Peel Oil, Lavandula Angustifolia (Lavender) Oil, Lupinus Albus Seed Extract, Aspergillus Ferment, Swiftlet Nest Extract, Anthemis Nobilis Flower Oil, Santalum Album (Sandalwood) Oil, Tocopherol, Ceramide NP, Cholesterol, [0719ak]<\/p>\n<p>*Eine Ver\u00e4nderung der Inhaltsstoffe unterliegt dem Ermessen des Herstellers. Willst du vor dem Kauf ganz sicher gehen? Dann kontaktiere uns f\u00fcr ein Foto der aktuellen Produktverpackung.<\/p>\n<h3>Warnhinweise<\/h3>\n<ol>\n<li>Nur zur \u00e4u\u00dferlichen Anwendung geeignet.<\/li>\n<li>Nicht auf verletzte Haut oder auf Wunden auftragen.<\/li>\n<li>Sollten Nebenwirkungen wie Irritationen oder Ausschlag eintreten, Anwendung sofort beenden und unverz\u00fcglich an einen Arzt wenden.<\/li>\n<li>Kontakt mit den Augen vermeiden. Sollte das Produkt ins Auge gelangen, das Auge sofort gr\u00fcndlich mit klarem Wasser aussp\u00fclen.<\/li>\n<li>Au\u00dfer Reichweite von Kindern aufbewahren.<\/li>\n<li>Nicht schlucken. Bei Verschlucken Arzt oder Giftzentrale aufsuchen.<\/li>\n<\/ol>\n","protected":false},"excerpt":{"rendered":"<p>Anti-Falten- Ampullencreme mit Brightening Effekt f\u00fcr einen gesund strahlenden Teint<br \/>\n10 Probiotika, Vitaminkomplex und Collageneer st\u00e4rken die Haut<br \/>\nVerlangsamt den Alterungsprozess.<\/p>\n<p>Probiotikakomplex \u2013 10 Arten von Probiotika, die die Kraft der Haut zur Regeneration st\u00e4rken:<\/p>\n<p>Bifida Ferment Lysate hilft, gereizte Haut mit Feuchtigkeit zu versorgen und zu beruhigen, was der Haut ein gesundes Aussehen verleiht.<br \/>\nBifidus hilft, den Allgemeinzustand der Haut zu verbessern und ihre Sch\u00e4digung durch negative Umweltfaktoren (UV-Strahlung) zu verhindern.<br \/>\nLactobacillus: Peptide und Vitamin B12 zur Revitalisierung und St\u00e4rkung der Haut, Erh\u00f6hung ihrer Elastizit\u00e4t und Festigkeit<\/p>\n<p>Lactococcus: St\u00e4rkt die Widerstandsf\u00e4higkeit der Haut gegen \u00e4u\u00dfere Einfl\u00fcsse, revitalisiert und spendet Feuchtigkeit. Die im Serum enthaltenen Pro-Vitamine verst\u00e4rken die Wirkung der nachfolgenden Pflegeprodukte<\/p>\n<p>Kollageneer: Mit wei\u00dfen Rupinsamen Extrakten und Sonnenblumen\u00f6l, h\u00e4lt die Haut weich und geschmeidig<\/p>\n<p>Multivitaminkomplex mit 5 violetten Energiequellen: Beruhigen empfindliche Haut, die \u00e4u\u00dferen Stressoren ausgesetzt war. Sie kl\u00e4ren die Haut und halten sie vital und geschmeidig.<\/p>\n<p>F\u00fcr ein perfektes Resultat mit dem <strong>Missha\u00a0<\/strong><a href=\"https:\/\/vanesis.ch\/product\/missha-time-revolution-night-repair-probio-ampoule\/\">Time Revolution Night Repair Probio Ampoule<\/a>.<\/p>\n","protected":false},"featured_media":12222,"comment_status":"open","ping_status":"closed","template":"","meta":{"content-type":"","site-sidebar-layout":"default","site-content-layout":"default","ast-site-content-layout":"default","site-content-style":"default","site-sidebar-style":"default","ast-global-header-display":"","ast-banner-title-visibility":"","ast-main-header-display":"","ast-hfb-above-header-display":"","ast-hfb-below-header-display":"","ast-hfb-mobile-header-display":"","site-post-title":"","ast-breadcrumbs-content":"","ast-featured-img":"","footer-sml-layout":"","ast-disable-related-posts":"","theme-transparent-header-meta":"default","adv-header-id-meta":"","stick-header-meta":"","header-above-stick-meta":"","header-main-stick-meta":"","header-below-stick-meta":"","astra-migrate-meta-layouts":"set","ast-page-background-enabled":"default","ast-page-background-meta":{"desktop":{"background-color":"","background-image":"","background-repeat":"repeat","background-position":"center center","background-size":"auto","background-attachment":"scroll","background-type":"","background-media":"","overlay-type":"","overlay-color":"","overlay-opacity":"","overlay-gradient":""},"tablet":{"background-color":"","background-image":"","background-repeat":"repeat","background-position":"center center","background-size":"auto","background-attachment":"scroll","background-type":"","background-media":"","overlay-type":"","overlay-color":"","overlay-opacity":"","overlay-gradient":""},"mobile":{"background-color":"","background-image":"","background-repeat":"repeat","background-position":"center center","background-size":"auto","background-attachment":"scroll","background-type":"","background-media":"","overlay-type":"","overlay-color":"","overlay-opacity":"","overlay-gradient":""}},"ast-content-background-meta":{"desktop":{"background-color":"var(--ast-global-color-5)","background-image":"","background-repeat":"repeat","background-position":"center center","background-size":"auto","background-attachment":"scroll","background-type":"","background-media":"","overlay-type":"","overlay-color":"","overlay-opacity":"","overlay-gradient":""},"tablet":{"background-color":"var(--ast-global-color-5)","background-image":"","background-repeat":"repeat","background-position":"center center","background-size":"auto","background-attachment":"scroll","background-type":"","background-media":"","overlay-type":"","overlay-color":"","overlay-opacity":"","overlay-gradient":""},"mobile":{"background-color":"var(--ast-global-color-5)","background-image":"","background-repeat":"repeat","background-position":"center center","background-size":"auto","background-attachment":"scroll","background-type":"","background-media":"","overlay-type":"","overlay-color":"","overlay-opacity":"","overlay-gradient":""}}},"product_brand":[],"product_cat":[520,504,424,291],"product_tag":[45],"class_list":{"0":"post-12109","1":"product","2":"type-product","3":"status-publish","4":"has-post-thumbnail","6":"product_cat-8-koreanische-gesichtscreme","7":"product_cat-cpnp","8":"product_cat-facial-care","9":"product_cat-missha","10":"product_tag-moisturizer","11":"pa_beduerfnisse-wrinkles","12":"pa_hauttyp-all","13":"desktop-align-left","14":"tablet-align-left","15":"mobile-align-left","17":"first","18":"instock","19":"taxable","20":"shipping-taxable","21":"purchasable","22":"product-type-variable","23":"has-default-attributes"},"_links":{"self":[{"href":"https:\/\/healthyskinsecrets.ch\/en\/wp-json\/wp\/v2\/product\/12109","targetHints":{"allow":["GET"]}}],"collection":[{"href":"https:\/\/healthyskinsecrets.ch\/en\/wp-json\/wp\/v2\/product"}],"about":[{"href":"https:\/\/healthyskinsecrets.ch\/en\/wp-json\/wp\/v2\/types\/product"}],"replies":[{"embeddable":true,"href":"https:\/\/healthyskinsecrets.ch\/en\/wp-json\/wp\/v2\/comments?post=12109"}],"wp:featuredmedia":[{"embeddable":true,"href":"https:\/\/healthyskinsecrets.ch\/en\/wp-json\/wp\/v2\/media\/12222"}],"wp:attachment":[{"href":"https:\/\/healthyskinsecrets.ch\/en\/wp-json\/wp\/v2\/media?parent=12109"}],"wp:term":[{"taxonomy":"product_brand","embeddable":true,"href":"https:\/\/healthyskinsecrets.ch\/en\/wp-json\/wp\/v2\/product_brand?post=12109"},{"taxonomy":"product_cat","embeddable":true,"href":"https:\/\/healthyskinsecrets.ch\/en\/wp-json\/wp\/v2\/product_cat?post=12109"},{"taxonomy":"product_tag","embeddable":true,"href":"https:\/\/healthyskinsecrets.ch\/en\/wp-json\/wp\/v2\/product_tag?post=12109"}],"curies":[{"name":"wp","href":"https:\/\/api.w.org\/{rel}","templated":true}]}}