{"id":12101,"date":"2023-02-26T12:32:30","date_gmt":"2023-02-26T12:32:30","guid":{"rendered":"https:\/\/healthyskinsecrets.ch\/product\/miverum-forever-young-miracle-20-face-cream-50ml\/"},"modified":"2026-03-30T12:19:59","modified_gmt":"2026-03-30T12:19:59","slug":"miverum-forever-young-miracle-20-face-cream-50ml","status":"publish","type":"product","link":"https:\/\/healthyskinsecrets.ch\/en\/product\/miverum-forever-young-miracle-20-face-cream-50ml\/","title":{"rendered":"Miverum Forever Young Miracle 20 Face Cream 50ml"},"content":{"rendered":"<h3>Anwendung<\/h3>\n<p>Verwenden Sie die Creme morgens und abends als letzten Schritt Ihrer t\u00e4glichen Gesichtspflege. Tragen Sie die entsprechende Menge Creme auf und massieren Sie Ihr Gesicht sanft, bis die Creme vollst\u00e4ndig eingezogen ist.<\/p>\n<h3>Hauptinhaltsstoffe<\/h3>\n<p>Water, Glycerin, Butylene Glycol, Caprylic\/Capric Triglyceride, Niacinamide, Isopropyl Myristate, Cyclopentasiloxane, Cetearyl Olivate, Glyceryl Stearate, Cetearyl Alcohol, Glycereth-26, Sorbitan Olivate, Cetyl Alcohol, Dimethicone, PEG-100 Stearate, Butyrospermum Parkii (Shea) Butter, Cyclohexasiloxane, Synthetic Beeswax, Dipropylene Glycol, Hydroxyacetophenone, Caprylyl Glycol, Xanthan Gum, Carbomer, Arginine, Adenosine, Disodium EDTA, Dipotassium Glycyrrhizate, 1,2-Hexanediol, Cucumis Sativus (Cucumber) Fruit Extract, Chamaecyparis Obtusa Leaf Extract, Houttuynia Cordata Extract, Nymphaea Alba Flower Extract, Boswellia Serrata Resin Extract, Aronia Arbutifolia Extract, Propolis Extract, Tulipa Gesneriana Flower Extract, Dianthus Caryophyllus Flower Extract, Honey Extract, Calendula Officinalis Extract, Hippophae Rhamnoides Extract, Ficus Carica (Fig) Fruit Extract, Myrciaria Dubia Fruit Extract, Palmaria Palmata Extract, Hizikia Fusiforme Extract, Ulva Lactuca Extract, Spirulina Maxima Extract, Undaria Pinnatifida Extract, Laminaria Japonica Extract, Fragrance<\/p>\n<p>*Eine Ver\u00e4nderung der Inhaltsstoffe unterliegt dem Ermessen des Herstellers. Willst du vor dem Kauf ganz sicher gehen? Dann kontaktiere uns f\u00fcr ein Foto der aktuellen Produktverpackung.<\/p>\n<h3>Warnhinweise<\/h3>\n<ol>\n<li>Nur zur \u00e4u\u00dferlichen Anwendung geeignet.<\/li>\n<li>Nicht auf verletzte Haut oder auf Wunden auftragen.<\/li>\n<li>Sollten Nebenwirkungen wie Irritationen oder Ausschlag eintreten, Anwendung sofort beenden und unverz\u00fcglich an einen Arzt wenden.<\/li>\n<li>Kontakt mit den Augen vermeiden. Sollte das Produkt ins Auge gelangen, das Auge sofort gr\u00fcndlich mit klarem Wasser aussp\u00fclen.<\/li>\n<li>Au\u00dfer Reichweite von Kindern aufbewahren.<\/li>\n<li>Nicht schlucken. Bei Verschlucken Arzt oder Giftzentrale aufsuchen.<\/li>\n<\/ol>\n","protected":false},"excerpt":{"rendered":"<p><strong>Miverum Forever Young Miracle 20 Gesichtscreme<\/strong> mit zwanzig nat\u00fcrlichen Pflanzenextrakten f\u00fcllt die Haut mit Energie, spendet Feuchtigkeit und pflegt die Haut und gibt ihr ihre Elastizit\u00e4t und nat\u00fcrliche Ausstrahlung zur\u00fcck. Die Creme zieht schnell ein und hinterl\u00e4sst kein klebriges Gef\u00fchl.<\/p>\n<p><strong>Wirkstoffe: <\/strong>20 nat\u00fcrliche Extrakte<\/p>\n<ul>\n<li>Seifenkraut: hat ausgezeichnete Anti-Falten-, Antioxidans- und aufhellende Wirkungen, die zu einer klaren, strahlenden Haut beitragen.<\/li>\n<li>Indische Seifenbeere: Hilft, abgestorbene Hautzellen zu entfernen, die Haut zu gl\u00e4tten und den Teint auszugleichen. Es ist auch hilfreich bei der Behandlung alternder Haut.<\/li>\n<li>Qillaja-Rinde: Hilft nicht nur bei der Bek\u00e4mpfung von Hautproblemen, sondern versorgt auch die alternde Haut effektiv mit Feuchtigkeit und gibt ihr ihre Elastizit\u00e4t zur\u00fcck.<\/li>\n<li>Teebaum: beruhigt gereizte Haut mit seiner hervorragenden antibakteriellen Wirkung.<\/li>\n<li>Rosmarin: hat nicht nur eine starke antibakterielle Wirkung, sondern hilft auch, den Feuchtigkeitshaushalt wieder aufzuf\u00fcllen und macht die Haut weich und geschmeidig.<\/li>\n<li>Jasmin: hat ebenfalls eine hervorragende antibakterielle Wirkung und hilft, die gestresste Haut zu beruhigen und ihre Vitalit\u00e4t wieder aufzuf\u00fcllen.<\/li>\n<li>Niacinamid: Pflegt den Teint und macht ihn klar und strahlend.<\/li>\n<li>Adenosin: Verbessert die Vitalit\u00e4t und Elastizit\u00e4t der Haut und hilft, Falten zu verbessern.<\/li>\n<\/ul>\n<p><strong>Hauptfunktion: <\/strong>Feuchtigkeitsspendend, Anti-Aging<\/p>\n","protected":false},"featured_media":12095,"comment_status":"open","ping_status":"closed","template":"","meta":{"content-type":"","site-sidebar-layout":"default","site-content-layout":"default","ast-site-content-layout":"default","site-content-style":"default","site-sidebar-style":"default","ast-global-header-display":"","ast-banner-title-visibility":"","ast-main-header-display":"","ast-hfb-above-header-display":"","ast-hfb-below-header-display":"","ast-hfb-mobile-header-display":"","site-post-title":"","ast-breadcrumbs-content":"","ast-featured-img":"","footer-sml-layout":"","ast-disable-related-posts":"","theme-transparent-header-meta":"default","adv-header-id-meta":"","stick-header-meta":"","header-above-stick-meta":"","header-main-stick-meta":"","header-below-stick-meta":"","astra-migrate-meta-layouts":"set","ast-page-background-enabled":"default","ast-page-background-meta":{"desktop":{"background-color":"","background-image":"","background-repeat":"repeat","background-position":"center center","background-size":"auto","background-attachment":"scroll","background-type":"","background-media":"","overlay-type":"","overlay-color":"","overlay-opacity":"","overlay-gradient":""},"tablet":{"background-color":"","background-image":"","background-repeat":"repeat","background-position":"center center","background-size":"auto","background-attachment":"scroll","background-type":"","background-media":"","overlay-type":"","overlay-color":"","overlay-opacity":"","overlay-gradient":""},"mobile":{"background-color":"","background-image":"","background-repeat":"repeat","background-position":"center center","background-size":"auto","background-attachment":"scroll","background-type":"","background-media":"","overlay-type":"","overlay-color":"","overlay-opacity":"","overlay-gradient":""}},"ast-content-background-meta":{"desktop":{"background-color":"var(--ast-global-color-5)","background-image":"","background-repeat":"repeat","background-position":"center center","background-size":"auto","background-attachment":"scroll","background-type":"","background-media":"","overlay-type":"","overlay-color":"","overlay-opacity":"","overlay-gradient":""},"tablet":{"background-color":"var(--ast-global-color-5)","background-image":"","background-repeat":"repeat","background-position":"center center","background-size":"auto","background-attachment":"scroll","background-type":"","background-media":"","overlay-type":"","overlay-color":"","overlay-opacity":"","overlay-gradient":""},"mobile":{"background-color":"var(--ast-global-color-5)","background-image":"","background-repeat":"repeat","background-position":"center center","background-size":"auto","background-attachment":"scroll","background-type":"","background-media":"","overlay-type":"","overlay-color":"","overlay-opacity":"","overlay-gradient":""}}},"product_brand":[],"product_cat":[520,500],"product_tag":[45],"class_list":{"0":"post-12101","1":"product","2":"type-product","3":"status-publish","4":"has-post-thumbnail","6":"product_cat-8-koreanische-gesichtscreme","7":"product_cat-miverum","8":"product_tag-moisturizer","9":"pa_beduerfnisse-anti-aging","10":"pa_beduerfnisse-wrinkles","11":"pa_beduerfnisse-blackheads","12":"pa_beduerfnisse-tired-skin","13":"pa_beduerfnisse-pigmentation","14":"pa_beduerfnisse-dehydrated","15":"pa_hauttyp-all","16":"pa_hauttyp-oily","17":"pa_hauttyp-combination","18":"pa_hauttyp-normal","19":"pa_hauttyp-dry","20":"desktop-align-left","21":"tablet-align-left","22":"mobile-align-left","24":"first","25":"instock","26":"taxable","27":"shipping-taxable","28":"product-type-variable"},"_links":{"self":[{"href":"https:\/\/healthyskinsecrets.ch\/en\/wp-json\/wp\/v2\/product\/12101","targetHints":{"allow":["GET"]}}],"collection":[{"href":"https:\/\/healthyskinsecrets.ch\/en\/wp-json\/wp\/v2\/product"}],"about":[{"href":"https:\/\/healthyskinsecrets.ch\/en\/wp-json\/wp\/v2\/types\/product"}],"replies":[{"embeddable":true,"href":"https:\/\/healthyskinsecrets.ch\/en\/wp-json\/wp\/v2\/comments?post=12101"}],"wp:featuredmedia":[{"embeddable":true,"href":"https:\/\/healthyskinsecrets.ch\/en\/wp-json\/wp\/v2\/media\/12095"}],"wp:attachment":[{"href":"https:\/\/healthyskinsecrets.ch\/en\/wp-json\/wp\/v2\/media?parent=12101"}],"wp:term":[{"taxonomy":"product_brand","embeddable":true,"href":"https:\/\/healthyskinsecrets.ch\/en\/wp-json\/wp\/v2\/product_brand?post=12101"},{"taxonomy":"product_cat","embeddable":true,"href":"https:\/\/healthyskinsecrets.ch\/en\/wp-json\/wp\/v2\/product_cat?post=12101"},{"taxonomy":"product_tag","embeddable":true,"href":"https:\/\/healthyskinsecrets.ch\/en\/wp-json\/wp\/v2\/product_tag?post=12101"}],"curies":[{"name":"wp","href":"https:\/\/api.w.org\/{rel}","templated":true}]}}