{"id":12060,"date":"2023-02-26T12:32:10","date_gmt":"2023-02-26T12:32:10","guid":{"rendered":"https:\/\/healthyskinsecrets.ch\/product\/jkosmec-skin-solution-moisturizing-serum\/"},"modified":"2024-09-23T18:57:40","modified_gmt":"2024-09-23T18:57:40","slug":"jkosmec-skin-solution-moisturizing-serum","status":"publish","type":"product","link":"https:\/\/healthyskinsecrets.ch\/en\/product\/jkosmec-skin-solution-moisturizing-serum\/","title":{"rendered":"JKosmec Skin Solution Moisturizing Serum"},"content":{"rendered":"<h3>Anwendung<\/h3>\n<ol>\n<li>Waschen und trocknen Sie das Gesicht mit einem Handtuch.<\/li>\n<li>Verwenden Sie das Serum morgens und abends als Teil Ihrer t\u00e4glichen Gesichtspflege, bevor Sie Cremes oder Maskenpackungen auftragen.<\/li>\n<li>Tragen Sie die entsprechende Menge Serum auf Gesicht, Hals und Dekollet\u00e9 auf und massieren Sie es sanft ein, bis es vollst\u00e4ndig eingezogen ist.<\/li>\n<\/ol>\n<h3>Hauptinhaltsstoffe<\/h3>\n<p>Water, Glycerin, Butylene Glycol, Niacinamide, Dipropylene Glycol, Hydroxyacetophenone, Sclerotium Gum, Caprylyl Glycol, Hydroxyethyl Acrylate\/Sodium Acryloyldimethyl Taurate Copolymer, Fragrance, Xanthan Gum, Adenosine , Sorbitan Isostearate, Polysorbate 60, 1,2-Hexanediol, Propanediol, Sodium Hyaluronate, Aloe Barbadensis Leaf Extract, Dipotassium Glycyrrhizate, Hydrolyzed Pea Protein, Phytosterols, Olea Europaea (Olive) Fruit Oil, Squalane, Lecithin, Hyaluronic Acid, Hydrolyzed Hyaluronic Acid, Hydroxypropyltrimonium Hyaluronate, Potassium Hyaluronate, Sodium Hyaluronate Crosspolymer, Sodium Acetylated Hyaluronate, Butyrospermum Parkii (Shea) Butter, Ceramide NP<\/p>\n<p>*Eine Ver\u00e4nderung der Inhaltsstoffe unterliegt dem Ermessen des Herstellers. Willst du vor dem Kauf ganz sicher gehen? Dann kontaktiere uns f\u00fcr ein Foto der aktuellen Produktverpackung.<\/p>\n<h3>Warnhinweise<\/h3>\n<ol>\n<li>Nur zur \u00e4u\u00dferlichen Anwendung geeignet.<\/li>\n<li>Nicht auf verletzte Haut oder auf Wunden auftragen.<\/li>\n<li>Sollten Nebenwirkungen wie Irritationen oder Ausschlag eintreten, Anwendung sofort beenden und unverz\u00fcglich an einen Arzt wenden.<\/li>\n<li>Kontakt mit den Augen vermeiden. Sollte das Produkt ins Auge gelangen, das Auge sofort gr\u00fcndlich mit klarem Wasser aussp\u00fclen.<\/li>\n<li>Au\u00dfer Reichweite von Kindern aufbewahren.<\/li>\n<li>Nicht schlucken. Bei Verschlucken Arzt oder Giftzentrale aufsuchen.<\/li>\n<\/ol>\n","protected":false},"excerpt":{"rendered":"<p><strong>JKosmec Feuchtigkeitsserum<\/strong> Hyalurons\u00e4ure ist eine echte Feuchtigkeitsbombe, die die Haut gen\u00e4hrt und glatt h\u00e4lt und eine feuchtigkeitsspeichernde Barriere bildet, um die Haut straff und nat\u00fcrlich strahlend zu erhalten.<\/p>\n<p><strong>Wirkstoffe: <\/strong>Hyalurons\u00e4ure<\/p>\n<ul>\n<li>Stark feuchtigkeitsspendend: Das Serum hilft, eine feuchtigkeitsspeichernde Barriere aufzubauen, um die Haut lange mit Feuchtigkeit zu versorgen.<\/li>\n<li>Strahlende Haut: Leistungsstarke, nahrhafte Inhaltsstoffe geben m\u00fcder Haut ihre gesunde Spannkraft und nat\u00fcrliche Ausstrahlung zur\u00fcck.<\/li>\n<li>Kraft der Hyalurons\u00e4ure: Inhaltsstoffe ziehen schnell ein, um der Haut in kurzer Zeit reichlich Feuchtigkeit zuzuf\u00fchren<\/li>\n<li>Express-Feuchtigkeitsaufladung: Hyalurons\u00e4ure spendet effektiv Feuchtigkeit und revitalisiert die Haut.<\/li>\n<\/ul>\n<p><strong>Hauptfunktion: <\/strong>Feuchtigkeitsspendend<\/p>\n","protected":false},"featured_media":12053,"comment_status":"open","ping_status":"closed","template":"","meta":{"content-type":"","site-sidebar-layout":"default","site-content-layout":"default","ast-site-content-layout":"default","site-content-style":"default","site-sidebar-style":"default","ast-global-header-display":"","ast-banner-title-visibility":"","ast-main-header-display":"","ast-hfb-above-header-display":"","ast-hfb-below-header-display":"","ast-hfb-mobile-header-display":"","site-post-title":"","ast-breadcrumbs-content":"","ast-featured-img":"","footer-sml-layout":"","ast-disable-related-posts":"","theme-transparent-header-meta":"default","adv-header-id-meta":"","stick-header-meta":"","header-above-stick-meta":"","header-main-stick-meta":"","header-below-stick-meta":"","astra-migrate-meta-layouts":"set","ast-page-background-enabled":"default","ast-page-background-meta":{"desktop":{"background-color":"","background-image":"","background-repeat":"repeat","background-position":"center center","background-size":"auto","background-attachment":"scroll","background-type":"","background-media":"","overlay-type":"","overlay-color":"","overlay-opacity":"","overlay-gradient":""},"tablet":{"background-color":"","background-image":"","background-repeat":"repeat","background-position":"center center","background-size":"auto","background-attachment":"scroll","background-type":"","background-media":"","overlay-type":"","overlay-color":"","overlay-opacity":"","overlay-gradient":""},"mobile":{"background-color":"","background-image":"","background-repeat":"repeat","background-position":"center center","background-size":"auto","background-attachment":"scroll","background-type":"","background-media":"","overlay-type":"","overlay-color":"","overlay-opacity":"","overlay-gradient":""}},"ast-content-background-meta":{"desktop":{"background-color":"var(--ast-global-color-5)","background-image":"","background-repeat":"repeat","background-position":"center center","background-size":"auto","background-attachment":"scroll","background-type":"","background-media":"","overlay-type":"","overlay-color":"","overlay-opacity":"","overlay-gradient":""},"tablet":{"background-color":"var(--ast-global-color-5)","background-image":"","background-repeat":"repeat","background-position":"center center","background-size":"auto","background-attachment":"scroll","background-type":"","background-media":"","overlay-type":"","overlay-color":"","overlay-opacity":"","overlay-gradient":""},"mobile":{"background-color":"var(--ast-global-color-5)","background-image":"","background-repeat":"repeat","background-position":"center center","background-size":"auto","background-attachment":"scroll","background-type":"","background-media":"","overlay-type":"","overlay-color":"","overlay-opacity":"","overlay-gradient":""}}},"product_brand":[],"product_cat":[514,504,503],"product_tag":[425],"class_list":{"0":"post-12060","1":"product","2":"type-product","3":"status-publish","4":"has-post-thumbnail","6":"product_cat-5-essence","7":"product_cat-cpnp","8":"product_cat-jkosmec","9":"product_tag-essence-serum-oil","10":"pa_beduerfnisse-wrinkles","11":"pa_beduerfnisse-dehydrated","12":"pa_hauttyp-all","13":"pa_hauttyp-oily","14":"pa_hauttyp-combination","15":"pa_hauttyp-normal","16":"pa_hauttyp-dry","17":"desktop-align-left","18":"tablet-align-left","19":"mobile-align-left","21":"first","22":"instock","23":"taxable","24":"shipping-taxable","25":"purchasable","26":"product-type-variable","27":"has-default-attributes"},"_links":{"self":[{"href":"https:\/\/healthyskinsecrets.ch\/en\/wp-json\/wp\/v2\/product\/12060","targetHints":{"allow":["GET"]}}],"collection":[{"href":"https:\/\/healthyskinsecrets.ch\/en\/wp-json\/wp\/v2\/product"}],"about":[{"href":"https:\/\/healthyskinsecrets.ch\/en\/wp-json\/wp\/v2\/types\/product"}],"replies":[{"embeddable":true,"href":"https:\/\/healthyskinsecrets.ch\/en\/wp-json\/wp\/v2\/comments?post=12060"}],"wp:featuredmedia":[{"embeddable":true,"href":"https:\/\/healthyskinsecrets.ch\/en\/wp-json\/wp\/v2\/media\/12053"}],"wp:attachment":[{"href":"https:\/\/healthyskinsecrets.ch\/en\/wp-json\/wp\/v2\/media?parent=12060"}],"wp:term":[{"taxonomy":"product_brand","embeddable":true,"href":"https:\/\/healthyskinsecrets.ch\/en\/wp-json\/wp\/v2\/product_brand?post=12060"},{"taxonomy":"product_cat","embeddable":true,"href":"https:\/\/healthyskinsecrets.ch\/en\/wp-json\/wp\/v2\/product_cat?post=12060"},{"taxonomy":"product_tag","embeddable":true,"href":"https:\/\/healthyskinsecrets.ch\/en\/wp-json\/wp\/v2\/product_tag?post=12060"}],"curies":[{"name":"wp","href":"https:\/\/api.w.org\/{rel}","templated":true}]}}