{"id":11977,"date":"2023-02-26T12:31:36","date_gmt":"2023-02-26T12:31:36","guid":{"rendered":"https:\/\/healthyskinsecrets.ch\/product\/jkosmec-all-bright-green-tea-and-bha-foam-cleanser-180ml\/"},"modified":"2024-09-23T12:37:34","modified_gmt":"2024-09-23T12:37:34","slug":"jkosmec-all-bright-green-tea-and-bha-foam-cleanser-180ml","status":"publish","type":"product","link":"https:\/\/healthyskinsecrets.ch\/en\/product\/jkosmec-all-bright-green-tea-and-bha-foam-cleanser-180ml\/","title":{"rendered":"JKosmec All Bright Green Tea and BHA Foam Cleanser 180ml"},"content":{"rendered":"<h3>Anwendung<\/h3>\n<ol>\n<li>Befeuchten Sie Ihr Gesicht und Ihre H\u00e4nde, tragen Sie dann die ben\u00f6tigte Menge des Reinigungsmittels auf Ihre Handfl\u00e4che auf und sch\u00e4umen Sie es ausreichend auf.<\/li>\n<li>Tragen Sie den Schaum auf Ihr Gesicht auf und massieren Sie ihn sanft ein.<\/li>\n<li>Waschen Sie den Schaum mit lauwarmem Wasser ab.<\/li>\n<\/ol>\n<h3>Inhaltsstoffe<\/h3>\n<p>Water, Myristic Acid,Glycerin, Palmitic Acid, Stearic Acid, Lauric Acid, Potassium Hydroxide, Propylene Glycol, Cocamidopropyl Betaine, Sorbitan Olivate, Camellia Sinensis Leaf Extract (100ppm), Glyceryl Stearate, Sodium Chloride, PEG-100 Stearate, Chlorphenesin, Hydroxyethylcellulose, Tocopheryl Acetate, Butylene Glycol, Dipropylene Glycol, Salicylic Acid (10ppm), Centella Asiatica Extract, Polygonum Cuspidatum Root Extract, Scutellaria Baicalensis Root Extract, Glycyrrhiza Glabra (Licorice) Root Extract, Rosmarinus Officinalis (Rosemary) Leaf Extract, Chamomilla Recutita (Matricaria) Flower Extract, CI 19140, Disodium EDTA, CI 42090, Phenoxyethanol, Fragrance<\/p>\n<h3>Warnhinweise<\/h3>\n<ol>\n<li>Nur zur \u00e4u\u00dferlichen Anwendung geeignet.<\/li>\n<li>Nicht auf verletzte Haut oder auf Wunden auftragen.<\/li>\n<li>Sollten Nebenwirkungen wie Irritationen oder Ausschlag eintreten, Anwendung sofort beenden und unverz\u00fcglich an einen Arzt wenden.<\/li>\n<li>Kontakt mit den Augen vermeiden. Sollte das Produkt ins Auge gelangen, das Auge sofort gr\u00fcndlich mit klarem Wasser aussp\u00fclen.<\/li>\n<li>Au\u00dfer Reichweite von Kindern aufbewahren.<\/li>\n<li>Nicht schlucken. Bei Verschlucken Arzt oder Giftzentrale aufsuchen.<\/li>\n<\/ol>\n<p>&nbsp;<\/p>\n","protected":false},"excerpt":{"rendered":"<p><strong>JKosmec All Bright Green Tea and BHA Foam Cleanser<\/strong> enth\u00e4lt nat\u00fcrlichen Gr\u00fcntee-Extrakt und BHA, die Ihre Haut hell und strahlend machen. Gr\u00fcntee-Extrakt ist ein hautfreundlicher Inhaltsstoff, der viele Mikroelemente enth\u00e4lt, um Ihre Haut mit Feuchtigkeit zu versorgen und eine besondere Schutzbarriere f\u00fcr Ihre Haut zu schaffen. Gr\u00fcntee-Extrakt spendet Feuchtigkeit, verbessert den Hautton, macht Ihre Haut sauber und strahlend. BHA macht sanft und sicher weich und entfernt abgestorbene Hautzellen, um eine tiefere und effektivere Reinigung zu f\u00f6rdern.<\/p>\n<p><strong>Aktive Wirkstoffe: <\/strong><\/p>\n<ul>\n<li><strong>BHA<\/strong> macht sanft und sicher weich und entfernt abgestorbene Hautzellen, um eine tiefere und effektivere Reinigung zu f\u00f6rdern. Hilft auch, die Poren f\u00fcr eine noch tiefere Reinigung zu \u00f6ffnen, wodurch der Schaumreiniger hilfreich bei der Bek\u00e4mpfung von Akne und anderen Hautproblemen ist.<\/li>\n<li><strong>Gr\u00fcner Tee<\/strong> spendet Feuchtigkeit, verbessert den Hautton, macht Ihre Haut sauber und strahlend.<\/li>\n<\/ul>\n<p><strong>Eigenschaften:<\/strong><\/p>\n<ul>\n<li>Tiefenreinigung: Entfernt effektiv Make-up-Reste und andere Verunreinigungen.<\/li>\n<li>Weicher Schaum: Reichhaltiger cremiger Schaum ist perfekt sanft zu Ihrer Haut.<\/li>\n<li>Saubere Poren: Hilft dank spezieller Wirkstoffe, Unreinheiten porentief zu reinigen.<\/li>\n<\/ul>\n<p><strong>Hauptfunktion: <\/strong>Aufhellung, Reinigung, Tonisierung<\/p>\n","protected":false},"featured_media":11972,"comment_status":"open","ping_status":"closed","template":"","meta":{"content-type":"","site-sidebar-layout":"default","site-content-layout":"default","ast-site-content-layout":"default","site-content-style":"default","site-sidebar-style":"default","ast-global-header-display":"","ast-banner-title-visibility":"","ast-main-header-display":"","ast-hfb-above-header-display":"","ast-hfb-below-header-display":"","ast-hfb-mobile-header-display":"","site-post-title":"","ast-breadcrumbs-content":"","ast-featured-img":"","footer-sml-layout":"","ast-disable-related-posts":"","theme-transparent-header-meta":"default","adv-header-id-meta":"","stick-header-meta":"","header-above-stick-meta":"","header-main-stick-meta":"","header-below-stick-meta":"","astra-migrate-meta-layouts":"set","ast-page-background-enabled":"default","ast-page-background-meta":{"desktop":{"background-color":"","background-image":"","background-repeat":"repeat","background-position":"center center","background-size":"auto","background-attachment":"scroll","background-type":"","background-media":"","overlay-type":"","overlay-color":"","overlay-opacity":"","overlay-gradient":""},"tablet":{"background-color":"","background-image":"","background-repeat":"repeat","background-position":"center center","background-size":"auto","background-attachment":"scroll","background-type":"","background-media":"","overlay-type":"","overlay-color":"","overlay-opacity":"","overlay-gradient":""},"mobile":{"background-color":"","background-image":"","background-repeat":"repeat","background-position":"center center","background-size":"auto","background-attachment":"scroll","background-type":"","background-media":"","overlay-type":"","overlay-color":"","overlay-opacity":"","overlay-gradient":""}},"ast-content-background-meta":{"desktop":{"background-color":"var(--ast-global-color-5)","background-image":"","background-repeat":"repeat","background-position":"center center","background-size":"auto","background-attachment":"scroll","background-type":"","background-media":"","overlay-type":"","overlay-color":"","overlay-opacity":"","overlay-gradient":""},"tablet":{"background-color":"var(--ast-global-color-5)","background-image":"","background-repeat":"repeat","background-position":"center center","background-size":"auto","background-attachment":"scroll","background-type":"","background-media":"","overlay-type":"","overlay-color":"","overlay-opacity":"","overlay-gradient":""},"mobile":{"background-color":"var(--ast-global-color-5)","background-image":"","background-repeat":"repeat","background-position":"center center","background-size":"auto","background-attachment":"scroll","background-type":"","background-media":"","overlay-type":"","overlay-color":"","overlay-opacity":"","overlay-gradient":""}}},"product_brand":[],"product_cat":[513,504,503],"product_tag":[427],"class_list":{"0":"post-11977","1":"product","2":"type-product","3":"status-publish","4":"has-post-thumbnail","6":"product_cat-1-cleanser","7":"product_cat-cpnp","8":"product_cat-jkosmec","9":"product_tag-cleanser","10":"pa_beduerfnisse-acne","11":"pa_beduerfnisse-blackheads","12":"pa_hauttyp-all","13":"pa_hauttyp-oily","14":"pa_hauttyp-combination","15":"pa_hauttyp-normal","16":"pa_hauttyp-dry","17":"desktop-align-left","18":"tablet-align-left","19":"mobile-align-left","21":"first","22":"instock","23":"taxable","24":"shipping-taxable","25":"purchasable","26":"product-type-variable","27":"has-default-attributes"},"_links":{"self":[{"href":"https:\/\/healthyskinsecrets.ch\/en\/wp-json\/wp\/v2\/product\/11977","targetHints":{"allow":["GET"]}}],"collection":[{"href":"https:\/\/healthyskinsecrets.ch\/en\/wp-json\/wp\/v2\/product"}],"about":[{"href":"https:\/\/healthyskinsecrets.ch\/en\/wp-json\/wp\/v2\/types\/product"}],"replies":[{"embeddable":true,"href":"https:\/\/healthyskinsecrets.ch\/en\/wp-json\/wp\/v2\/comments?post=11977"}],"wp:featuredmedia":[{"embeddable":true,"href":"https:\/\/healthyskinsecrets.ch\/en\/wp-json\/wp\/v2\/media\/11972"}],"wp:attachment":[{"href":"https:\/\/healthyskinsecrets.ch\/en\/wp-json\/wp\/v2\/media?parent=11977"}],"wp:term":[{"taxonomy":"product_brand","embeddable":true,"href":"https:\/\/healthyskinsecrets.ch\/en\/wp-json\/wp\/v2\/product_brand?post=11977"},{"taxonomy":"product_cat","embeddable":true,"href":"https:\/\/healthyskinsecrets.ch\/en\/wp-json\/wp\/v2\/product_cat?post=11977"},{"taxonomy":"product_tag","embeddable":true,"href":"https:\/\/healthyskinsecrets.ch\/en\/wp-json\/wp\/v2\/product_tag?post=11977"}],"curies":[{"name":"wp","href":"https:\/\/api.w.org\/{rel}","templated":true}]}}