{"id":11963,"date":"2023-02-26T12:31:30","date_gmt":"2023-02-26T12:31:30","guid":{"rendered":"https:\/\/healthyskinsecrets.ch\/product\/missha-m-perfect-covering-bb-cream-no-21-light-beige-spf42-pa-50ml\/"},"modified":"2024-03-23T18:34:49","modified_gmt":"2024-03-23T18:34:49","slug":"missha-m-perfect-covering-bb-cream-no-21-light-beige-spf42-pa-50ml","status":"publish","type":"product","link":"https:\/\/healthyskinsecrets.ch\/en\/product\/missha-m-perfect-covering-bb-cream-no-21-light-beige-spf42-pa-50ml\/","title":{"rendered":"Missha M Perfect Covering BB Cream No.21 Light Beige SPF42 PA+++ 50ml"},"content":{"rendered":"<h3>Anwendung<\/h3>\n<ol>\n<li>Tragen Sie eine gew\u00fcnschte Menge der BB Cream mit den Fingern, einem Foundation-Pinsel oder einem Schwamm auf das Gesicht (und eventuell auf den Hals) auf.<\/li>\n<\/ol>\n<h3>Inhaltsstoffe<\/h3>\n<p><strong><em>Missha M Perfect Cover BB Cream SPF42 PA++ nr.21:<\/em><\/strong><\/p>\n<p>Water (Aqua), Cyclomethicone, Ethylhexyl Methoxycinnamate, Zinc Oxide, Propylene Glycol, Titanium Dioxide, Caprylic\/Capric Triglyceride, PEG-10 Dimethicone, Cetyl PEG\/PPG-10\/1 Dimethicone, Arbutin, Mineral Oil, Glycerin, Polyethylene, Talc, Phenyl Trimethicone, Beeswax (Cera Alba), Iron Oxides (Yellow), Sodium Chloride, Iron Oxides (Red), Iron Oxides (Black), Methylparaben, Dimethicone, Propylparaben, Rosa Canina Fruit Oil, Simmondsia Chinensis (Jojoba) Seed Oil, Squalane, Hydrolyzed Collagen, Macadamia Ternifolia Seed Oil, Disodium EDTA, Adenosine, Caviar Extract, Algae Extract, Rosmarinus Officinalis (Rosemary) Leaf Extract, Chamomilla Recutita (Matricaria) Flower Extract, Sodium Hyaluronate, Fagus Sylvatica Bud Extract, Ceramide 3, Fragrance (Parfum), Hydroxyisohexyl 3-Cyclohexene Carboxaldehyde, Butylphenyl Methylpropional, Benzyl Salicylate, Hydroxycitronellal, Alpha-Isomethyl Ionone, Hexyl Cinnamal, Linalool, Citronellol<\/p>\n<h3>Warnhinweise<\/h3>\n<ol>\n<li>Nur zur \u00e4u\u00dferlichen Anwendung geeignet.<\/li>\n<li>Nicht auf verletzte Haut oder auf Wunden auftragen.<\/li>\n<li>Sollten Nebenwirkungen wie Irritationen oder Ausschlag eintreten, Anwendung sofort beenden und unverz\u00fcglich an einen Arzt wenden.<\/li>\n<li>Kontakt mit den Augen vermeiden. Sollte das Produkt ins Auge gelangen, das Auge sofort gr\u00fcndlich mit klarem Wasser aussp\u00fclen.<\/li>\n<li>Au\u00dfer Reichweite von Kindern aufbewahren.<\/li>\n<li>Nicht schlucken. Bei Verschlucken Arzt oder Giftzentrale aufsuchen.<\/li>\n<\/ol>\n","protected":false},"excerpt":{"rendered":"<p><strong>Missha<\/strong> M Perfect Cover BB Cream ist eines der beliebtesten Produkte der koreanischen Marke und wurde weltweit bisher \u00fcber 30 Millionen Mal verkauft. Diese BB Cream vereint die Kraft der Kosmetik mit den Vorteilen der Hautpflege. Sie weist eine hohe Deckkraft mit einem leuchtenden Finish auf. Geeignet f\u00fcr alle Hauttypen und erh\u00e4ltlich in 6 verschiedenen T\u00f6nen.<\/p>\n<p>Verf\u00fcgbarkeit: Nr. 23 Natural Beige, Nr. 29 Caramel Beige und Nr. 13 .<\/p>\n","protected":false},"featured_media":11962,"comment_status":"open","ping_status":"closed","template":"","meta":{"content-type":"","site-sidebar-layout":"default","site-content-layout":"default","ast-site-content-layout":"default","site-content-style":"default","site-sidebar-style":"default","ast-global-header-display":"","ast-banner-title-visibility":"","ast-main-header-display":"","ast-hfb-above-header-display":"","ast-hfb-below-header-display":"","ast-hfb-mobile-header-display":"","site-post-title":"","ast-breadcrumbs-content":"","ast-featured-img":"","footer-sml-layout":"","ast-disable-related-posts":"","theme-transparent-header-meta":"default","adv-header-id-meta":"","stick-header-meta":"","header-above-stick-meta":"","header-main-stick-meta":"","header-below-stick-meta":"","astra-migrate-meta-layouts":"set","ast-page-background-enabled":"default","ast-page-background-meta":{"desktop":{"background-color":"","background-image":"","background-repeat":"repeat","background-position":"center center","background-size":"auto","background-attachment":"scroll","background-type":"","background-media":"","overlay-type":"","overlay-color":"","overlay-opacity":"","overlay-gradient":""},"tablet":{"background-color":"","background-image":"","background-repeat":"repeat","background-position":"center center","background-size":"auto","background-attachment":"scroll","background-type":"","background-media":"","overlay-type":"","overlay-color":"","overlay-opacity":"","overlay-gradient":""},"mobile":{"background-color":"","background-image":"","background-repeat":"repeat","background-position":"center center","background-size":"auto","background-attachment":"scroll","background-type":"","background-media":"","overlay-type":"","overlay-color":"","overlay-opacity":"","overlay-gradient":""}},"ast-content-background-meta":{"desktop":{"background-color":"var(--ast-global-color-5)","background-image":"","background-repeat":"repeat","background-position":"center center","background-size":"auto","background-attachment":"scroll","background-type":"","background-media":"","overlay-type":"","overlay-color":"","overlay-opacity":"","overlay-gradient":""},"tablet":{"background-color":"var(--ast-global-color-5)","background-image":"","background-repeat":"repeat","background-position":"center center","background-size":"auto","background-attachment":"scroll","background-type":"","background-media":"","overlay-type":"","overlay-color":"","overlay-opacity":"","overlay-gradient":""},"mobile":{"background-color":"var(--ast-global-color-5)","background-image":"","background-repeat":"repeat","background-position":"center center","background-size":"auto","background-attachment":"scroll","background-type":"","background-media":"","overlay-type":"","overlay-color":"","overlay-opacity":"","overlay-gradient":""}}},"product_brand":[],"product_cat":[521,588,504,291],"product_tag":[],"class_list":{"0":"post-11963","1":"product","2":"type-product","3":"status-publish","4":"has-post-thumbnail","6":"product_cat-10-gesichtssonnencreme","7":"product_cat-10-sonnenschutz","8":"product_cat-cpnp","9":"product_cat-missha","10":"pa_farbe-13-bright-beige","11":"pa_farbe-21-light-beige","12":"pa_farbe-23-natural-beige","13":"pa_farbe-nr-29-caramel-beige","14":"pa_hauttyp-all","15":"desktop-align-left","16":"tablet-align-left","17":"mobile-align-left","19":"first","20":"instock","21":"taxable","22":"shipping-taxable","23":"purchasable","24":"product-type-variable"},"_links":{"self":[{"href":"https:\/\/healthyskinsecrets.ch\/en\/wp-json\/wp\/v2\/product\/11963","targetHints":{"allow":["GET"]}}],"collection":[{"href":"https:\/\/healthyskinsecrets.ch\/en\/wp-json\/wp\/v2\/product"}],"about":[{"href":"https:\/\/healthyskinsecrets.ch\/en\/wp-json\/wp\/v2\/types\/product"}],"replies":[{"embeddable":true,"href":"https:\/\/healthyskinsecrets.ch\/en\/wp-json\/wp\/v2\/comments?post=11963"}],"wp:featuredmedia":[{"embeddable":true,"href":"https:\/\/healthyskinsecrets.ch\/en\/wp-json\/wp\/v2\/media\/11962"}],"wp:attachment":[{"href":"https:\/\/healthyskinsecrets.ch\/en\/wp-json\/wp\/v2\/media?parent=11963"}],"wp:term":[{"taxonomy":"product_brand","embeddable":true,"href":"https:\/\/healthyskinsecrets.ch\/en\/wp-json\/wp\/v2\/product_brand?post=11963"},{"taxonomy":"product_cat","embeddable":true,"href":"https:\/\/healthyskinsecrets.ch\/en\/wp-json\/wp\/v2\/product_cat?post=11963"},{"taxonomy":"product_tag","embeddable":true,"href":"https:\/\/healthyskinsecrets.ch\/en\/wp-json\/wp\/v2\/product_tag?post=11963"}],"curies":[{"name":"wp","href":"https:\/\/api.w.org\/{rel}","templated":true}]}}