{"id":11950,"date":"2023-02-26T12:31:22","date_gmt":"2023-02-26T12:31:22","guid":{"rendered":"https:\/\/healthyskinsecrets.ch\/product\/missha-super-aqua-ultra-hyalron-peeling-gel\/"},"modified":"2023-06-17T11:59:13","modified_gmt":"2023-06-17T11:59:13","slug":"missha-super-aqua-ultra-hyalron-peeling-gel","status":"publish","type":"product","link":"https:\/\/healthyskinsecrets.ch\/en\/product\/missha-super-aqua-ultra-hyalron-peeling-gel\/","title":{"rendered":"Missha Super Aqua Ultra Hyalron Peeling Gel 100ml"},"content":{"rendered":"<h3><strong>Anwendung<\/strong><\/h3>\n<p>Nehmen Sie eine geringe Menge des Peeling Gels auf Ihre feuchten H\u00e4nde und massieren es zart ein. Anschlie\u00dfend mit reichlich lauwarmem Wasser abwaschen und mit einem Cleansing Foam oder Creme nachreinigen.<\/p>\n<h3>Inhaltsstoffe<\/h3>\n<p>Water, Glycerin, Cellulose, Butylene Glycol, Dipropylene Glycol, Pentylene Glycol, C12-14 Pareth-12, 1,2-Hexanediol, Carbomer, Tromethamine, Caprylyl Glycol, Betaine, Citrus Aurantium Dulcis (Orange) Peel Oil, Lavandula Angustifolia (Lavender) Oil, Disodium EDTA, Glycine Soja (Soybean) Seed Extract, Dipotassium Glycyrrhizate, Pinus Sylvestris Leaf Oil, Propanediol, Octanediol, Sodium Hyaluronate, Ethylhexylglycerin, Benzyl Glycol, Hydrolyzed Glycosaminoglycans, Hydroxypropyltrimonium Hyaluronate, Sodium Hyaluronate Crosspolymer, Citrus Aurantifolia (Lime) Fruit Extract, Citrus Aurantium Dulcis (Orange) Fruit Extract, Citrus Limon (Lemon) Fruit Extract, Paeonia Suffruticosa Root Extract, Pyrus Malus (Apple) Fruit Extract, Vitis Vinifera (Grape) Fruit Extract, Hydrolyzed Hyaluronic Acid, Sodium Acetylated Hyaluronate, Hyaluronic Acid, Hydrolyzed Sodium Hyaluronate, Potassium Hyaluronate,<\/p>\n<h3>Warnhinweise<\/h3>\n<ol>\n<li>Nur zur \u00e4u\u00dferlichen Anwendung geeignet.<\/li>\n<li>Nicht auf verletzte Haut oder auf Wunden auftragen.<\/li>\n<li>Sollten Nebenwirkungen wie Irritationen oder Ausschlag eintreten, Anwendung sofort beenden und unverz\u00fcglich an einen Arzt wenden.<\/li>\n<li>Kontakt mit den Augen vermeiden. Sollte das Produkt ins Auge gelangen, das Auge sofort gr\u00fcndlich mit klarem Wasser aussp\u00fclen.<\/li>\n<li>Au\u00dfer Reichweite von Kindern aufbewahren.<\/li>\n<li>Nicht schlucken. Bei Verschlucken Arzt oder Giftzentrale aufsuchen.<\/li>\n<\/ol>\n","protected":false},"excerpt":{"rendered":"<p><strong>Mildes Peelinggel mit Hyalurons\u00e4ure<\/strong>\u00a0f\u00fcr pralle Feuchtgkeitsversorgung bereits im ersten Pflegeschritt. 10 Arten verschieden gro\u00dfer Hyalurons\u00e4ure dringen bis in die tiefste Hautschicht vor und f\u00fcllen dort schon bei der Reinigung die Feuchtigkeitsdepot prall auf. Feinste Peelingpartikel entfernen sanft Verunreinigungen und Make up Reste und ziehen Talg und Ablagerungen aus den Poren. So kann die nachfolgende Pflege perfekt von der Haut aufgenommen werden und ihre volle Wirkung f\u00fcr einen zauberhaft strahlenden Teint entfalten.<\/p>\n<p>&nbsp;<\/p>\n<p><strong>Konzept<\/strong><\/p>\n<p>Die MISSHA Super Aqua Ultra Hyalron Cleansing Line spendet der Haut tiefenwirksame Feuchtigkeit mit Hyalurons\u00e4ure.<\/p>\n<ol>\n<li>Hyalurons\u00e4ure ist eine feuchtigkeitsspendende Komponente, eine Art Polysaccharid, das\u00a0<strong>bis zu 1000-mal mehr Wasser<\/strong>\u00a0als sein Eigengewicht binden kann.<\/li>\n<li>Sie hat eine\u00a0<strong>ausgezeichnete Absorptionskraft<\/strong>.<\/li>\n<li>Hyalurons\u00e4ure\u00a0<strong>verhindert das Verdunsten von Feuchtigkeit<\/strong>\u00a0und versorgt die Haut mit Feuchtigkeit und N\u00e4hrstoffen.<\/li>\n<\/ol>\n<p>Warum verwendet MISSHA Super Aqua Ultra Cleansing Line einen 10-Grad-Hyalurons\u00e4urekomplex?<\/p>\n<p>Unterschiedliche Gr\u00f6\u00dfen von Hyalurons\u00e4uremolek\u00fclen sorgen daf\u00fcr, dass jede einzelne Hautschicht hydratisiert wird. Hyalurons\u00e4ure schlie\u00dft die Feuchtigkeit ein und sorgt so f\u00fcr eine lang anhaltende Feuchtigkeitsversorgung.<\/p>\n","protected":false},"featured_media":11948,"comment_status":"open","ping_status":"closed","template":"","meta":{"content-type":"","site-sidebar-layout":"default","site-content-layout":"default","ast-site-content-layout":"default","site-content-style":"default","site-sidebar-style":"default","ast-global-header-display":"","ast-banner-title-visibility":"","ast-main-header-display":"","ast-hfb-above-header-display":"","ast-hfb-below-header-display":"","ast-hfb-mobile-header-display":"","site-post-title":"","ast-breadcrumbs-content":"","ast-featured-img":"","footer-sml-layout":"","ast-disable-related-posts":"","theme-transparent-header-meta":"default","adv-header-id-meta":"","stick-header-meta":"","header-above-stick-meta":"","header-main-stick-meta":"","header-below-stick-meta":"","astra-migrate-meta-layouts":"default","ast-page-background-enabled":"default","ast-page-background-meta":{"desktop":{"background-color":"","background-image":"","background-repeat":"repeat","background-position":"center center","background-size":"auto","background-attachment":"scroll","background-type":"","background-media":"","overlay-type":"","overlay-color":"","overlay-opacity":"","overlay-gradient":""},"tablet":{"background-color":"","background-image":"","background-repeat":"repeat","background-position":"center center","background-size":"auto","background-attachment":"scroll","background-type":"","background-media":"","overlay-type":"","overlay-color":"","overlay-opacity":"","overlay-gradient":""},"mobile":{"background-color":"","background-image":"","background-repeat":"repeat","background-position":"center center","background-size":"auto","background-attachment":"scroll","background-type":"","background-media":"","overlay-type":"","overlay-color":"","overlay-opacity":"","overlay-gradient":""}},"ast-content-background-meta":{"desktop":{"background-color":"var(--ast-global-color-5)","background-image":"","background-repeat":"repeat","background-position":"center center","background-size":"auto","background-attachment":"scroll","background-type":"","background-media":"","overlay-type":"","overlay-color":"","overlay-opacity":"","overlay-gradient":""},"tablet":{"background-color":"var(--ast-global-color-5)","background-image":"","background-repeat":"repeat","background-position":"center center","background-size":"auto","background-attachment":"scroll","background-type":"","background-media":"","overlay-type":"","overlay-color":"","overlay-opacity":"","overlay-gradient":""},"mobile":{"background-color":"var(--ast-global-color-5)","background-image":"","background-repeat":"repeat","background-position":"center center","background-size":"auto","background-attachment":"scroll","background-type":"","background-media":"","overlay-type":"","overlay-color":"","overlay-opacity":"","overlay-gradient":""}}},"product_brand":[],"product_cat":[512,504,424,291],"product_tag":[45],"class_list":{"0":"post-11950","1":"product","2":"type-product","3":"status-publish","4":"has-post-thumbnail","6":"product_cat-2-gesichtspeeling","7":"product_cat-cpnp","8":"product_cat-facial-care","9":"product_cat-missha","10":"product_tag-moisturizer","11":"pa_beduerfnisse-dehydrated","12":"pa_hauttyp-all","13":"pa_hauttyp-normal","14":"pa_hauttyp-dry","15":"desktop-align-left","16":"tablet-align-left","17":"mobile-align-left","19":"first","20":"instock","21":"taxable","22":"shipping-taxable","23":"purchasable","24":"product-type-variable"},"_links":{"self":[{"href":"https:\/\/healthyskinsecrets.ch\/en\/wp-json\/wp\/v2\/product\/11950","targetHints":{"allow":["GET"]}}],"collection":[{"href":"https:\/\/healthyskinsecrets.ch\/en\/wp-json\/wp\/v2\/product"}],"about":[{"href":"https:\/\/healthyskinsecrets.ch\/en\/wp-json\/wp\/v2\/types\/product"}],"replies":[{"embeddable":true,"href":"https:\/\/healthyskinsecrets.ch\/en\/wp-json\/wp\/v2\/comments?post=11950"}],"wp:featuredmedia":[{"embeddable":true,"href":"https:\/\/healthyskinsecrets.ch\/en\/wp-json\/wp\/v2\/media\/11948"}],"wp:attachment":[{"href":"https:\/\/healthyskinsecrets.ch\/en\/wp-json\/wp\/v2\/media?parent=11950"}],"wp:term":[{"taxonomy":"product_brand","embeddable":true,"href":"https:\/\/healthyskinsecrets.ch\/en\/wp-json\/wp\/v2\/product_brand?post=11950"},{"taxonomy":"product_cat","embeddable":true,"href":"https:\/\/healthyskinsecrets.ch\/en\/wp-json\/wp\/v2\/product_cat?post=11950"},{"taxonomy":"product_tag","embeddable":true,"href":"https:\/\/healthyskinsecrets.ch\/en\/wp-json\/wp\/v2\/product_tag?post=11950"}],"curies":[{"name":"wp","href":"https:\/\/api.w.org\/{rel}","templated":true}]}}