{"id":11468,"date":"2023-01-19T15:34:30","date_gmt":"2023-01-19T15:34:30","guid":{"rendered":"https:\/\/healthyskinsecrets.ch\/product\/import-placeholder-for-10487\/"},"modified":"2026-02-24T10:41:49","modified_gmt":"2026-02-24T10:41:49","slug":"acwell-licorice-ph-essence-mist-100ml","status":"publish","type":"product","link":"https:\/\/healthyskinsecrets.ch\/en\/product\/acwell-licorice-ph-essence-mist-100ml\/","title":{"rendered":"Acwell Licorice pH Balancing Essence Mist 100 ml"},"content":{"rendered":"<h3>Anwendung<\/h3>\n<ol>\n<li>Nach der Reinigung eine m\u00e4\u00dfige Menge auf die Handfl\u00e4che geben.<\/li>\n<li>Auf das gesamte Gesicht auftragen und f\u00fcr eine bessere Aufnahme sanft einklopfen.<\/li>\n<li><span style=\"font-size: 16px;\">Tragen Sie bei Bedarf mehrere Schichten f\u00fcr eine bessere feuchtigkeitsspendende Wirkung auf.<\/span><\/li>\n<\/ol>\n<h3>Inhaltsstoffe<\/h3>\n<p>Water, Bambusa Vulgaris Water, Glycyrrhiza Glabra (Licorice) Root Water, Saccharomyces Ferment Filtrate, Methylpropanediol, Triethylhexanoin, Hydrogenated Poly(C6-14 Olefin), 1,2-Hexanediol, Hydrogenated Lecithin, Glycerin, Cellulose Gum, Centella Asiatica Leaf Water, Glycyrrhiza Uralensis (Licorice) Root Extract, Algae Extract, Eclipta Prostrata Leaf Extract, Royal Jelly Extract, Cordyceps Sinensis Extract, Yeast Extract, Avena Sativa (Oat) Kernel Extract, Cynara Scolymus (Artichoke) Leaf Extract, Pteris Multifida Extract, Vaccinium Myrtillus Fruit Extract, Saccharum Officinarum (Sugarcane) Extract, Citrus Aurantium Dulcis (Orange) Fruit Extract, Citrus Limon (Lemon) Fruit Extract, Acer Saccharum (Sugar Maple) Extract, Dipropylene Glycol, Polyglyceryl-10 Myristate, Citrus Aurantium Bergamia (Bergamot) Fruit Oil, Ethylhexylglycerin, Beta-Glucan, Polyquaternium-51, Fructooligosaccharides, Lecithin, Hydrolyzed Hyaluronic Acid<\/p>\n<h3>Warnhinweise<\/h3>\n<ol>\n<li>Nur zur \u00e4u\u00dferlichen Anwendung geeignet.<\/li>\n<li>Nicht auf verletzte Haut oder auf Wunden auftragen.<\/li>\n<li>Sollten Nebenwirkungen wie Irritationen oder Ausschlag eintreten, Anwendung sofort beenden und unverz\u00fcglich an einen Arzt wenden.<\/li>\n<li>Kontakt mit den Augen vermeiden. Sollte das Produkt ins Auge gelangen, das Auge sofort gr\u00fcndlich mit klarem Wasser aussp\u00fclen.<\/li>\n<li>Au\u00dfer Reichweite von Kindern aufbewahren.<\/li>\n<li>Nicht schlucken. Bei Verschlucken Arzt oder Giftzentrale aufsuchen.<\/li>\n<\/ol>\n","protected":false},"excerpt":{"rendered":"<p>Dieser Mist ist anders als alle anderen, die Sie zuvor verwendet haben, dank seiner milchigen Textur, die ein ultrafeines, gleichm\u00e4\u00dfiges Spr\u00fchen liefert, und seiner ausgleichenden, n\u00e4hrstoffreichen Formel.<\/p>\n<p>Zu den Hauptzutaten geh\u00f6ren aufhellendes Saccharomyces-Fermentfiltrat und S\u00fc\u00dfholzwasser und Wurzelextrakte, feuchtigkeitsbindendes Bambuswasser und beruhigendes Centella Asiatica-Blattwasser.<\/p>\n<p>Ohne zus\u00e4tzlichen Duft oder potenziell reizende Inhaltsstoffe ist das Spray perfekt f\u00fcr alle Hauttypen und das ultimative Gegenmittel gegen Trockenheit, Mattigkeit und Empfindlichkeit.<\/p>\n<p>pH level of ~5.5-6.<\/p>\n","protected":false},"featured_media":11510,"comment_status":"open","ping_status":"closed","template":"","meta":{"content-type":"","site-sidebar-layout":"default","site-content-layout":"default","ast-site-content-layout":"default","site-content-style":"default","site-sidebar-style":"default","ast-global-header-display":"","ast-banner-title-visibility":"","ast-main-header-display":"","ast-hfb-above-header-display":"","ast-hfb-below-header-display":"","ast-hfb-mobile-header-display":"","site-post-title":"","ast-breadcrumbs-content":"","ast-featured-img":"","footer-sml-layout":"","ast-disable-related-posts":"","theme-transparent-header-meta":"default","adv-header-id-meta":"","stick-header-meta":"","header-above-stick-meta":"","header-main-stick-meta":"","header-below-stick-meta":"","astra-migrate-meta-layouts":"set","ast-page-background-enabled":"default","ast-page-background-meta":{"desktop":{"background-color":"","background-image":"","background-repeat":"repeat","background-position":"center center","background-size":"auto","background-attachment":"scroll","background-type":"","background-media":"","overlay-type":"","overlay-color":"","overlay-opacity":"","overlay-gradient":""},"tablet":{"background-color":"","background-image":"","background-repeat":"repeat","background-position":"center center","background-size":"auto","background-attachment":"scroll","background-type":"","background-media":"","overlay-type":"","overlay-color":"","overlay-opacity":"","overlay-gradient":""},"mobile":{"background-color":"","background-image":"","background-repeat":"repeat","background-position":"center center","background-size":"auto","background-attachment":"scroll","background-type":"","background-media":"","overlay-type":"","overlay-color":"","overlay-opacity":"","overlay-gradient":""}},"ast-content-background-meta":{"desktop":{"background-color":"var(--ast-global-color-5)","background-image":"","background-repeat":"repeat","background-position":"center center","background-size":"auto","background-attachment":"scroll","background-type":"","background-media":"","overlay-type":"","overlay-color":"","overlay-opacity":"","overlay-gradient":""},"tablet":{"background-color":"var(--ast-global-color-5)","background-image":"","background-repeat":"repeat","background-position":"center center","background-size":"auto","background-attachment":"scroll","background-type":"","background-media":"","overlay-type":"","overlay-color":"","overlay-opacity":"","overlay-gradient":""},"mobile":{"background-color":"var(--ast-global-color-5)","background-image":"","background-repeat":"repeat","background-position":"center center","background-size":"auto","background-attachment":"scroll","background-type":"","background-media":"","overlay-type":"","overlay-color":"","overlay-opacity":"","overlay-gradient":""}}},"product_brand":[],"product_cat":[510,514,228,504,424],"product_tag":[40,425,517,525],"class_list":{"0":"post-11468","1":"product","2":"type-product","3":"status-publish","4":"has-post-thumbnail","6":"product_cat-3-gesichtswasser-toner","7":"product_cat-5-essence","8":"product_cat-acwell","9":"product_cat-cpnp","10":"product_cat-facial-care","11":"product_tag-toner-mist","12":"product_tag-essence-serum-oil","13":"product_tag-essence","14":"product_tag-mist","15":"pa_beduerfnisse-tired-skin","16":"pa_beduerfnisse-pigmentation","17":"pa_beduerfnisse-dehydrated","18":"pa_hauttyp-all","19":"pa_hauttyp-sensitive-skin","20":"pa_hauttyp-dry","21":"desktop-align-left","22":"tablet-align-left","23":"mobile-align-left","25":"first","26":"outofstock","27":"taxable","28":"shipping-taxable","29":"purchasable","30":"product-type-variable"},"_links":{"self":[{"href":"https:\/\/healthyskinsecrets.ch\/en\/wp-json\/wp\/v2\/product\/11468","targetHints":{"allow":["GET"]}}],"collection":[{"href":"https:\/\/healthyskinsecrets.ch\/en\/wp-json\/wp\/v2\/product"}],"about":[{"href":"https:\/\/healthyskinsecrets.ch\/en\/wp-json\/wp\/v2\/types\/product"}],"replies":[{"embeddable":true,"href":"https:\/\/healthyskinsecrets.ch\/en\/wp-json\/wp\/v2\/comments?post=11468"}],"wp:featuredmedia":[{"embeddable":true,"href":"https:\/\/healthyskinsecrets.ch\/en\/wp-json\/wp\/v2\/media\/11510"}],"wp:attachment":[{"href":"https:\/\/healthyskinsecrets.ch\/en\/wp-json\/wp\/v2\/media?parent=11468"}],"wp:term":[{"taxonomy":"product_brand","embeddable":true,"href":"https:\/\/healthyskinsecrets.ch\/en\/wp-json\/wp\/v2\/product_brand?post=11468"},{"taxonomy":"product_cat","embeddable":true,"href":"https:\/\/healthyskinsecrets.ch\/en\/wp-json\/wp\/v2\/product_cat?post=11468"},{"taxonomy":"product_tag","embeddable":true,"href":"https:\/\/healthyskinsecrets.ch\/en\/wp-json\/wp\/v2\/product_tag?post=11468"}],"curies":[{"name":"wp","href":"https:\/\/api.w.org\/{rel}","templated":true}]}}