{"id":6570,"date":"2021-06-20T11:49:35","date_gmt":"2021-06-20T11:49:35","guid":{"rendered":"https:\/\/healthyskinsecrets.ch\/?page_id=6570"},"modified":"2022-12-06T15:14:43","modified_gmt":"2022-12-06T15:14:43","slug":"heres-how-it-works","status":"publish","type":"page","link":"https:\/\/healthyskinsecrets.ch\/en\/heres-how-it-works\/","title":{"rendered":"Here's how it works"},"content":{"rendered":"\t\t<div data-elementor-type=\"wp-page\" data-elementor-id=\"6570\" class=\"elementor elementor-6570\">\n\t\t\t\t\t\t<section class=\"elementor-section elementor-top-section elementor-element elementor-element-3aaa94f elementor-section-boxed elementor-section-height-default elementor-section-height-default\" data-id=\"3aaa94f\" data-element_type=\"section\" data-e-type=\"section\">\n\t\t\t\t\t\t<div class=\"elementor-container elementor-column-gap-default\">\n\t\t\t\t\t<div class=\"elementor-column elementor-col-100 elementor-top-column elementor-element elementor-element-404f9a1\" data-id=\"404f9a1\" data-element_type=\"column\" data-e-type=\"column\">\n\t\t\t<div class=\"elementor-widget-wrap elementor-element-populated\">\n\t\t\t\t\t\t<div class=\"elementor-element elementor-element-97ff1fd elementor-widget elementor-widget-heading\" data-id=\"97ff1fd\" data-element_type=\"widget\" data-e-type=\"widget\" data-widget_type=\"heading.default\">\n\t\t\t\t<div class=\"elementor-widget-container\">\n\t\t\t\t\t<h4 class=\"elementor-heading-title elementor-size-default\">Ecco come funziona<\/h4>\t\t\t\t<\/div>\n\t\t\t\t<\/div>\n\t\t\t\t\t<\/div>\n\t\t<\/div>\n\t\t\t\t\t<\/div>\n\t\t<\/section>\n\t\t\t\t<section class=\"elementor-section elementor-top-section elementor-element elementor-element-a2560f1 elementor-section-boxed elementor-section-height-default elementor-section-height-default\" data-id=\"a2560f1\" data-element_type=\"section\" data-e-type=\"section\">\n\t\t\t\t\t\t<div class=\"elementor-container elementor-column-gap-default\">\n\t\t\t\t\t<div class=\"elementor-column elementor-col-100 elementor-top-column elementor-element elementor-element-cb92da4\" data-id=\"cb92da4\" data-element_type=\"column\" data-e-type=\"column\">\n\t\t\t<div class=\"elementor-widget-wrap elementor-element-populated\">\n\t\t\t\t\t\t<div class=\"elementor-element elementor-element-69fd680 elementor-widget elementor-widget-text-editor\" data-id=\"69fd680\" data-element_type=\"widget\" data-e-type=\"widget\" data-widget_type=\"text-editor.default\">\n\t\t\t\t<div class=\"elementor-widget-container\">\n\t\t\t\t\t\t\t\t\t<p>First, we must note that you\u2019ll only be able to see our wholesale prices once you\u2019re signed into your account.<br \/>Ready to buy wholesale Korean cosmetics to sell?<\/p><p>HERE\u2019S HOW IT WORKS:<br \/>1. Register on our site with your company information.<br \/>2. If everything is correct,\u00a0we\u2019ll approve\u00a0you as a user<\/p><p>3. Choose the products\u00a0you want to purchase from our excellent assortment. Note: You will not pay online. We\u2019ll send you an invoice in the next step!<\/p><p>4. We\u2019ll\u00a0confirm the order\u00a0in accordance to stock or conditions and send you an email with the invoice. You will then proceed with payment via wire transfer.<\/p><p>5. We then take care of the importation process and\u00a0ship your order\u00a0within. You\u2019ll be able to access your purchase history in \u201cMy Account &gt; Order History\u201d.<\/p><p>MOQ, MOA, RRP<br \/>There is a MOA (minimum order amount) of 100\u20ac per order.<br \/>For sheet masks, the MOQ (minimum order quantity) is 10 units per mask per reference. For the rest of our products, the minimum order is 1 units per reference.<br \/>The RRP (recommended retail price) should be the same or superior to Vanesis.com or Tomy Klou.ch price.<br \/>Prices shown on this website do not include tax.<\/p><p>SHIPPING<\/p><p>Since UK is no longer part of the EU, UK retailers may need to pay for the import tax (UK VAT + admin fee), billed separately via the courier service.<\/p><p>PAYMENT<br \/>The full payment must be done in advance by wire transfer.<\/p><p>TERRITORY<br \/>EU, Switzerland.<br \/>Products can only be sold in the client\u2019s billing country. Products cannot be sold on Amazon, eBay or similar marketplaces and platforms.<\/p>\t\t\t\t\t\t\t\t<\/div>\n\t\t\t\t<\/div>\n\t\t\t\t\t<\/div>\n\t\t<\/div>\n\t\t\t\t\t<\/div>\n\t\t<\/section>\n\t\t\t\t<section class=\"elementor-section elementor-top-section elementor-element elementor-element-bda182b elementor-section-boxed elementor-section-height-default elementor-section-height-default\" data-id=\"bda182b\" data-element_type=\"section\" data-e-type=\"section\">\n\t\t\t\t\t\t<div class=\"elementor-container elementor-column-gap-default\">\n\t\t\t\t\t<div class=\"elementor-column elementor-col-100 elementor-top-column elementor-element elementor-element-e1a07a5\" data-id=\"e1a07a5\" data-element_type=\"column\" data-e-type=\"column\">\n\t\t\t<div class=\"elementor-widget-wrap elementor-element-populated\">\n\t\t\t\t\t\t<div class=\"elementor-element elementor-element-fc4a254 elementor-align-center elementor-widget elementor-widget-button\" data-id=\"fc4a254\" data-element_type=\"widget\" data-e-type=\"widget\" data-widget_type=\"button.default\">\n\t\t\t\t<div class=\"elementor-widget-container\">\n\t\t\t\t\t\t\t\t\t<div class=\"elementor-button-wrapper\">\n\t\t\t\t\t<a class=\"elementor-button elementor-button-link elementor-size-sm\" href=\"https:\/\/healthyskinsecrets.ch\/?page_id=818\">\n\t\t\t\t\t\t<span class=\"elementor-button-content-wrapper\">\n\t\t\t\t\t\t\t\t\t<span class=\"elementor-button-text\">sign up \/ log in<\/span>\n\t\t\t\t\t<\/span>\n\t\t\t\t\t<\/a>\n\t\t\t\t<\/div>\n\t\t\t\t\t\t\t\t<\/div>\n\t\t\t\t<\/div>\n\t\t\t\t\t<\/div>\n\t\t<\/div>\n\t\t\t\t\t<\/div>\n\t\t<\/section>\n\t\t\t\t<\/div>\n\t\t","protected":false},"excerpt":{"rendered":"<p>So funktioniert das Zun\u00e4chst m\u00fcssen wir beachten, dass Sie unsere Gro\u00dfhandelspreise nur sehen k\u00f6nnen, wenn Sie sich in Ihrem Konto angemeldet haben.Sind Sie bereit, koreanische Kosmetik im Gro\u00dfhandel zu kaufen, um sie zu verkaufen? SO FUNKTIONIERT DAS:1. Registrieren Sie sich auf unserer Seite mit Ihren Firmendaten.2. Wenn alles korrekt ist, werden wir Sie als Nutzer [&hellip;]<\/p>\n","protected":false},"author":1,"featured_media":0,"parent":0,"menu_order":0,"comment_status":"closed","ping_status":"closed","template":"","meta":{"content-type":"","site-sidebar-layout":"no-sidebar","site-content-layout":"page-builder","ast-site-content-layout":"default","site-content-style":"default","site-sidebar-style":"default","ast-global-header-display":"","ast-banner-title-visibility":"","ast-main-header-display":"","ast-hfb-above-header-display":"","ast-hfb-below-header-display":"","ast-hfb-mobile-header-display":"","site-post-title":"disabled","ast-breadcrumbs-content":"","ast-featured-img":"disabled","footer-sml-layout":"","ast-disable-related-posts":"","theme-transparent-header-meta":"default","adv-header-id-meta":"","stick-header-meta":"","header-above-stick-meta":"","header-main-stick-meta":"","header-below-stick-meta":"","astra-migrate-meta-layouts":"default","ast-page-background-enabled":"default","ast-page-background-meta":{"desktop":{"background-color":"","background-image":"","background-repeat":"repeat","background-position":"center center","background-size":"auto","background-attachment":"scroll","background-type":"","background-media":"","overlay-type":"","overlay-color":"","overlay-opacity":"","overlay-gradient":""},"tablet":{"background-color":"","background-image":"","background-repeat":"repeat","background-position":"center center","background-size":"auto","background-attachment":"scroll","background-type":"","background-media":"","overlay-type":"","overlay-color":"","overlay-opacity":"","overlay-gradient":""},"mobile":{"background-color":"","background-image":"","background-repeat":"repeat","background-position":"center center","background-size":"auto","background-attachment":"scroll","background-type":"","background-media":"","overlay-type":"","overlay-color":"","overlay-opacity":"","overlay-gradient":""}},"ast-content-background-meta":{"desktop":{"background-color":"var(--ast-global-color-5)","background-image":"","background-repeat":"repeat","background-position":"center center","background-size":"auto","background-attachment":"scroll","background-type":"","background-media":"","overlay-type":"","overlay-color":"","overlay-opacity":"","overlay-gradient":""},"tablet":{"background-color":"var(--ast-global-color-5)","background-image":"","background-repeat":"repeat","background-position":"center center","background-size":"auto","background-attachment":"scroll","background-type":"","background-media":"","overlay-type":"","overlay-color":"","overlay-opacity":"","overlay-gradient":""},"mobile":{"background-color":"var(--ast-global-color-5)","background-image":"","background-repeat":"repeat","background-position":"center center","background-size":"auto","background-attachment":"scroll","background-type":"","background-media":"","overlay-type":"","overlay-color":"","overlay-opacity":"","overlay-gradient":""}},"footnotes":""},"class_list":["post-6570","page","type-page","status-publish","hentry"],"_links":{"self":[{"href":"https:\/\/healthyskinsecrets.ch\/en\/wp-json\/wp\/v2\/pages\/6570","targetHints":{"allow":["GET"]}}],"collection":[{"href":"https:\/\/healthyskinsecrets.ch\/en\/wp-json\/wp\/v2\/pages"}],"about":[{"href":"https:\/\/healthyskinsecrets.ch\/en\/wp-json\/wp\/v2\/types\/page"}],"author":[{"embeddable":true,"href":"https:\/\/healthyskinsecrets.ch\/en\/wp-json\/wp\/v2\/users\/1"}],"replies":[{"embeddable":true,"href":"https:\/\/healthyskinsecrets.ch\/en\/wp-json\/wp\/v2\/comments?post=6570"}],"version-history":[{"count":26,"href":"https:\/\/healthyskinsecrets.ch\/en\/wp-json\/wp\/v2\/pages\/6570\/revisions"}],"predecessor-version":[{"id":11313,"href":"https:\/\/healthyskinsecrets.ch\/en\/wp-json\/wp\/v2\/pages\/6570\/revisions\/11313"}],"wp:attachment":[{"href":"https:\/\/healthyskinsecrets.ch\/en\/wp-json\/wp\/v2\/media?parent=6570"}],"curies":[{"name":"wp","href":"https:\/\/api.w.org\/{rel}","templated":true}]}}