{"id":1213,"date":"2020-12-04T21:25:28","date_gmt":"2020-12-04T21:25:28","guid":{"rendered":"https:\/\/healthyskinsecrets.ch\/?page_id=1213"},"modified":"2022-12-06T14:59:43","modified_gmt":"2022-12-06T14:59:43","slug":"payment-methods-shipping","status":"publish","type":"page","link":"https:\/\/healthyskinsecrets.ch\/en\/payment-methods-shipping\/","title":{"rendered":"Payment methods & Shipping"},"content":{"rendered":"\t\t<div data-elementor-type=\"wp-page\" data-elementor-id=\"1213\" class=\"elementor elementor-1213\">\n\t\t\t\t\t\t<section class=\"elementor-section elementor-top-section elementor-element elementor-element-1feccf9 elementor-section-boxed elementor-section-height-default elementor-section-height-default\" data-id=\"1feccf9\" data-element_type=\"section\" data-e-type=\"section\">\n\t\t\t\t\t\t<div class=\"elementor-container elementor-column-gap-default\">\n\t\t\t\t\t<div class=\"elementor-column elementor-col-100 elementor-top-column elementor-element elementor-element-3f16abd\" data-id=\"3f16abd\" data-element_type=\"column\" data-e-type=\"column\">\n\t\t\t<div class=\"elementor-widget-wrap elementor-element-populated\">\n\t\t\t\t\t\t<div class=\"elementor-element elementor-element-f8aba9b elementor-widget elementor-widget-heading\" data-id=\"f8aba9b\" data-element_type=\"widget\" data-e-type=\"widget\" data-widget_type=\"heading.default\">\n\t\t\t\t<div class=\"elementor-widget-container\">\n\t\t\t\t\t<h2 class=\"elementor-heading-title elementor-size-default\">Zahlungsmethoden, Versand und R\u00fccksendungen<\/h2>\t\t\t\t<\/div>\n\t\t\t\t<\/div>\n\t\t\t\t\t<\/div>\n\t\t<\/div>\n\t\t\t\t\t<\/div>\n\t\t<\/section>\n\t\t\t\t<section class=\"elementor-section elementor-top-section elementor-element elementor-element-82f62c8 elementor-section-boxed elementor-section-height-default elementor-section-height-default\" data-id=\"82f62c8\" data-element_type=\"section\" data-e-type=\"section\">\n\t\t\t\t\t\t<div class=\"elementor-container elementor-column-gap-default\">\n\t\t\t\t\t<div class=\"elementor-column elementor-col-100 elementor-top-column elementor-element elementor-element-6554203\" data-id=\"6554203\" data-element_type=\"column\" data-e-type=\"column\">\n\t\t\t<div class=\"elementor-widget-wrap elementor-element-populated\">\n\t\t\t\t\t\t<div class=\"elementor-element elementor-element-4239314 elementor-widget elementor-widget-text-editor\" data-id=\"4239314\" data-element_type=\"widget\" data-e-type=\"widget\" data-widget_type=\"text-editor.default\">\n\t\t\t\t<div class=\"elementor-widget-container\">\n\t\t\t\t\t\t\t\t\t<div class=\"title-featured\"><div class=\"title-wrap\"><p class=\"title \"><strong>Payment methods:<\/strong> We accept bank transfer as payment methode.<\/p><\/div><\/div>\t\t\t\t\t\t\t\t<\/div>\n\t\t\t\t<\/div>\n\t\t\t\t<div class=\"elementor-element elementor-element-56af4e1 elementor-widget elementor-widget-text-editor\" data-id=\"56af4e1\" data-element_type=\"widget\" data-e-type=\"widget\" data-widget_type=\"text-editor.default\">\n\t\t\t\t<div class=\"elementor-widget-container\">\n\t\t\t\t\t\t\t\t\t<p>We will do our best to ship the order to you as soon as possible. Orders that are placed on working days before 8:00 pm, will be processed the same day.\u00a0However, it does not always work for us to keep this up, sometimes products are not in stock or the order volume is too big too process, your order could take a little longer to be shipped.<\/p><p>We work with\u00a0&lt;strong&gt;DHL&lt;\/strong&gt;.<\/p><p>For more information, please refer to DHL website.<\/p><p>&lt;strong&gt;Note!&lt;\/strong&gt;\u00a0We are\u00a0&lt;strong&gt;not&lt;\/strong&gt;\u00a0responsible for delivering your package nor are we responsible for the damage caused by the courier. The shipping term is EXW, which means once the goods left our warehouse, it is your goods and responsible. The products will be packed as good as possible so that it will arrive safely.\u00a0Arranging the pickup yourself is still highly recommended.<\/p>\t\t\t\t\t\t\t\t<\/div>\n\t\t\t\t<\/div>\n\t\t\t\t<div class=\"elementor-element elementor-element-c2ca764 elementor-widget elementor-widget-text-editor\" data-id=\"c2ca764\" data-element_type=\"widget\" data-e-type=\"widget\" data-widget_type=\"text-editor.default\">\n\t\t\t\t<div class=\"elementor-widget-container\">\n\t\t\t\t\t\t\t\t\t<p>Please note, the shipping fee is excl. VAT and is calculated per 1 carton box of max weight of 30kg and max dimension of 120x60x50cm to a regular adres. Remote area adres will be charged extra.<\/p>\t\t\t\t\t\t\t\t<\/div>\n\t\t\t\t<\/div>\n\t\t\t\t<div class=\"elementor-element elementor-element-2e41f2c elementor-widget elementor-widget-text-editor\" data-id=\"2e41f2c\" data-element_type=\"widget\" data-e-type=\"widget\" data-widget_type=\"text-editor.default\">\n\t\t\t\t<div class=\"elementor-widget-container\">\n\t\t\t\t\t\t\t\t\t<table width=\"768\"><tbody><tr><td width=\"193\"><p><strong>Country<\/strong><\/p><\/td><td width=\"312\"><p><strong>Home \/ office address<\/strong><\/p><\/td><td width=\"263\"><p><strong>Est. Shipping time<\/strong><\/p><\/td><\/tr><tr><td width=\"193\"><p>Austria<\/p><\/td><td width=\"312\"><p>\u20ac25,50<\/p><\/td><td width=\"263\"><p>4 &#8211; 7 days<\/p><\/td><\/tr><tr><td width=\"193\"><p>Belgium<\/p><\/td><td width=\"312\"><p>\u20ac25,50<\/p><\/td><td width=\"263\"><p>4 &#8211; 7 days<\/p><\/td><\/tr><tr><td width=\"193\"><p>Bulgaria<\/p><\/td><td width=\"312\"><p>\u20ac25,50<\/p><\/td><td width=\"263\"><p>4 &#8211; 7 days<\/p><\/td><\/tr><tr><td width=\"193\"><p>Czech Republic<\/p><\/td><td width=\"312\"><p>\u20ac25,50<\/p><\/td><td width=\"263\"><p>4 &#8211; 7 days<\/p><\/td><\/tr><tr><td width=\"193\"><p>Croatia\u00a0\u00a0\u00a0\u00a0\u00a0\u00a0\u00a0\u00a0\u00a0\u00a0\u00a0\u00a0\u00a0\u00a0\u00a0\u00a0\u00a0\u00a0\u00a0\u00a0\u00a0\u00a0\u00a0\u00a0\u00a0\u00a0\u00a0\u00a0\u00a0\u00a0\u00a0\u00a0\u00a0\u00a0\u00a0<\/p><\/td><td width=\"312\"><p>\u20ac25,50<\/p><\/td><td width=\"263\"><p>4 &#8211; 7 days<\/p><\/td><\/tr><tr><td width=\"193\"><p>Cyprus\u00a0\u00a0\u00a0\u00a0\u00a0\u00a0\u00a0\u00a0\u00a0\u00a0\u00a0\u00a0\u00a0\u00a0\u00a0\u00a0\u00a0\u00a0\u00a0\u00a0\u00a0\u00a0\u00a0\u00a0\u00a0\u00a0\u00a0\u00a0\u00a0\u00a0\u00a0\u00a0\u00a0\u00a0\u00a0<\/p><\/td><td width=\"312\"><p>\u20ac25,50<\/p><\/td><td width=\"263\"><p>4 &#8211; 7 days<\/p><\/td><\/tr><tr><td width=\"193\"><p>Estonia<\/p><\/td><td width=\"312\"><p>\u20ac25,50<\/p><\/td><td width=\"263\"><p>4 &#8211; 7 days<\/p><\/td><\/tr><tr><td width=\"193\"><p>Finland<\/p><\/td><td width=\"312\"><p>\u20ac25,50<\/p><\/td><td width=\"263\"><p>4 &#8211; 7 days<\/p><\/td><\/tr><tr><td width=\"193\"><p>France<\/p><\/td><td width=\"312\"><p>\u20ac25,50<\/p><\/td><td width=\"263\"><p>4 &#8211; 7 days<\/p><\/td><\/tr><tr><td width=\"193\"><p>Germany<\/p><\/td><td width=\"312\"><p>\u20ac25,50<\/p><\/td><td width=\"263\"><p>4 &#8211; 7 days<\/p><\/td><\/tr><tr><td width=\"193\"><p>Greece<\/p><\/td><td width=\"312\"><p>\u20ac9,90<\/p><\/td><td width=\"263\"><p>2 &#8211; 3 days<\/p><\/td><\/tr><tr><td width=\"193\"><p>Hungary<\/p><\/td><td width=\"312\"><p>\u20ac25,50<\/p><\/td><td width=\"263\"><p>4 &#8211; 7 days<\/p><\/td><\/tr><tr><td width=\"193\"><p>Ireland<\/p><\/td><td width=\"312\"><p>\u20ac25,50<\/p><\/td><td width=\"263\"><p>4 &#8211; 7 days<\/p><\/td><\/tr><tr><td width=\"193\"><p>Italy<\/p><\/td><td width=\"312\"><p>\u20ac25,50<\/p><\/td><td width=\"263\"><p>4 &#8211; 7 days<\/p><\/td><\/tr><tr><td width=\"193\"><p>Latvia<\/p><\/td><td width=\"312\"><p>\u20ac25,50<\/p><\/td><td width=\"263\"><p>4 &#8211; 7 days<\/p><\/td><\/tr><tr><td width=\"193\"><p>Lithuania<\/p><\/td><td width=\"312\"><p>\u20ac25,50<\/p><\/td><td width=\"263\"><p>4 &#8211; 7 days<\/p><\/td><\/tr><tr><td width=\"193\"><p>Luxembourg<\/p><\/td><td width=\"312\"><p>\u20ac25,50<\/p><\/td><td width=\"263\"><p>4 &#8211; 7 days<\/p><\/td><\/tr><tr><td width=\"193\"><p>Poland<\/p><\/td><td width=\"312\"><p>\u20ac25,50<\/p><\/td><td width=\"263\"><p>4 &#8211; 7 days<\/p><\/td><\/tr><tr><td width=\"193\"><p>Portugal<\/p><\/td><td width=\"312\"><p>\u20ac25,50<\/p><\/td><td width=\"263\"><p>4 &#8211; 7 days<\/p><\/td><\/tr><tr><td width=\"193\"><p>Romania<\/p><\/td><td width=\"312\"><p>\u20ac25,50<\/p><\/td><td width=\"263\"><p>4 &#8211; 7 days<\/p><\/td><\/tr><tr><td width=\"193\"><p>Slovenia<\/p><\/td><td width=\"312\"><p>\u20ac25,50<\/p><\/td><td width=\"263\"><p>4 &#8211; 7 days<\/p><\/td><\/tr><tr><td width=\"193\"><p>Slovakia<\/p><\/td><td width=\"312\"><p>\u20ac25,50<\/p><\/td><td width=\"263\"><p>4 &#8211; 7 days<\/p><\/td><\/tr><tr><td width=\"193\"><p>Spain<\/p><\/td><td width=\"312\"><p>\u20ac25,50<\/p><\/td><td width=\"263\"><p>4 &#8211; 7 days<\/p><\/td><\/tr><tr><td width=\"193\"><p>Sweden<\/p><\/td><td width=\"312\"><p>\u20ac25,50<\/p><\/td><td width=\"263\"><p>4 &#8211; 7 days<\/p><\/td><\/tr><tr><td width=\"193\"><p>The Netherlands<\/p><\/td><td width=\"312\"><p>\u20ac25,50<\/p><\/td><td width=\"263\"><p>4 &#8211; 7 days<\/p><\/td><\/tr><\/tbody><\/table>\t\t\t\t\t\t\t\t<\/div>\n\t\t\t\t<\/div>\n\t\t\t\t<div class=\"elementor-element elementor-element-1dc0a74 elementor-widget elementor-widget-text-editor\" data-id=\"1dc0a74\" data-element_type=\"widget\" data-e-type=\"widget\" data-widget_type=\"text-editor.default\">\n\t\t\t\t<div class=\"elementor-widget-container\">\n\t\t\t\t\t\t\t\t\t<h4>Shipping process<\/h4><p>Healthyskinsecrets.ch shipping process is done by the following steps:<\/p><p>1 Your order is being collected\u00a0together in our warehouse<br \/>2 Your order is tidy and well packaged<br \/>3 Your order will be\u00a0picked up by our courier<br \/>4a Your order will be delivered to your shipping address specified<br \/>4b Your order will be delivered to your service point, please note! You must legitimize yourself.<\/p><p>Check immediately after receipt of the order if it is undamaged and complete. If it is not the case, we kindly ask you to contact us as soon as possible to report this.<\/p>\t\t\t\t\t\t\t\t<\/div>\n\t\t\t\t<\/div>\n\t\t\t\t<div class=\"elementor-element elementor-element-be4f6f1 elementor-widget elementor-widget-text-editor\" data-id=\"be4f6f1\" data-element_type=\"widget\" data-e-type=\"widget\" data-widget_type=\"text-editor.default\">\n\t\t\t\t<div class=\"elementor-widget-container\">\n\t\t\t\t\t\t\t\t\t<h4>I have not received a shipping receipt<\/h4><p>It is possible that your spam filter is active and is filtering our shipping receipt. We recommend that you check your spam filter settings and, if necessary, adjust them.<\/p>\t\t\t\t\t\t\t\t<\/div>\n\t\t\t\t<\/div>\n\t\t\t\t<div class=\"elementor-element elementor-element-b056e42 elementor-widget elementor-widget-text-editor\" data-id=\"b056e42\" data-element_type=\"widget\" data-e-type=\"widget\" data-widget_type=\"text-editor.default\">\n\t\t\t\t<div class=\"elementor-widget-container\">\n\t\t\t\t\t\t\t\t\t<h4>Missing items<\/h4><p>In case you have ordered one or more items, but have not received these items, please contact us, we will be happy to assist you.<\/p>\t\t\t\t\t\t\t\t<\/div>\n\t\t\t\t<\/div>\n\t\t\t\t<div class=\"elementor-element elementor-element-cf60378 elementor-widget elementor-widget-text-editor\" data-id=\"cf60378\" data-element_type=\"widget\" data-e-type=\"widget\" data-widget_type=\"text-editor.default\">\n\t\t\t\t<div class=\"elementor-widget-container\">\n\t\t\t\t\t\t\t\t\t<h4>Wrong article received<\/h4><p>In case you have received one or more items that you have not ordered, please contact us and we will be happy to assist you.<\/p>\t\t\t\t\t\t\t\t<\/div>\n\t\t\t\t<\/div>\n\t\t\t\t<div class=\"elementor-element elementor-element-1f99c2d elementor-widget elementor-widget-text-editor\" data-id=\"1f99c2d\" data-element_type=\"widget\" data-e-type=\"widget\" data-widget_type=\"text-editor.default\">\n\t\t\t\t<div class=\"elementor-widget-container\">\n\t\t\t\t\t\t\t\t\t<h4>Filled in wrong address<\/h4><p>Filled in a wrong address? Please contact us as soon as possible, mostly we can still change this. If the package is already underway with the delivery, unfortunately we cannot do anything anymore. Please keep us informed, we will do everything we can to get the package delivered.<\/p><p>If the package has returned to us, it is possible to resend the package. The shipping costs for resending will be charged. When canceling a returned shipment due to incorrect address, we will refund the amount exclude shipping fee.<\/p>\t\t\t\t\t\t\t\t<\/div>\n\t\t\t\t<\/div>\n\t\t\t\t<div class=\"elementor-element elementor-element-3c4fa93 elementor-widget elementor-widget-text-editor\" data-id=\"3c4fa93\" data-element_type=\"widget\" data-e-type=\"widget\" data-widget_type=\"text-editor.default\">\n\t\t\t\t<div class=\"elementor-widget-container\">\n\t\t\t\t\t\t\t\t\t<h4>Return<\/h4><p>You are entitled\u00a0to cancel your order up to 14 days after receipt without notice, provided that the seal is not broken.\u00a0If the seal is broken, your order is final and can not be returned.\u00a0If you use your right of cancellation, you will have 14 days to cancel your product after cancellation. You will then be credited with the full order amount including shipping costs.\u00a0<strong>Only the costs for returning from your address to us are for your own account.<\/strong>\u00a0If you use your right of withdrawal, the product will be returned to the vendor in the original condition and packaging with all supplied accessories and &#8211; if reasonably possible. To use this right, you can contact us at\u00a0<a href=\"mailto:%20info@healthyskinsecrets.ch\">info@healthyskinsecrets.ch<\/a>.\u00a0We will then refund the order amount due within 14 days after registration of your return, provided that the product has already been returned in good order.<\/p>\t\t\t\t\t\t\t\t<\/div>\n\t\t\t\t<\/div>\n\t\t\t\t\t<\/div>\n\t\t<\/div>\n\t\t\t\t\t<\/div>\n\t\t<\/section>\n\t\t\t\t<\/div>\n\t\t","protected":false},"excerpt":{"rendered":"<p>Zahlungsmethoden, Versand und R\u00fccksendungen Zahlungsmethoden: Wir akzeptieren Bank\u00fcberweisung als Zahlungsmethode. Wir werden unser Bestes tun, um die Bestellung so schnell wie m\u00f6glich an Sie zu versenden. Bestellungen, die werktags vor 20:00 Uhr aufgegeben werden, werden noch am selben Tag bearbeitet. Es funktioniert jedoch nicht immer f\u00fcr uns, dies aufrechtzuerhalten. Manchmal sind Produkte nicht auf Lager [&hellip;]<\/p>\n","protected":false},"author":1,"featured_media":0,"parent":0,"menu_order":0,"comment_status":"closed","ping_status":"closed","template":"","meta":{"content-type":"","site-sidebar-layout":"no-sidebar","site-content-layout":"page-builder","ast-site-content-layout":"default","site-content-style":"default","site-sidebar-style":"default","ast-global-header-display":"","ast-banner-title-visibility":"","ast-main-header-display":"","ast-hfb-above-header-display":"","ast-hfb-below-header-display":"","ast-hfb-mobile-header-display":"","site-post-title":"disabled","ast-breadcrumbs-content":"","ast-featured-img":"disabled","footer-sml-layout":"","ast-disable-related-posts":"","theme-transparent-header-meta":"default","adv-header-id-meta":"","stick-header-meta":"","header-above-stick-meta":"","header-main-stick-meta":"","header-below-stick-meta":"","astra-migrate-meta-layouts":"default","ast-page-background-enabled":"default","ast-page-background-meta":{"desktop":{"background-color":"","background-image":"","background-repeat":"repeat","background-position":"center center","background-size":"auto","background-attachment":"scroll","background-type":"","background-media":"","overlay-type":"","overlay-color":"","overlay-opacity":"","overlay-gradient":""},"tablet":{"background-color":"","background-image":"","background-repeat":"repeat","background-position":"center center","background-size":"auto","background-attachment":"scroll","background-type":"","background-media":"","overlay-type":"","overlay-color":"","overlay-opacity":"","overlay-gradient":""},"mobile":{"background-color":"","background-image":"","background-repeat":"repeat","background-position":"center center","background-size":"auto","background-attachment":"scroll","background-type":"","background-media":"","overlay-type":"","overlay-color":"","overlay-opacity":"","overlay-gradient":""}},"ast-content-background-meta":{"desktop":{"background-color":"var(--ast-global-color-5)","background-image":"","background-repeat":"repeat","background-position":"center center","background-size":"auto","background-attachment":"scroll","background-type":"","background-media":"","overlay-type":"","overlay-color":"","overlay-opacity":"","overlay-gradient":""},"tablet":{"background-color":"var(--ast-global-color-5)","background-image":"","background-repeat":"repeat","background-position":"center center","background-size":"auto","background-attachment":"scroll","background-type":"","background-media":"","overlay-type":"","overlay-color":"","overlay-opacity":"","overlay-gradient":""},"mobile":{"background-color":"var(--ast-global-color-5)","background-image":"","background-repeat":"repeat","background-position":"center center","background-size":"auto","background-attachment":"scroll","background-type":"","background-media":"","overlay-type":"","overlay-color":"","overlay-opacity":"","overlay-gradient":""}},"footnotes":""},"class_list":["post-1213","page","type-page","status-publish","hentry"],"_links":{"self":[{"href":"https:\/\/healthyskinsecrets.ch\/en\/wp-json\/wp\/v2\/pages\/1213","targetHints":{"allow":["GET"]}}],"collection":[{"href":"https:\/\/healthyskinsecrets.ch\/en\/wp-json\/wp\/v2\/pages"}],"about":[{"href":"https:\/\/healthyskinsecrets.ch\/en\/wp-json\/wp\/v2\/types\/page"}],"author":[{"embeddable":true,"href":"https:\/\/healthyskinsecrets.ch\/en\/wp-json\/wp\/v2\/users\/1"}],"replies":[{"embeddable":true,"href":"https:\/\/healthyskinsecrets.ch\/en\/wp-json\/wp\/v2\/comments?post=1213"}],"version-history":[{"count":26,"href":"https:\/\/healthyskinsecrets.ch\/en\/wp-json\/wp\/v2\/pages\/1213\/revisions"}],"predecessor-version":[{"id":11303,"href":"https:\/\/healthyskinsecrets.ch\/en\/wp-json\/wp\/v2\/pages\/1213\/revisions\/11303"}],"wp:attachment":[{"href":"https:\/\/healthyskinsecrets.ch\/en\/wp-json\/wp\/v2\/media?parent=1213"}],"curies":[{"name":"wp","href":"https:\/\/api.w.org\/{rel}","templated":true}]}}